{"id":9792,"date":"2022-01-26T18:17:09","date_gmt":"2022-01-26T18:17:09","guid":{"rendered":"https:\/\/www.smart-pricer.com\/case-studies-und-white-papers\/fallbeispiel-kino\/"},"modified":"2022-01-26T18:20:41","modified_gmt":"2022-01-26T18:20:41","slug":"fallbeispiel-kino","status":"publish","type":"page","link":"https:\/\/www.smart-pricer.com\/de\/case-studies-und-white-papers\/fallbeispiel-kino\/","title":{"rendered":"Fallbeispiel Kino"},"content":{"rendered":"<p>[et_pb_section fb_built=&#8220;1&#8243; _builder_version=&#8220;3.14&#8243; use_background_color_gradient=&#8220;on&#8220; background_color_gradient_start=&#8220;#093c50&#8243; background_color_gradient_end=&#8220;rgba(21,147,195,0.5)&#8220; background_color_gradient_direction=&#8220;135deg&#8220; box_shadow_style=&#8220;preset1&#8243; custom_padding=&#8220;88px|0px|0|0px|false|false&#8220; bottom_divider_style=&#8220;ramp2&#8243; bottom_divider_color=&#8220;#107095&#8243; bottom_divider_flip=&#8220;horizontal&#8220;][et_pb_row padding_1_tablet=&#8220;40px|||&#8220; padding_1_phone=&#8220;30px|||&#8220; padding_1_last_edited=&#8220;off|desktop&#8220; _builder_version=&#8220;3.14&#8243;][et_pb_column type=&#8220;3_5&#8243; _builder_version=&#8220;3.0.47&#8243; padding_phone=&#8220;30px|||&#8220; padding_tablet=&#8220;40px|||&#8220; padding_last_edited=&#8220;off|desktop&#8220; parallax=&#8220;off&#8220; parallax_method=&#8220;on&#8220;][et_pb_text _builder_version=&#8220;3.17.2&#8243; text_font_size=&#8220;18px&#8220; text_line_height=&#8220;2em&#8220; header_font_size=&#8220;46px&#8220; header_letter_spacing=&#8220;1px&#8220; header_line_height=&#8220;1.5em&#8220; header_text_shadow_style=&#8220;preset2&#8243; background_layout=&#8220;dark&#8220; custom_margin=&#8220;||10px|&#8220;]<\/p>\n<h1>Case Study: Preisoptimierung in der Kinobranche<\/h1>\n<p>[\/et_pb_text][et_pb_divider color=&#8220;#23b1e8&#8243; divider_position=&#8220;center&#8220; divider_weight=&#8220;6px&#8220; _builder_version=&#8220;3.12.1&#8243; max_width=&#8220;40px&#8220; module_alignment=&#8220;left&#8220; saved_tabs=&#8220;all&#8220;][\/et_pb_divider][et_pb_text _builder_version=&#8220;3.17.2&#8243; text_font=&#8220;|600|||||||&#8220; text_font_size=&#8220;18px&#8220; header_font=&#8220;||||||||&#8220; header_font_size=&#8220;43px&#8220; header_line_height=&#8220;1.4em&#8220; background_layout=&#8220;dark&#8220; max_width=&#8220;600px&#8220; module_alignment=&#8220;left&#8220;]In dieser Kino-Fallstudie haben wir die Nachfrageprognose und Preisoptimierung in einem europ\u00e4ischen Kino untersucht. Zu den Ausgangsfragen f\u00fcr den Ansatz geh\u00f6rten: Wie k\u00f6nnen wir die Ticketeinnahmen steigern, ohne Kunden zu verlieren? Was k\u00f6nnen wir tun, um den Online-Verkauf zu f\u00f6rdern? Wie k\u00f6nnen wir die Nachfrage ankurbeln?<br \/>\n[\/et_pb_text][et_pb_button button_url=&#8220;https:\/\/www.smart-pricer.com\/wp-content\/uploads\/Demand-Forecasting-and-Price-Optimization.pdf&#8220; url_new_window=&#8220;on&#8220; button_text=&#8220;Studie herunterladen (auf englisch)&#8220; _builder_version=&#8220;3.17.2&#8243; button_icon=&#8220;%%3%%&#8220; box_shadow_style=&#8220;preset3&#8243; custom_margin=&#8220;|||&#8220; locked=&#8220;off&#8220; button_text_size__hover_enabled=&#8220;off&#8220; button_one_text_size__hover_enabled=&#8220;off&#8220; button_two_text_size__hover_enabled=&#8220;off&#8220; button_text_color__hover_enabled=&#8220;off&#8220; button_one_text_color__hover_enabled=&#8220;off&#8220; button_two_text_color__hover_enabled=&#8220;off&#8220; button_border_width__hover_enabled=&#8220;off&#8220; button_one_border_width__hover_enabled=&#8220;off&#8220; button_two_border_width__hover_enabled=&#8220;off&#8220; button_border_color__hover_enabled=&#8220;off&#8220; button_one_border_color__hover_enabled=&#8220;off&#8220; button_two_border_color__hover_enabled=&#8220;off&#8220; button_border_radius__hover_enabled=&#8220;off&#8220; button_one_border_radius__hover_enabled=&#8220;off&#8220; button_two_border_radius__hover_enabled=&#8220;off&#8220; button_letter_spacing__hover_enabled=&#8220;off&#8220; button_one_letter_spacing__hover_enabled=&#8220;off&#8220; button_two_letter_spacing__hover_enabled=&#8220;off&#8220; button_bg_color__hover_enabled=&#8220;off&#8220; button_one_bg_color__hover_enabled=&#8220;off&#8220; button_two_bg_color__hover_enabled=&#8220;off&#8220;][\/et_pb_button][et_pb_text _builder_version=&#8220;3.17.2&#8243; text_font=&#8220;||||||||&#8220; text_text_color=&#8220;#e2eefb&#8220; text_font_size=&#8220;14px&#8220; background_layout=&#8220;dark&#8220; custom_margin=&#8220;||50px|&#8220;]<\/p>\n<p><a href=\"https:\/\/www.smart-pricer.com\/de\/case-studies-und-white-papers\/\">Zur\u00fcck zu allen Dokumenten<\/a><\/p>\n<p>[\/et_pb_text][\/et_pb_column][et_pb_column type=&#8220;2_5&#8243; _builder_version=&#8220;3.0.47&#8243; parallax=&#8220;off&#8220; parallax_method=&#8220;on&#8220;][et_pb_image src=&#8220;https:\/\/www.smart-pricer.com\/wp-content\/uploads\/Case-Study-Cover-EN.jpg&#8220; alt=&#8220;Fallbeispiel Kino&#8220; title_text=&#8220;Fallbeispiel Kino&#8220; url=&#8220;https:\/\/www.smart-pricer.com\/wp-content\/uploads\/Demand-Forecasting-and-Price-Optimization.pdf&#8220; url_new_window=&#8220;on&#8220; module_class=&#8220;box-shadow-light&#8220; _builder_version=&#8220;3.17.2&#8243; max_width=&#8220;350px&#8220; module_alignment=&#8220;left&#8220;][\/et_pb_image][\/et_pb_column][\/et_pb_row][\/et_pb_section][et_pb_section fb_built=&#8220;1&#8243; _builder_version=&#8220;3.14&#8243; background_color_gradient_direction=&#8220;90deg&#8220; custom_padding=&#8220;47px|0px|59px|0px|false|false&#8220;][et_pb_row custom_padding=&#8220;||2px||false|false&#8220; admin_label=&#8220;Title Area&#8220; _builder_version=&#8220;3.0.92&#8243;][et_pb_column type=&#8220;1_2&#8243; _builder_version=&#8220;3.0.47&#8243; parallax=&#8220;off&#8220; parallax_method=&#8220;on&#8220;][et_pb_text admin_label=&#8220;Title&#8220; _builder_version=&#8220;3.14&#8243; text_font=&#8220;||||||||&#8220; text_font_size=&#8220;17px&#8220; header_font=&#8220;||||||||&#8220; header_2_font=&#8220;||||||||&#8220; module_alignment=&#8220;center&#8220; custom_margin=&#8220;||10px|&#8220; animation_direction=&#8220;top&#8220;]<\/p>\n<h2>Projekt Zusammenfassung<\/h2>\n<p>[\/et_pb_text][et_pb_text _builder_version=&#8220;3.17.2&#8243;]Durch die Einf\u00fchrung einer dynamischen Preisgestaltung gehen wir \u00fcber die traditionellen Ans\u00e4tze hinaus. Dies f\u00fchrt zu h\u00f6heren Umsatzsteigerungen. Schlie\u00dflich gibt das Smart Pricer&#8217;s Tool eine Antwort auf die beiden Schl\u00fcsselfragen: Wie viele Besucher werden kommen und was ist der richtige Preismix f\u00fcr jede Vorstellung. Wir bieten drei Optionen f\u00fcr die Implementierung dynamischer Preise in Kinos: Dynamische Ticketpreise, neue Ticketarten und dynamische Preiskategorien.<br \/>\n[\/et_pb_text][et_pb_text admin_label=&#8220;Title&#8220; _builder_version=&#8220;3.14&#8243; text_font=&#8220;||||||||&#8220; text_font_size=&#8220;17px&#8220; header_font=&#8220;||||||||&#8220; header_2_font=&#8220;||||||||&#8220; module_alignment=&#8220;center&#8220; custom_margin=&#8220;||10px|&#8220; animation_direction=&#8220;top&#8220;]<\/p>\n<h2>Unsere Strategie<\/h2>\n<p>[\/et_pb_text][et_pb_text _builder_version=&#8220;3.17.2&#8243;]Wir haben uns auf die dynamische Optimierung konzentriert. Dies beinhaltet eine automatische Nachfrageprognose pro Show, eine optimierte Preisgestaltung in Echtzeit und die Ber\u00fccksichtigung verschiedener Nachfragetreiber, wie z. B.:<br \/>\n[\/et_pb_text][\/et_pb_column][et_pb_column type=&#8220;1_2&#8243; _builder_version=&#8220;3.0.47&#8243; parallax=&#8220;off&#8220; parallax_method=&#8220;on&#8220;][et_pb_text admin_label=&#8220;Title&#8220; _builder_version=&#8220;3.14&#8243; text_font=&#8220;||||||||&#8220; text_font_size=&#8220;17px&#8220; header_font=&#8220;||||||||&#8220; header_2_font=&#8220;||||||||&#8220; module_alignment=&#8220;center&#8220; custom_margin=&#8220;||10px|&#8220; animation_direction=&#8220;top&#8220;]<\/p>\n<h2>Bewiesene Ergebnisse<\/h2>\n<p>[\/et_pb_text][et_pb_blurb title=&#8220;+5% Umsatzsteigerung bei einer Veranstaltung mit geringer Besucherzahl&#8220; use_icon=&#8220;on&#8220; font_icon=&#8220;%%45%%&#8220; icon_placement=&#8220;left&#8220; use_icon_font_size=&#8220;on&#8220; icon_font_size=&#8220;28px&#8220; _builder_version=&#8220;3.14&#8243; header_font=&#8220;||||||||&#8220; body_font=&#8220;||||||||&#8220; custom_margin=&#8220;|||&#8220;] Durch die Verlagerung der Nachfrage mit attraktiven Preisen auf diese Messen und die daraus resultierende Steigerung des Gesamtumsatzes. [\/et_pb_blurb][et_pb_blurb title=&#8220;+10% Umsatzsteigerung f\u00fcr publikumsstarke Show&#8220; use_icon=&#8220;on&#8220; font_icon=&#8220;%%45%%&#8220; icon_placement=&#8220;left&#8220; use_icon_font_size=&#8220;on&#8220; icon_font_size=&#8220;28px&#8220; _builder_version=&#8220;3.14&#8243; header_font=&#8220;||||||||&#8220; body_font=&#8220;||||||||&#8220; custom_margin=&#8220;|||&#8220;] Durch Ausnutzung der Preisunempfindlichkeit spontaner Kinobesucher mit h\u00f6heren Eintrittspreisen. [\/et_pb_blurb][et_pb_blurb title=&#8220;Konstante Besucherzahlen im Vergleich zu den Benchmark-Theatern&#8220; use_icon=&#8220;on&#8220; font_icon=&#8220;%%45%%&#8220; icon_placement=&#8220;left&#8220; use_icon_font_size=&#8220;on&#8220; icon_font_size=&#8220;28px&#8220; _builder_version=&#8220;3.14&#8243; header_font=&#8220;||||||||&#8220; body_font=&#8220;||||||||&#8220; custom_margin=&#8220;|||&#8220;] Durch eine konstante Anzahl von Beschwerden und einen konstanten Net Promoter Score. [\/et_pb_blurb][\/et_pb_column][\/et_pb_row][\/et_pb_section]<\/p>\n","protected":false},"excerpt":{"rendered":"<p>Case Study: Preisoptimierung in der KinobrancheIn dieser Kino-Fallstudie haben wir die Nachfrageprognose und Preisoptimierung in einem europ\u00e4ischen Kino untersucht. Zu den Ausgangsfragen f\u00fcr den Ansatz geh\u00f6rten: Wie k\u00f6nnen wir die Ticketeinnahmen steigern, ohne Kunden zu verlieren? Was k\u00f6nnen wir tun, um den Online-Verkauf zu f\u00f6rdern? Wie k\u00f6nnen wir die Nachfrage ankurbeln? Zur\u00fcck zu allen Dokumenten [&hellip;]<\/p>\n","protected":false},"author":2,"featured_media":1716,"parent":2439,"menu_order":0,"comment_status":"closed","ping_status":"closed","template":"","meta":{"_et_pb_use_builder":"on","_et_pb_old_content":"","_et_gb_content_width":"","inline_featured_image":false,"footnotes":""},"class_list":["post-9792","page","type-page","status-publish","has-post-thumbnail","hentry"],"_links":{"self":[{"href":"https:\/\/www.smart-pricer.com\/de\/wp-json\/wp\/v2\/pages\/9792","targetHints":{"allow":["GET"]}}],"collection":[{"href":"https:\/\/www.smart-pricer.com\/de\/wp-json\/wp\/v2\/pages"}],"about":[{"href":"https:\/\/www.smart-pricer.com\/de\/wp-json\/wp\/v2\/types\/page"}],"author":[{"embeddable":true,"href":"https:\/\/www.smart-pricer.com\/de\/wp-json\/wp\/v2\/users\/2"}],"replies":[{"embeddable":true,"href":"https:\/\/www.smart-pricer.com\/de\/wp-json\/wp\/v2\/comments?post=9792"}],"version-history":[{"count":7,"href":"https:\/\/www.smart-pricer.com\/de\/wp-json\/wp\/v2\/pages\/9792\/revisions"}],"predecessor-version":[{"id":9904,"href":"https:\/\/www.smart-pricer.com\/de\/wp-json\/wp\/v2\/pages\/9792\/revisions\/9904"}],"up":[{"embeddable":true,"href":"https:\/\/www.smart-pricer.com\/de\/wp-json\/wp\/v2\/pages\/2439"}],"wp:featuredmedia":[{"embeddable":true,"href":"https:\/\/www.smart-pricer.com\/de\/wp-json\/wp\/v2\/media\/1716"}],"wp:attachment":[{"href":"https:\/\/www.smart-pricer.com\/de\/wp-json\/wp\/v2\/media?parent=9792"}],"curies":[{"name":"wp","href":"https:\/\/api.w.org\/{rel}","templated":true}]}}