{"id":9789,"date":"2018-10-18T14:09:50","date_gmt":"2018-10-18T14:09:50","guid":{"rendered":"https:\/\/www.smart-pricer.com\/case-studies-und-white-papers\/case-study-cinema-park-formula-kino\/"},"modified":"2022-01-26T21:20:35","modified_gmt":"2022-01-26T21:20:35","slug":"case-study-cinema-park-formula-kino","status":"publish","type":"page","link":"https:\/\/www.smart-pricer.com\/de\/case-studies-und-white-papers\/case-study-cinema-park-formula-kino\/","title":{"rendered":"Fallstudie Kinopark Formula Kino"},"content":{"rendered":"<p>[et_pb_section fb_built=&#8220;1&#8243; _builder_version=&#8220;3.14&#8243; use_background_color_gradient=&#8220;on&#8220; background_color_gradient_start=&#8220;#093c50&#8243; background_color_gradient_end=&#8220;rgba(21,147,195,0.5)&#8220; background_color_gradient_direction=&#8220;135deg&#8220; box_shadow_style=&#8220;preset1&#8243; custom_padding=&#8220;88px|0px|0|0px|false|false&#8220; bottom_divider_style=&#8220;ramp2&#8243; bottom_divider_color=&#8220;#107095&#8243; bottom_divider_flip=&#8220;horizontal&#8220;][et_pb_row padding_1_tablet=&#8220;40px|||&#8220; padding_1_phone=&#8220;30px|||&#8220; padding_1_last_edited=&#8220;off|desktop&#8220; _builder_version=&#8220;3.14&#8243;][et_pb_column type=&#8220;3_5&#8243; _builder_version=&#8220;3.0.47&#8243; padding_phone=&#8220;30px|||&#8220; padding_tablet=&#8220;40px|||&#8220; padding_last_edited=&#8220;off|desktop&#8220; parallax=&#8220;off&#8220; parallax_method=&#8220;on&#8220;][et_pb_text _builder_version=&#8220;3.15&#8243; text_font_size=&#8220;18px&#8220; text_line_height=&#8220;2em&#8220; header_font_size=&#8220;46px&#8220; header_letter_spacing=&#8220;1px&#8220; header_line_height=&#8220;1.5em&#8220; header_text_shadow_style=&#8220;preset2&#8243; background_layout=&#8220;dark&#8220; custom_margin=&#8220;||10px|&#8220;]<\/p>\n<h1>Case Study: Einf\u00fchrung der dynamischen Preisgestaltung im Cinema Park Formula Kino<\/h1>\n<p>[\/et_pb_text][et_pb_divider color=&#8220;#23b1e8&#8243; divider_position=&#8220;center&#8220; divider_weight=&#8220;6px&#8220; _builder_version=&#8220;3.12.1&#8243; max_width=&#8220;40px&#8220; module_alignment=&#8220;left&#8220; saved_tabs=&#8220;all&#8220;][\/et_pb_divider][et_pb_text _builder_version=&#8220;3.17.2&#8243; text_font=&#8220;|600|||||||&#8220; text_font_size=&#8220;18px&#8220; header_font=&#8220;||||||||&#8220; header_font_size=&#8220;43px&#8220; header_line_height=&#8220;1.4em&#8220; background_layout=&#8220;dark&#8220; max_width=&#8220;600px&#8220; module_alignment=&#8220;left&#8220;]In dieser Fallstudie beschreiben wir die schrittweise Implementierung unserer Dynamic Pricing-L\u00f6sung f\u00fcr die gr\u00f6\u00dfte Kinokette Russlands, Cinema Park. Viele Grafiken und Bilder helfen, die verschiedenen Phasen einer korrekten Implementierung zu verstehen. Erfahren Sie mehr \u00fcber den Erfolg unserer L\u00f6sungen, indem Sie diese Fallstudie herunterladen.<br \/>\n[\/et_pb_text][et_pb_button button_url=&#8220;https:\/\/www.smart-pricer.com\/wp-content\/uploads\/Case-Study-Cinema-Park-Formulation-Kino.pdf&#8220; url_new_window=&#8220;on&#8220; button_text=&#8220;Herunterladen (englisch)&#8220; _builder_version=&#8220;3.17.2&#8243; button_icon=&#8220;%%3%%&#8220; box_shadow_style=&#8220;preset3&#8243; custom_margin=&#8220;|||&#8220; locked=&#8220;off&#8220; button_text_size__hover_enabled=&#8220;off&#8220; button_one_text_size__hover_enabled=&#8220;off&#8220; button_two_text_size__hover_enabled=&#8220;off&#8220; button_text_color__hover_enabled=&#8220;off&#8220; button_one_text_color__hover_enabled=&#8220;off&#8220; button_two_text_color__hover_enabled=&#8220;off&#8220; button_border_width__hover_enabled=&#8220;off&#8220; button_one_border_width__hover_enabled=&#8220;off&#8220; button_two_border_width__hover_enabled=&#8220;off&#8220; button_border_color__hover_enabled=&#8220;off&#8220; button_one_border_color__hover_enabled=&#8220;off&#8220; button_two_border_color__hover_enabled=&#8220;off&#8220; button_border_radius__hover_enabled=&#8220;off&#8220; button_one_border_radius__hover_enabled=&#8220;off&#8220; button_two_border_radius__hover_enabled=&#8220;off&#8220; button_letter_spacing__hover_enabled=&#8220;off&#8220; button_one_letter_spacing__hover_enabled=&#8220;off&#8220; button_two_letter_spacing__hover_enabled=&#8220;off&#8220; button_bg_color__hover_enabled=&#8220;off&#8220; button_one_bg_color__hover_enabled=&#8220;off&#8220; button_two_bg_color__hover_enabled=&#8220;off&#8220;][\/et_pb_button][et_pb_text _builder_version=&#8220;3.17.2&#8243; text_font=&#8220;||||||||&#8220; text_text_color=&#8220;#e2eefb&#8220; text_font_size=&#8220;14px&#8220; background_layout=&#8220;dark&#8220; custom_margin=&#8220;||50px|&#8220;]<\/p>\n<p><a href=\"https:\/\/www.smart-pricer.com\/de\/case-studies-und-white-papers\/\">Zur\u00fcck zu allen Dokumenten<\/a><\/p>\n<p>[\/et_pb_text][\/et_pb_column][et_pb_column type=&#8220;2_5&#8243; _builder_version=&#8220;3.0.47&#8243; parallax=&#8220;off&#8220; parallax_method=&#8220;on&#8220;][et_pb_image src=&#8220;https:\/\/www.smart-pricer.com\/wp-content\/uploads\/Cinema-Park-Case-Study-Cover.png&#8220; alt=&#8220;Fallstudie Kinopark&#8220; title_text=&#8220;Fallstudie Kinopark&#8220; url=&#8220;https:\/\/www.smart-pricer.com\/wp-content\/uploads\/Case-Study-Cinema-Park-Formulation-Kino.pdf&#8220; url_new_window=&#8220;on&#8220; module_class=&#8220;box-shadow-light&#8220; _builder_version=&#8220;3.17.2&#8243; max_width=&#8220;350px&#8220; module_alignment=&#8220;left&#8220;][\/et_pb_image][\/et_pb_column][\/et_pb_row][\/et_pb_section][et_pb_section fb_built=&#8220;1&#8243; _builder_version=&#8220;3.14&#8243; background_color_gradient_direction=&#8220;90deg&#8220; custom_padding=&#8220;88px|0px|0|0px|false|false&#8220;][et_pb_row custom_padding=&#8220;||70px||false|false&#8220; admin_label=&#8220;Title Area&#8220; _builder_version=&#8220;3.0.92&#8243;][et_pb_column type=&#8220;1_2&#8243; _builder_version=&#8220;3.0.47&#8243; parallax=&#8220;off&#8220; parallax_method=&#8220;on&#8220;][et_pb_text admin_label=&#8220;Title&#8220; _builder_version=&#8220;3.14&#8243; text_font=&#8220;||||||||&#8220; text_font_size=&#8220;17px&#8220; header_font=&#8220;||||||||&#8220; header_2_font=&#8220;||||||||&#8220; module_alignment=&#8220;center&#8220; custom_margin=&#8220;||10px|&#8220; animation_direction=&#8220;top&#8220;]<\/p>\n<h2>Zusammenfassung des Projekts<\/h2>\n<p>[\/et_pb_text][et_pb_text _builder_version=&#8220;3.15&#8243;]Cinema Park Formula Kino ist Russlands Kinokette Nummer 1. Wir haben ihre Ticketing-Daten analysiert und unsere Preissoftware in das Ticketing-System integriert, um einen allgemeinen Anstieg des durchschnittlichen Ticketpreises zu erreichen.<br \/>\n[\/et_pb_text][et_pb_text admin_label=&#8220;Title&#8220; _builder_version=&#8220;3.14&#8243; text_font=&#8220;||||||||&#8220; text_font_size=&#8220;17px&#8220; header_font=&#8220;||||||||&#8220; header_2_font=&#8220;||||||||&#8220; module_alignment=&#8220;center&#8220; custom_margin=&#8220;||10px|&#8220; animation_direction=&#8220;top&#8220;]<\/p>\n<h2>Unsere Strategie<\/h2>\n<p>[\/et_pb_text][et_pb_text _builder_version=&#8220;3.15&#8243;]Das Projekt gliederte sich in drei Hauptschritte, in denen wir unsere Preisoptimierungsl\u00f6sung an den Standorten in Russland implementierten. Die neue Preisstrategie zielt darauf ab, die Echtzeit-Nachfrage zu reflektieren, um das Ticketpreis-Potenzial f\u00fcr jede Show zu nutzen.<br \/>\n[\/et_pb_text][\/et_pb_column][et_pb_column type=&#8220;1_2&#8243; _builder_version=&#8220;3.0.47&#8243; parallax=&#8220;off&#8220; parallax_method=&#8220;on&#8220;][et_pb_text admin_label=&#8220;Title&#8220; _builder_version=&#8220;3.14&#8243; text_font=&#8220;||||||||&#8220; text_font_size=&#8220;17px&#8220; header_font=&#8220;||||||||&#8220; header_2_font=&#8220;||||||||&#8220; module_alignment=&#8220;center&#8220; custom_margin=&#8220;||10px|&#8220; animation_direction=&#8220;top&#8220;]<\/p>\n<h2>Nachgewiesene Ergebnisse<\/h2>\n<p>[\/et_pb_text][et_pb_blurb title=&#8220;+Erh\u00f6hung des durchschnittlichen Ticketpreises um 5 %&#8220; use_icon=&#8220;on&#8220; font_icon=&#8220;%%45%%&#8220; icon_placement=&#8220;left&#8220; use_icon_font_size=&#8220;on&#8220; icon_font_size=&#8220;28px&#8220; _builder_version=&#8220;3.17.2&#8243; header_font=&#8220;||||||||&#8220; body_font=&#8220;||||||||&#8220; custom_margin=&#8220;|||&#8220;]Erstens durch die Erh\u00f6hung der Nachfrage nach Veranstaltungen au\u00dferhalb der Spitzenzeiten und die Nutzung von Veranstaltungen in den Spitzenzeiten.<br \/>\n[\/et_pb_blurb][et_pb_blurb title=&#8220;+5% Wachstum des Online-Anteils &#8220; use_icon=&#8220;on&#8220; font_icon=&#8220;%%45%%&#8220; icon_placement=&#8220;left&#8220; use_icon_font_size=&#8220;on&#8220; icon_font_size=&#8220;28px&#8220; _builder_version=&#8220;3.17.2&#8243; custom_margin=&#8220;|||&#8220;]Zweitens durch Anreize f\u00fcr Online-Verk\u00e4ufe mit attraktiven Preisen.<br \/>\n[\/et_pb_blurb][et_pb_blurb title=&#8220;Lastfaktoren bleiben konstant&#8220; use_icon=&#8220;on&#8220; font_icon=&#8220;%%45%%&#8220; icon_placement=&#8220;left&#8220; use_icon_font_size=&#8220;on&#8220; icon_font_size=&#8220;28px&#8220; _builder_version=&#8220;3.17.2&#8243; header_font=&#8220;||||||||&#8220; body_font=&#8220;||||||||&#8220; custom_margin=&#8220;|||&#8220;]Drittens: Berechnung des optimalen Ticketpreises f\u00fcr jede Show zu jeder Zeit.<br \/>\n[\/et_pb_blurb][\/et_pb_column][\/et_pb_row][\/et_pb_section]<\/p>\n","protected":false},"excerpt":{"rendered":"<p>Case Study: Einf\u00fchrung der dynamischen Preisgestaltung im Cinema Park Formula Kino In dieser Fallstudie beschreiben wir die schrittweise Implementierung unserer Dynamic Pricing-L\u00f6sung f\u00fcr die gr\u00f6\u00dfte Kinokette Russlands, Cinema Park. Viele Grafiken und Bilder helfen, die verschiedenen Phasen einer korrekten Implementierung zu verstehen. Erfahren Sie mehr \u00fcber den Erfolg unserer L\u00f6sungen, indem Sie diese Fallstudie herunterladen. [&hellip;]<\/p>\n","protected":false},"author":1,"featured_media":2802,"parent":2439,"menu_order":0,"comment_status":"closed","ping_status":"closed","template":"","meta":{"_et_pb_use_builder":"on","_et_pb_old_content":"","_et_gb_content_width":"","inline_featured_image":false,"footnotes":""},"class_list":["post-9789","page","type-page","status-publish","has-post-thumbnail","hentry"],"_links":{"self":[{"href":"https:\/\/www.smart-pricer.com\/de\/wp-json\/wp\/v2\/pages\/9789","targetHints":{"allow":["GET"]}}],"collection":[{"href":"https:\/\/www.smart-pricer.com\/de\/wp-json\/wp\/v2\/pages"}],"about":[{"href":"https:\/\/www.smart-pricer.com\/de\/wp-json\/wp\/v2\/types\/page"}],"author":[{"embeddable":true,"href":"https:\/\/www.smart-pricer.com\/de\/wp-json\/wp\/v2\/users\/1"}],"replies":[{"embeddable":true,"href":"https:\/\/www.smart-pricer.com\/de\/wp-json\/wp\/v2\/comments?post=9789"}],"version-history":[{"count":6,"href":"https:\/\/www.smart-pricer.com\/de\/wp-json\/wp\/v2\/pages\/9789\/revisions"}],"predecessor-version":[{"id":9910,"href":"https:\/\/www.smart-pricer.com\/de\/wp-json\/wp\/v2\/pages\/9789\/revisions\/9910"}],"up":[{"embeddable":true,"href":"https:\/\/www.smart-pricer.com\/de\/wp-json\/wp\/v2\/pages\/2439"}],"wp:featuredmedia":[{"embeddable":true,"href":"https:\/\/www.smart-pricer.com\/de\/wp-json\/wp\/v2\/media\/2802"}],"wp:attachment":[{"href":"https:\/\/www.smart-pricer.com\/de\/wp-json\/wp\/v2\/media?parent=9789"}],"curies":[{"name":"wp","href":"https:\/\/api.w.org\/{rel}","templated":true}]}}