{"id":8648,"date":"2021-12-09T16:39:29","date_gmt":"2021-12-09T16:39:29","guid":{"rendered":"https:\/\/www.smart-pricer.com\/?page_id=8648"},"modified":"2022-01-26T18:23:18","modified_gmt":"2022-01-26T18:23:18","slug":"case-study-pricing-analytics-bei-den-hochzeiger-bergbahnen-ag","status":"publish","type":"page","link":"https:\/\/www.smart-pricer.com\/de\/case-studies-und-white-papers\/case-study-pricing-analytics-bei-den-hochzeiger-bergbahnen-ag\/","title":{"rendered":"Case Study: Pricing Analytics bei den Hochzeiger Bergbahnen AG"},"content":{"rendered":"<p>[et_pb_section fb_built=&#8220;1&#8243; _builder_version=&#8220;3.14&#8243; use_background_color_gradient=&#8220;on&#8220; background_color_gradient_start=&#8220;#093c50&#8243; background_color_gradient_end=&#8220;rgba(21,147,195,0.5)&#8220; background_color_gradient_direction=&#8220;135deg&#8220; box_shadow_style=&#8220;preset1&#8243; bottom_divider_style=&#8220;ramp2&#8243; bottom_divider_color=&#8220;#107095&#8243; bottom_divider_flip=&#8220;horizontal&#8220; custom_padding=&#8220;88px|0px|25px|0px|false|false&#8220;][et_pb_row padding_1_tablet=&#8220;40px|||&#8220; padding_1_phone=&#8220;30px|||&#8220; padding_1_last_edited=&#8220;off|desktop&#8220; _builder_version=&#8220;3.14&#8243;][et_pb_column type=&#8220;3_5&#8243; _builder_version=&#8220;3.0.47&#8243; padding_phone=&#8220;30px|||&#8220; padding_tablet=&#8220;40px|||&#8220; padding_last_edited=&#8220;off|desktop&#8220; parallax=&#8220;off&#8220; parallax_method=&#8220;on&#8220;][et_pb_text _builder_version=&#8220;3.17.2&#8243; text_font=&#8220;||||||||&#8220; text_font_size=&#8220;18px&#8220; text_line_height=&#8220;2em&#8220; header_font=&#8220;||||||||&#8220; header_font_size=&#8220;46px&#8220; header_letter_spacing=&#8220;1px&#8220; header_line_height=&#8220;1.5em&#8220; header_text_shadow_style=&#8220;preset2&#8243; background_layout=&#8220;dark&#8220; custom_margin=&#8220;||10px|&#8220;]<\/p>\n<h1>Case Study: Hochzeiger Bergbahnen Pitztal AG<\/h1>\n<p>[\/et_pb_text][et_pb_divider color=&#8220;#23b1e8&#8243; divider_position=&#8220;center&#8220; divider_weight=&#8220;6px&#8220; _builder_version=&#8220;3.12.1&#8243; max_width=&#8220;40px&#8220; module_alignment=&#8220;left&#8220; saved_tabs=&#8220;all&#8220;][\/et_pb_divider][et_pb_text _builder_version=&#8220;3.17.2&#8243; text_font=&#8220;|600|||||||&#8220; text_font_size=&#8220;18px&#8220; header_font=&#8220;||||||||&#8220; header_font_size=&#8220;43px&#8220; header_line_height=&#8220;1.4em&#8220; background_layout=&#8220;dark&#8220; max_width=&#8220;600px&#8220; module_alignment=&#8220;left&#8220;]Die\u00a0 Hochzeiger Bergbahnen Pitztal AG haben mithilfe unserer Preisanalytik eine Preisoptimierung ihrer Skip\u00e4sse vornehmen k\u00f6nnen.<br \/>\n[\/et_pb_text][et_pb_button button_url=&#8220;https:\/\/www.smart-pricer.com\/de\/download\/fallbeispiel-hochzeiger-bergbahnen-pitztal-ag&#8220; button_text=&#8220;Studie Herunterladen&#8220; _builder_version=&#8220;3.17.2&#8243; button_icon=&#8220;%%3%%&#8220; box_shadow_style=&#8220;preset3&#8243; custom_margin=&#8220;|||&#8220; locked=&#8220;off&#8220; button_text_size__hover_enabled=&#8220;off&#8220; button_one_text_size__hover_enabled=&#8220;off&#8220; button_two_text_size__hover_enabled=&#8220;off&#8220; button_text_color__hover_enabled=&#8220;off&#8220; button_one_text_color__hover_enabled=&#8220;off&#8220; button_two_text_color__hover_enabled=&#8220;off&#8220; button_border_width__hover_enabled=&#8220;off&#8220; button_one_border_width__hover_enabled=&#8220;off&#8220; button_two_border_width__hover_enabled=&#8220;off&#8220; button_border_color__hover_enabled=&#8220;off&#8220; button_one_border_color__hover_enabled=&#8220;off&#8220; button_two_border_color__hover_enabled=&#8220;off&#8220; button_border_radius__hover_enabled=&#8220;off&#8220; button_one_border_radius__hover_enabled=&#8220;off&#8220; button_two_border_radius__hover_enabled=&#8220;off&#8220; button_letter_spacing__hover_enabled=&#8220;off&#8220; button_one_letter_spacing__hover_enabled=&#8220;off&#8220; button_two_letter_spacing__hover_enabled=&#8220;off&#8220; button_bg_color__hover_enabled=&#8220;off&#8220; button_one_bg_color__hover_enabled=&#8220;off&#8220; button_two_bg_color__hover_enabled=&#8220;off&#8220;][\/et_pb_button][et_pb_text _builder_version=&#8220;3.17.2&#8243; text_font=&#8220;||||||||&#8220; text_text_color=&#8220;#e2eefb&#8220; text_font_size=&#8220;14px&#8220; background_layout=&#8220;dark&#8220; custom_margin=&#8220;||50px|&#8220;]<\/p>\n<p><a href=\"https:\/\/www.smart-pricer.com\/de\/case-studies-und-white-papers\/\">Zur\u00fcck zu allen Case Studies<\/a><\/p>\n<p>[\/et_pb_text][\/et_pb_column][et_pb_column type=&#8220;2_5&#8243; _builder_version=&#8220;3.0.47&#8243; parallax=&#8220;off&#8220; parallax_method=&#8220;on&#8220;][et_pb_image src=&#8220;https:\/\/www.smart-pricer.com\/wp-content\/uploads\/Case-Study-Cover-Picture_Hochzeiger_DE.png&#8220; url=&#8220;https:\/\/www.smart-pricer.com\/de\/download\/fallbeispiel-hochzeiger-bergbahnen-pitztal-ag&#8220; module_class=&#8220;box-shadow-light&#8220; _builder_version=&#8220;3.17.2&#8243; max_width=&#8220;350px&#8220; module_alignment=&#8220;left&#8220;][\/et_pb_image][\/et_pb_column][\/et_pb_row][\/et_pb_section][et_pb_section fb_built=&#8220;1&#8243; _builder_version=&#8220;3.14&#8243; background_color_gradient_direction=&#8220;90deg&#8220; custom_padding=&#8220;88px|0px|4px|0px|false|false&#8220;][et_pb_row custom_padding=&#8220;||70px||false|false&#8220; admin_label=&#8220;Title Area&#8220; _builder_version=&#8220;3.0.92&#8243;][et_pb_column type=&#8220;1_2&#8243; _builder_version=&#8220;3.0.47&#8243; parallax=&#8220;off&#8220; parallax_method=&#8220;on&#8220;][et_pb_text admin_label=&#8220;Title&#8220; _builder_version=&#8220;3.14&#8243; text_font=&#8220;||||||||&#8220; text_font_size=&#8220;17px&#8220; header_font=&#8220;||||||||&#8220; header_2_font=&#8220;||||||||&#8220; module_alignment=&#8220;center&#8220; custom_margin=&#8220;||10px|&#8220; animation_direction=&#8220;top&#8220;]<\/p>\n<h2>Zusammenfassung<\/h2>\n<p>[\/et_pb_text][et_pb_text _builder_version=&#8220;3.17.2&#8243;]In dieser Fallstudie zeigen wir auf, wie die Hochzeiger Bergbahnen Pitztal AG ihre Ums\u00e4tze steigern konnte durch die eine umfangreiche Analyse ihrer Ticketdaten. Effekte wurden zun\u00e4chst erzielt durch eine umfangreiche Analyse der historischen Daten, dar\u00fcber hinaus durch eine gemeinsame Ableitung der\u00a0 Preisoptimierungen\u00a0mit dem Kunden. Abschlie\u00dfend erfolgt eine Umsatzsimulation, um die Auswirkungen auf die Ticketeinnahmen zu prognostizieren.\u00a0Laden Sie sich diese Case Study herunter, wenn Sie mehr Details erhalten m\u00f6chten.<br \/>\n[\/et_pb_text][\/et_pb_column][et_pb_column type=&#8220;1_2&#8243; _builder_version=&#8220;3.0.47&#8243; parallax=&#8220;off&#8220; parallax_method=&#8220;on&#8220;][et_pb_text admin_label=&#8220;Title&#8220; _builder_version=&#8220;3.14&#8243; text_font=&#8220;||||||||&#8220; text_font_size=&#8220;17px&#8220; header_font=&#8220;||||||||&#8220; header_2_font=&#8220;||||||||&#8220; module_alignment=&#8220;center&#8220; custom_margin=&#8220;||10px|&#8220; animation_direction=&#8220;top&#8220;]<\/p>\n<h2>Bewiesene Ergebnisse<\/h2>\n<p>[\/et_pb_text][et_pb_blurb title=&#8220;Steigerung des Ticketumsatzes&#8220; use_icon=&#8220;on&#8220; font_icon=&#8220;%%45%%&#8220; icon_placement=&#8220;left&#8220; use_icon_font_size=&#8220;on&#8220; icon_font_size=&#8220;28px&#8220; _builder_version=&#8220;3.17.2&#8243; header_font=&#8220;||||||||&#8220; body_font=&#8220;||||||||&#8220; custom_margin=&#8220;|||&#8220;][\/et_pb_blurb][et_pb_blurb title=&#8220;Erh\u00f6hung der Besucherzahlen&#8220; use_icon=&#8220;on&#8220; font_icon=&#8220;%%45%%&#8220; icon_placement=&#8220;left&#8220; use_icon_font_size=&#8220;on&#8220; icon_font_size=&#8220;28px&#8220; _builder_version=&#8220;3.17.2&#8243; header_font=&#8220;||||||||&#8220; body_font=&#8220;||||||||&#8220; custom_margin=&#8220;|||&#8220;][\/et_pb_blurb][et_pb_blurb title=&#8220;Ausweitung der Online Anteile&#8220; use_icon=&#8220;on&#8220; font_icon=&#8220;%%45%%&#8220; icon_placement=&#8220;left&#8220; use_icon_font_size=&#8220;on&#8220; icon_font_size=&#8220;28px&#8220; _builder_version=&#8220;3.17.2&#8243; header_font=&#8220;||||||||&#8220; body_font=&#8220;||||||||&#8220; custom_margin=&#8220;|||&#8220;][\/et_pb_blurb][\/et_pb_column][\/et_pb_row][\/et_pb_section]<\/p>\n","protected":false},"excerpt":{"rendered":"<p>Case Study: Hochzeiger Bergbahnen Pitztal AG Die\u00a0 Hochzeiger Bergbahnen Pitztal AG haben mithilfe unserer Preisanalytik eine Preisoptimierung ihrer Skip\u00e4sse vornehmen k\u00f6nnen. Zur\u00fcck zu allen Case StudiesZusammenfassung In dieser Fallstudie zeigen wir auf, wie die Hochzeiger Bergbahnen Pitztal AG ihre Ums\u00e4tze steigern konnte durch die eine umfangreiche Analyse ihrer Ticketdaten. Effekte wurden zun\u00e4chst erzielt durch eine [&hellip;]<\/p>\n","protected":false},"author":1,"featured_media":0,"parent":2439,"menu_order":0,"comment_status":"closed","ping_status":"closed","template":"","meta":{"_et_pb_use_builder":"on","_et_pb_old_content":"","_et_gb_content_width":"","inline_featured_image":false,"footnotes":""},"class_list":["post-8648","page","type-page","status-publish","hentry"],"_links":{"self":[{"href":"https:\/\/www.smart-pricer.com\/de\/wp-json\/wp\/v2\/pages\/8648","targetHints":{"allow":["GET"]}}],"collection":[{"href":"https:\/\/www.smart-pricer.com\/de\/wp-json\/wp\/v2\/pages"}],"about":[{"href":"https:\/\/www.smart-pricer.com\/de\/wp-json\/wp\/v2\/types\/page"}],"author":[{"embeddable":true,"href":"https:\/\/www.smart-pricer.com\/de\/wp-json\/wp\/v2\/users\/1"}],"replies":[{"embeddable":true,"href":"https:\/\/www.smart-pricer.com\/de\/wp-json\/wp\/v2\/comments?post=8648"}],"version-history":[{"count":13,"href":"https:\/\/www.smart-pricer.com\/de\/wp-json\/wp\/v2\/pages\/8648\/revisions"}],"predecessor-version":[{"id":9802,"href":"https:\/\/www.smart-pricer.com\/de\/wp-json\/wp\/v2\/pages\/8648\/revisions\/9802"}],"up":[{"embeddable":true,"href":"https:\/\/www.smart-pricer.com\/de\/wp-json\/wp\/v2\/pages\/2439"}],"wp:attachment":[{"href":"https:\/\/www.smart-pricer.com\/de\/wp-json\/wp\/v2\/media?parent=8648"}],"curies":[{"name":"wp","href":"https:\/\/api.w.org\/{rel}","templated":true}]}}