{"id":5737,"date":"2020-03-17T16:56:41","date_gmt":"2020-03-17T16:56:41","guid":{"rendered":"https:\/\/www.smart-pricer.com\/?page_id=5737"},"modified":"2022-01-26T13:30:28","modified_gmt":"2022-01-26T13:30:28","slug":"webinar-dynamic-pricing-was-geht-wie-gaht-das-und-was-bringt-es","status":"publish","type":"page","link":"https:\/\/www.smart-pricer.com\/de\/webinare\/webinar-dynamic-pricing-was-geht-wie-gaht-das-und-was-bringt-es\/","title":{"rendered":"Webinar &#8211; Dynamic Pricing &#8222;Was geht, wie gaht das und was bringt es?&#8220;"},"content":{"rendered":"<p>[et_pb_section fb_built=&#8220;1&#8243; _builder_version=&#8220;3.14&#8243; use_background_color_gradient=&#8220;on&#8220; background_color_gradient_start=&#8220;#093c50&#8243; background_color_gradient_end=&#8220;rgba(21,147,195,0.5)&#8220; background_color_gradient_direction=&#8220;135deg&#8220; box_shadow_style=&#8220;preset1&#8243; bottom_divider_style=&#8220;ramp2&#8243; bottom_divider_color=&#8220;#107095&#8243; bottom_divider_flip=&#8220;horizontal&#8220;][et_pb_row padding_1_tablet=&#8220;40px|||&#8220; padding_1_phone=&#8220;30px|||&#8220; padding_1_last_edited=&#8220;off|desktop&#8220; _builder_version=&#8220;3.14&#8243;][et_pb_column type=&#8220;3_5&#8243; _builder_version=&#8220;3.0.47&#8243; padding_phone=&#8220;30px|||&#8220; padding_tablet=&#8220;40px|||&#8220; padding_last_edited=&#8220;off|desktop&#8220; parallax=&#8220;off&#8220; parallax_method=&#8220;on&#8220;][et_pb_text _builder_version=&#8220;3.14&#8243; text_font_size=&#8220;18px&#8220; text_line_height=&#8220;2em&#8220; header_font_size=&#8220;46px&#8220; header_letter_spacing=&#8220;1px&#8220; header_line_height=&#8220;1.5em&#8220; header_text_shadow_style=&#8220;preset2&#8243; background_layout=&#8220;dark&#8220; custom_margin=&#8220;||10px|&#8220;]<\/p>\n<h1>Webinar: Dynamic Pricing &#8211; &#8222;was geht, wie geht das und was bringt es?&#8220;<\/h1>\n<p>[\/et_pb_text][et_pb_divider color=&#8220;#23b1e8&#8243; divider_position=&#8220;center&#8220; divider_weight=&#8220;6px&#8220; _builder_version=&#8220;3.12.1&#8243; max_width=&#8220;40px&#8220; module_alignment=&#8220;left&#8220; saved_tabs=&#8220;all&#8220;][\/et_pb_divider][et_pb_text _builder_version=&#8220;3.17.2&#8243; text_font=&#8220;|600|||||||&#8220; text_font_size=&#8220;18px&#8220; header_font=&#8220;||||||||&#8220; header_font_size=&#8220;43px&#8220; header_line_height=&#8220;1.4em&#8220; background_layout=&#8220;dark&#8220; max_width=&#8220;600px&#8220; module_alignment=&#8220;left&#8220;]Steigende Kartenums\u00e4tze, h\u00f6here Anteile im Online-Verkauf, eine st\u00e4rkere Nachfrage in Nebenzeiten \u2013 das sind nur einige der Vorteile, die eine dynamische Gestaltung von Ticketpreisen f\u00fcr Bergbahnen und Skigebiete verspricht. Immer mehr Unternehmen setzen entsprechende Pricing-Modelle um \u2013 alleine im deutschsprachigen Alpenraum hat sich die Anzahl in den vergangenen Jahren mehr als verdreifacht.<\/p>\n<p>Welche Varianten und Modelle gibt es, welche Herausforderungen stellen sich gro\u00dfen wie kleineren Betreibern, wie lassen sich Pricing-L\u00f6sungen sinnvoll in bestehende oder zuk\u00fcnftige Marktauftritte und betriebliche Abl\u00e4ufe einbinden?<br \/>\n[\/et_pb_text][et_pb_video src=&#8220;https:\/\/www.youtube.com\/watch?v=gGge2IPEbWQ&#038;t=2s&#8220; _builder_version=&#8220;3.17.2&#8243;][\/et_pb_video][et_pb_text _builder_version=&#8220;3.17.2&#8243; text_font=&#8220;||||||||&#8220; text_text_color=&#8220;#e2eefb&#8220; text_font_size=&#8220;14px&#8220; background_layout=&#8220;dark&#8220; custom_margin=&#8220;||50px|&#8220;]<\/p>\n<p><a href=\"https:\/\/www.smart-pricer.com\/de\/case-studies-und-white-papers\/\">Zur\u00fcck zu allen Dokumenten<\/a><\/p>\n<p>[\/et_pb_text][\/et_pb_column][et_pb_column type=&#8220;2_5&#8243; _builder_version=&#8220;3.0.47&#8243; parallax=&#8220;off&#8220; parallax_method=&#8220;on&#8220;][et_pb_gallery gallery_ids=&#8220;5740&#8243; fullwidth=&#8220;on&#8220; _builder_version=&#8220;3.17.2&#8243;][\/et_pb_gallery][\/et_pb_column][\/et_pb_row][\/et_pb_section]<\/p>\n","protected":false},"excerpt":{"rendered":"<p>Webinar: Dynamic Pricing &#8211; &#8222;was geht, wie geht das und was bringt es?&#8220; Steigende Kartenums\u00e4tze, h\u00f6here Anteile im Online-Verkauf, eine st\u00e4rkere Nachfrage in Nebenzeiten \u2013 das sind nur einige der Vorteile, die eine dynamische Gestaltung von Ticketpreisen f\u00fcr Bergbahnen und Skigebiete verspricht. Immer mehr Unternehmen setzen entsprechende Pricing-Modelle um \u2013 alleine im deutschsprachigen Alpenraum hat [&hellip;]<\/p>\n","protected":false},"author":1,"featured_media":5739,"parent":4841,"menu_order":0,"comment_status":"closed","ping_status":"closed","template":"","meta":{"_et_pb_use_builder":"on","_et_pb_old_content":"<p>[et_pb_section bb_built=\"1\" _builder_version=\"3.14\" use_background_color_gradient=\"on\" background_color_gradient_start=\"#093c50\" background_color_gradient_end=\"rgba(21,147,195,0.5)\" background_color_gradient_direction=\"135deg\" box_shadow_style=\"preset1\" bottom_divider_style=\"ramp2\" bottom_divider_color=\"#107095\" bottom_divider_flip=\"horizontal\" next_background_color=\"#ffffff\"][et_pb_row padding_1_tablet=\"40px|||\" padding_1_phone=\"30px|||\" padding_1_last_edited=\"off|desktop\" _builder_version=\"3.14\"][et_pb_column type=\"3_5\"][et_pb_text _builder_version=\"3.14\" text_font_size=\"18px\" text_line_height=\"2em\" header_font_size=\"46px\" header_letter_spacing=\"1px\" header_line_height=\"1.5em\" header_text_shadow_style=\"preset2\" background_layout=\"dark\" custom_margin=\"||10px|\"]<\/p><h1>Webinar: Dynamic Pricing f\u00fcr Bergbahn Unternehmen<\/h1><p>[\/et_pb_text][et_pb_divider color=\"#23b1e8\" divider_position=\"center\" divider_weight=\"6px\" _builder_version=\"3.12.1\" max_width=\"40px\" module_alignment=\"left\" global_module=\"376\" saved_tabs=\"all\" \/][et_pb_text _builder_version=\"3.17.2\" text_font=\"|600|||||||\" text_font_size=\"18px\" header_font=\"||||||||\" header_font_size=\"43px\" header_line_height=\"1.4em\" background_layout=\"dark\" max_width=\"600px\" module_alignment=\"left\"]<\/p><p>In diesem weltweit ersten Webinar seiner Art \u00fcber Dynamic Pricing in Skigebieten werden die Hintergr\u00fcnde und die Motivation f\u00fcr Bergbahn-Innovatoren. Wir erkl\u00e4ren die M\u00f6glichkeiten der Preisoptimierung und CFO Thomas Rechberger von Engadin St Moritz erkl\u00e4rt wie Dynamic Pricing die Anzahl der Fr\u00fchbucher vervielfacht hat.<\/p><p>Bitte laden Sie die Folien herunter, indem Sie auf den untenstehenden Link klicken. Wenn Sie das <span style=\"text-decoration: underline;\"><strong>aufgezeichnete Webinar<\/strong><\/span> erhalten m\u00f6chten, kontaktieren Sie uns bitte unter <span style=\"text-decoration: underline;\"><strong>info@smart-pricer.com<\/strong><\/span> und geben Sie Ihren Namen, Firma und E-Mail-Adresse an, damit wir Ihnen das Video zusenden k\u00f6nnen.<\/p><p>[\/et_pb_text][et_pb_button button_url=\"mailto:info@smart-pricer.com\" url_new_window=\"on\" button_text=\"Videoanfrage\" _builder_version=\"3.17.2\" button_icon=\"%%3%%\" box_shadow_style=\"preset3\" custom_margin=\"|||\" locked=\"off\" button_text_size__hover_enabled=\"off\" button_one_text_size__hover_enabled=\"off\" button_two_text_size__hover_enabled=\"off\" button_text_color__hover_enabled=\"off\" button_one_text_color__hover_enabled=\"off\" button_two_text_color__hover_enabled=\"off\" button_border_width__hover_enabled=\"off\" button_one_border_width__hover_enabled=\"off\" button_two_border_width__hover_enabled=\"off\" button_border_color__hover_enabled=\"off\" button_one_border_color__hover_enabled=\"off\" button_two_border_color__hover_enabled=\"off\" button_border_radius__hover_enabled=\"off\" button_one_border_radius__hover_enabled=\"off\" button_two_border_radius__hover_enabled=\"off\" button_letter_spacing__hover_enabled=\"off\" button_one_letter_spacing__hover_enabled=\"off\" button_two_letter_spacing__hover_enabled=\"off\" button_bg_color__hover_enabled=\"off\" button_one_bg_color__hover_enabled=\"off\" button_two_bg_color__hover_enabled=\"off\" \/][et_pb_text _builder_version=\"3.14\" text_font=\"||||||||\" text_text_color=\"#e2eefb\" text_font_size=\"14px\" background_layout=\"dark\" custom_margin=\"||50px|\"]<\/p><p><a href=\"https:\/\/www.smart-pricer.com\/de\/case-studies-und-white-papers\/\"><i class=\"fas fa-long-arrow-alt-left\"><\/i> Back to all documents<\/a><\/p><p>[\/et_pb_text][\/et_pb_column][et_pb_column type=\"2_5\"][et_pb_gallery gallery_ids=\"3177,3174,3171,3168\" fullwidth=\"on\" _builder_version=\"3.17.2\" \/][et_pb_button button_url=\"#download-document\" button_text=\"Download Pr\u00e4sentation\" _builder_version=\"3.17.2\" button_icon=\"%%3%%\" box_shadow_style=\"preset3\" custom_margin=\"|||\" locked=\"off\" button_text_size__hover_enabled=\"off\" button_one_text_size__hover_enabled=\"off\" button_two_text_size__hover_enabled=\"off\" button_text_color__hover_enabled=\"off\" button_one_text_color__hover_enabled=\"off\" button_two_text_color__hover_enabled=\"off\" button_border_width__hover_enabled=\"off\" button_one_border_width__hover_enabled=\"off\" button_two_border_width__hover_enabled=\"off\" button_border_color__hover_enabled=\"off\" button_one_border_color__hover_enabled=\"off\" button_two_border_color__hover_enabled=\"off\" button_border_radius__hover_enabled=\"off\" button_one_border_radius__hover_enabled=\"off\" button_two_border_radius__hover_enabled=\"off\" button_letter_spacing__hover_enabled=\"off\" button_one_letter_spacing__hover_enabled=\"off\" button_two_letter_spacing__hover_enabled=\"off\" button_bg_color__hover_enabled=\"off\" button_one_bg_color__hover_enabled=\"off\" button_two_bg_color__hover_enabled=\"off\" \/][\/et_pb_column][\/et_pb_row][\/et_pb_section][et_pb_section bb_built=\"1\" _builder_version=\"3.14\" background_color_gradient_direction=\"90deg\" prev_background_color=\"#000000\"][et_pb_row admin_label=\"Title Area\" custom_padding=\"||70px||false|false\" _builder_version=\"3.0.92\"][et_pb_column type=\"1_2\"][et_pb_text admin_label=\"Title\" _builder_version=\"3.17.2\" text_font=\"||||||||\" text_font_size=\"17px\" header_font=\"||||||||\" header_2_font=\"||||||||\" module_alignment=\"center\" custom_margin=\"||10px|\" animation_direction=\"top\"]<\/p><h2>Webinar Zusammenfassung<\/h2><p>[\/et_pb_text][et_pb_text _builder_version=\"3.17.2\"]<\/p><p>Ob Kino, Sport, Entertainment, Airlines oder Homeshopping - dynamische Preise steigern in vielen Bereichen bereits den Umsatz. Es geht hierbei nicht um lediglich g\u00fcnstige Preise, sondern um eine optimale Preispolitik.<\/p><p>Dieses Webinar lieferte wertvolle Beitr\u00e4ge zu intelligenten Tools und intelligenten Preisgestaltungspraktiken beim Verkauf von Skigebieten, um den Ticketverkauf in Nischenzeiten voranzutreiben, den Anteil des Online-Verkaufs zu steigern, die Gesamtnutzung zu verbessern und die Kundenzufriedenheit zu erh\u00f6hen.<\/p><p>[\/et_pb_text][et_pb_text admin_label=\"Title\" _builder_version=\"3.17.2\" text_font=\"||||||||\" text_font_size=\"17px\" header_font=\"||||||||\" header_2_font=\"||||||||\" module_alignment=\"center\" custom_margin=\"||10px|\" animation_direction=\"top\"]<\/p><h2>Die Herausforderung<\/h2><p>[\/et_pb_text][et_pb_text _builder_version=\"3.17.2\"]<\/p><p>Die sinkende Besucherzahl in den letzten Jahren erschwert die Deckung der steigenden Betriebskosten. Entdecken Sie die t\u00e4gliche Nachfrage nach Ihrem Skigebiet und legen Sie die richtige Preisstrategie f\u00fcr Bergbahnen, Parkpl\u00e4tze usw. fest.<br \/>Es gibt Hunderte von Faktoren, die die Nachfrage nach Skigebieten beeinflussen, z. B. Datum und Uhrzeit, Wetter, Jahreszeit usw. Die Vorhersage der erwarteten Nachfrage ist der Schl\u00fcssel zur Umsatzoptimierung.<\/p><p>[\/et_pb_text][\/et_pb_column][et_pb_column type=\"1_2\"][et_pb_text admin_label=\"Title\" _builder_version=\"3.17.2\" text_font=\"||||||||\" text_font_size=\"17px\" header_font=\"||||||||\" header_2_font=\"||||||||\" module_alignment=\"center\" custom_margin=\"||10px|\" animation_direction=\"top\"]<\/p><h2>3 Schritte zu Dynamic Pricing<\/h2><p>[\/et_pb_text][et_pb_blurb title=\"Wettbewerbsvorteil: Dynamic Pricing\" use_icon=\"on\" font_icon=\"%%45%%\" icon_placement=\"left\" use_icon_font_size=\"on\" icon_font_size=\"28px\" _builder_version=\"3.17.2\" header_font=\"||||||||\" body_font=\"||||||||\" custom_margin=\"|||\"]<\/p><p>Die innovative Preisstrategie kann vermeiden in einen Preiswettbewerb zu geraten und tr\u00e4gt dazu bei, saisonale Nachfrageschwankungen auszugleichen<\/p><p>[\/et_pb_blurb][et_pb_blurb title=\" Fallstudie: Engadin St Moritz Bergbahnen\" use_icon=\"on\" font_icon=\"%%45%%\" icon_placement=\"left\" use_icon_font_size=\"on\" icon_font_size=\"28px\" _builder_version=\"3.17.2\" header_font=\"||||||||\" body_font=\"||||||||\" custom_margin=\"|||\"]<\/p><p>Thomas Rechberger, CFO bei den Engadin St Moritz Bergbahnen, bewertet die Einf\u00fchrung von Dynamic Pricing f\u00fcr sein Unternehmen<\/p><p>[\/et_pb_blurb][et_pb_blurb title=\"Live Fragen & Antworten\" use_icon=\"on\" font_icon=\"%%45%%\" icon_placement=\"left\" use_icon_font_size=\"on\" icon_font_size=\"28px\" _builder_version=\"3.17.2\" header_font=\"||||||||\" body_font=\"||||||||\" custom_margin=\"|||\"]<\/p><p>3 Experten von Grischconsulta, Engadin und Smart Pricer beantworten die Fragen der Teilnehmer in diesem einzigartigen Webinar<\/p><p>[\/et_pb_blurb][\/et_pb_column][\/et_pb_row][et_pb_row use_custom_width=\"on\" custom_width_px=\"600px\" custom_padding=\"3em|2em|3em|2em|true|true\" module_id=\"download-document\" module_class=\"box-shadow-light\" _builder_version=\"3.14\" background_color=\"#e2eefb\"][et_pb_column type=\"4_4\"][et_pb_text admin_label=\"Title\" _builder_version=\"3.17.2\" text_font=\"||||||||\" text_font_size=\"17px\" header_font=\"||||||||\" header_2_font=\"||||||||\" text_orientation=\"center\" module_alignment=\"center\" custom_margin=\"||10px|\" animation_direction=\"top\"]<\/p><h2>Download<\/h2><p>[\/et_pb_text][et_pb_text admin_label=\"Title\" _builder_version=\"3.14\" text_font=\"||||||||\" text_font_size=\"17px\" header_font=\"||||||||\" header_2_font=\"|600|||||||\" header_2_font_size=\"36px\" header_2_line_height=\"1.4em\" text_orientation=\"center\" max_width=\"550px\" module_alignment=\"center\" custom_margin=\"|||\" animation_direction=\"top\"]<\/p><p>Laden Sie das Dokument herunter, indem Sie Ihre E-Mail-Adresse in das Feld darunter eingeben. Sie abonnieren automatisch den Newsletter von Smart Pricer, um regelm\u00e4\u00dfig Neuigkeiten und Updates zu erhalten.<\/p><p>[\/et_pb_text][et_pb_text module_class=\"inline-optin-basic document-download-optin\" _builder_version=\"3.17.2\" max_width=\"550px\" module_alignment=\"center\" custom_margin=\"0px||14px||false\" custom_padding=\"0px||0px||true\"]<\/p><p>[et_bloom_inline optin_id=\"optin_4\"]<\/p><p>[\/et_pb_text][et_pb_text _builder_version=\"3.14\" text_font=\"||||||||\" text_text_color=\"#1593c3\" text_font_size=\"14px\" text_orientation=\"center\"]<\/p><p><a href=\"https:\/\/www.smart-pricer.com\/de\/case-studies-und-white-papers\/\"><i class=\"fas fa-long-arrow-alt-left\"><\/i> Back to all documents<\/a><\/p><p>[\/et_pb_text][\/et_pb_column][\/et_pb_row][\/et_pb_section]<\/p>","_et_gb_content_width":"","inline_featured_image":false,"footnotes":""},"class_list":["post-5737","page","type-page","status-publish","has-post-thumbnail","hentry"],"_links":{"self":[{"href":"https:\/\/www.smart-pricer.com\/de\/wp-json\/wp\/v2\/pages\/5737","targetHints":{"allow":["GET"]}}],"collection":[{"href":"https:\/\/www.smart-pricer.com\/de\/wp-json\/wp\/v2\/pages"}],"about":[{"href":"https:\/\/www.smart-pricer.com\/de\/wp-json\/wp\/v2\/types\/page"}],"author":[{"embeddable":true,"href":"https:\/\/www.smart-pricer.com\/de\/wp-json\/wp\/v2\/users\/1"}],"replies":[{"embeddable":true,"href":"https:\/\/www.smart-pricer.com\/de\/wp-json\/wp\/v2\/comments?post=5737"}],"version-history":[{"count":16,"href":"https:\/\/www.smart-pricer.com\/de\/wp-json\/wp\/v2\/pages\/5737\/revisions"}],"predecessor-version":[{"id":9697,"href":"https:\/\/www.smart-pricer.com\/de\/wp-json\/wp\/v2\/pages\/5737\/revisions\/9697"}],"up":[{"embeddable":true,"href":"https:\/\/www.smart-pricer.com\/de\/wp-json\/wp\/v2\/pages\/4841"}],"wp:featuredmedia":[{"embeddable":true,"href":"https:\/\/www.smart-pricer.com\/de\/wp-json\/wp\/v2\/media\/5739"}],"wp:attachment":[{"href":"https:\/\/www.smart-pricer.com\/de\/wp-json\/wp\/v2\/media?parent=5737"}],"curies":[{"name":"wp","href":"https:\/\/api.w.org\/{rel}","templated":true}]}}