{"id":4841,"date":"2019-05-16T15:06:17","date_gmt":"2019-05-16T15:06:17","guid":{"rendered":"https:\/\/www.smart-pricer.com\/webinare-uber-pricing\/"},"modified":"2024-09-05T14:00:09","modified_gmt":"2024-09-05T14:00:09","slug":"webinare","status":"publish","type":"page","link":"https:\/\/www.smart-pricer.com\/de\/webinare\/","title":{"rendered":"Webinare \u00dcber Pricing"},"content":{"rendered":"<p>[et_pb_section fb_built=&#8220;1&#8243; module_class=&#8220;homepage-hero-section&#8220; _builder_version=&#8220;4.20.2&#8243; use_background_color_gradient=&#8220;on&#8220; background_color_gradient_direction=&#8220;134deg&#8220; background_color_gradient_stops=&#8220;#062b39 23%|rgba(255,255,255,0) 84%&#8220; background_color_gradient_start=&#8220;rgba(9,60,80,0.5)&#8220; background_color_gradient_end=&#8220;rgba(6,43,57,0.5)&#8220; background_image=&#8220;https:\/\/www.smart-pricer.com\/wp-content\/uploads\/Copy-of-SP-Header-Parken-6.png&#8220; background_blend=&#8220;overlay&#8220; custom_padding=&#8220;5.8%||5.8%||true|false&#8220; bottom_divider_color=&#8220;#107095&#8243; bottom_divider_flip=&#8220;horizontal&#8220; box_shadow_style=&#8220;preset1&#8243; global_colors_info=&#8220;{}&#8220;][et_pb_row padding_top_bottom_link_2=&#8220;true&#8220; padding_left_right_link_2=&#8220;true&#8220; admin_label=&#8220;Hero Area&#8220; _builder_version=&#8220;4.16&#8243; background_size=&#8220;initial&#8220; background_position=&#8220;top_left&#8220; background_repeat=&#8220;repeat&#8220; module_alignment=&#8220;center&#8220; custom_padding=&#8220;|||&#8220; global_colors_info=&#8220;{}&#8220;][et_pb_column type=&#8220;4_4&#8243; _builder_version=&#8220;4.16&#8243; custom_padding=&#8220;|||&#8220; custom_padding_tablet=&#8220;0px|||&#8220; custom_padding_last_edited=&#8220;off|desktop&#8220; global_colors_info=&#8220;{}&#8220; padding_tablet=&#8220;0px|||&#8220; padding_last_edited=&#8220;off|desktop&#8220; custom_padding__hover=&#8220;|||&#8220;][et_pb_text _builder_version=&#8220;4.16&#8243; text_font=&#8220;||||||||&#8220; text_font_size=&#8220;18px&#8220; text_line_height=&#8220;2em&#8220; header_font=&#8220;||||||||&#8220; header_font_size=&#8220;50px&#8220; header_letter_spacing=&#8220;1px&#8220; header_line_height=&#8220;1.5em&#8220; background_layout=&#8220;dark&#8220; custom_margin=&#8220;||10px|&#8220; header_text_shadow_style=&#8220;preset2&#8243; global_colors_info=&#8220;{}&#8220;]<\/p>\n<h1>PRICING WEBINARE<\/h1>\n<p>[\/et_pb_text][et_pb_divider color=&#8220;#E75A24&#8243; divider_weight=&#8220;6px&#8220; _builder_version=&#8220;4.20.2&#8243; _module_preset=&#8220;default&#8220; width=&#8220;100%&#8220; max_width=&#8220;3%&#8220; global_colors_info=&#8220;{}&#8220;][\/et_pb_divider][et_pb_text _builder_version=&#8220;4.16&#8243; text_font=&#8220;|600|||||||&#8220; text_font_size=&#8220;18px&#8220; header_font=&#8220;||||||||&#8220; header_font_size=&#8220;43px&#8220; header_line_height=&#8220;1.4em&#8220; background_layout=&#8220;dark&#8220; max_width=&#8220;600px&#8220; module_alignment=&#8220;left&#8220; text_text_shadow_style=&#8220;preset2&#8243; global_colors_info=&#8220;{}&#8220;]Wir veranstalten regelm\u00e4\u00dfig Webinare, um Informationen zur Preisgestaltung in verschiedenen Branchen zu erhalten.<br \/>\n[\/et_pb_text][\/et_pb_column][\/et_pb_row][\/et_pb_section][et_pb_section fb_built=&#8220;1&#8243; _builder_version=&#8220;4.16&#8243; global_colors_info=&#8220;{}&#8220;][et_pb_row _builder_version=&#8220;4.20.2&#8243; _module_preset=&#8220;default&#8220; global_colors_info=&#8220;{}&#8220;][et_pb_column type=&#8220;4_4&#8243; _builder_version=&#8220;4.20.2&#8243; _module_preset=&#8220;default&#8220; global_colors_info=&#8220;{}&#8220;][et_pb_text _builder_version=&#8220;4.20.2&#8243; _module_preset=&#8220;default&#8220; header_2_text_align=&#8220;center&#8220; header_2_font_size=&#8220;36px&#8220; global_colors_info=&#8220;{}&#8220;]<\/p>\n<h2>Webinare<\/h2>\n<p>[\/et_pb_text][et_pb_divider color=&#8220;#70CCEB&#8220; divider_weight=&#8220;6px&#8220; _builder_version=&#8220;4.20.2&#8243; _module_preset=&#8220;default&#8220; width=&#8220;3%&#8220; module_alignment=&#8220;center&#8220; hover_enabled=&#8220;0&#8243; global_colors_info=&#8220;{}&#8220; sticky_enabled=&#8220;0&#8243;][\/et_pb_divider][\/et_pb_column][\/et_pb_row][et_pb_row column_structure=&#8220;1_2,1_2&#8243; _builder_version=&#8220;4.20.2&#8243; _module_preset=&#8220;default&#8220; global_colors_info=&#8220;{}&#8220;][et_pb_column type=&#8220;1_2&#8243; _builder_version=&#8220;4.20.2&#8243; _module_preset=&#8220;default&#8220; global_colors_info=&#8220;{}&#8220;][et_pb_text _builder_version=&#8220;4.20.2&#8243; _module_preset=&#8220;default&#8220; global_colors_info=&#8220;{}&#8220;]<\/p>\n<p><span>Unser Bereich zu Pricing Webinaren wird momentan f\u00fcr Sie optimiert. Bald stellen wir Ihnen hier spannende Webinare vor, in denen wir die neuesten Ans\u00e4tze zur Preisgestaltung teilen und wertvolle Einblicke bieten, wie Sie Ihre Preisstrategien optimieren k\u00f6nnen. Erfahren Sie aus erster Hand, wie Sie Ihre Wettbewerbsf\u00e4higkeit steigern und langfristigen Erfolg sichern. <\/span><\/p>\n<p><span><\/span><\/p>\n<p><strong>Bleiben Sie gespannt \u2013 weitere faszinierende Details folgen schon bald!<\/strong><\/p>\n<p>[\/et_pb_text][et_pb_button button_url=&#8220;https:\/\/www.smart-pricer.com\/de\/kontakt\/&#8220; button_text=&#8220;Neugierig? Kontaktieren Sie uns!&#8220; _builder_version=&#8220;4.20.2&#8243; _module_preset=&#8220;default&#8220; custom_margin=&#8220;76px|||||&#8220; global_colors_info=&#8220;{}&#8220;][\/et_pb_button][\/et_pb_column][et_pb_column type=&#8220;1_2&#8243; _builder_version=&#8220;4.20.2&#8243; _module_preset=&#8220;default&#8220; global_colors_info=&#8220;{}&#8220;][et_pb_image src=&#8220;https:\/\/www.smart-pricer.com\/wp-content\/uploads\/Analytics-Consulting-Artwork.png&#8220; title_text=&#8220;Analytics Consulting Artwork&#8220; _builder_version=&#8220;4.20.2&#8243; _module_preset=&#8220;default&#8220; height=&#8220;423px&#8220; custom_margin=&#8220;|||84px||&#8220; global_colors_info=&#8220;{}&#8220;][\/et_pb_image][\/et_pb_column][\/et_pb_row][et_pb_row column_structure=&#8220;3_5,2_5&#8243; disabled_on=&#8220;on|on|on&#8220; _builder_version=&#8220;4.16&#8243; custom_padding=&#8220;50px|0px|29px|0px|false|false&#8220; border_width_top=&#8220;1px&#8220; border_color_top=&#8220;#e2eefb&#8220; disabled=&#8220;on&#8220; global_colors_info=&#8220;{}&#8220;][et_pb_column type=&#8220;3_5&#8243; _builder_version=&#8220;4.16&#8243; custom_padding=&#8220;|||&#8220; global_colors_info=&#8220;{}&#8220; custom_padding__hover=&#8220;|||&#8220;][et_pb_text admin_label=&#8220;Title&#8220; _builder_version=&#8220;4.16&#8243; text_font=&#8220;||||||||&#8220; text_font_size=&#8220;17px&#8220; header_font=&#8220;||||||||&#8220; header_2_font=&#8220;||||||||&#8220; module_alignment=&#8220;center&#8220; custom_margin=&#8220;||10px|&#8220; animation_style=&#8220;slide&#8220; animation_direction=&#8220;top&#8220; animation_intensity_slide=&#8220;10%&#8220; animation_starting_opacity=&#8220;100%&#8220; global_colors_info=&#8220;{}&#8220;]<\/p>\n<h2>Webinar: Dynamic Pricing \u2013 \u201eWas geht, wie geht das und was bringt es?\u201c<\/h2>\n<p>[\/et_pb_text][et_pb_divider color=&#8220;#23b1e8&#8243; divider_position=&#8220;center&#8220; divider_weight=&#8220;6px&#8220; _builder_version=&#8220;4.16&#8243; max_width=&#8220;40px&#8220; module_alignment=&#8220;left&#8220; saved_tabs=&#8220;all&#8220; global_colors_info=&#8220;{}&#8220;][\/et_pb_divider][et_pb_text _builder_version=&#8220;4.16&#8243; text_font=&#8220;||||||||&#8220; header_font=&#8220;||||||||&#8220; header_3_font=&#8220;||||||||&#8220; global_colors_info=&#8220;{}&#8220;]Unser Webinar zusammen mit MOUNTAIN MANAGER, einer der f\u00fchrenden Fachzeitschriften des alpinen Bergtourismus und Alpintechnik. Wir haben er\u00f6rtert, welche Varianten und Modelle es gibt, welchen Herausforderungen sich gro\u00dfe wie kleinere Betreiber stellen und wie sich Pricing-L\u00f6sungen sinnvoll in bestehende oder zuk\u00fcnftige Marktauftritte und betriebliche Abl\u00e4ufe einbinden lassen.[\/et_pb_text][et_pb_blurb use_icon=&#8220;on&#8220; font_icon=&#8220;&#x4e;||divi||400&#8243; icon_placement=&#8220;left&#8220; image_icon_width=&#8220;28px&#8220; content_max_width=&#8220;100%&#8220; _builder_version=&#8220;4.16&#8243; header_font=&#8220;||||||||&#8220; body_font=&#8220;|600|||||||&#8220; custom_margin=&#8220;|||&#8220; icon_font_size=&#8220;28px&#8220; global_colors_info=&#8220;{}&#8220;]Christoph Willisch, CFO Aletsch Bahnen AG, gibt Einblicke in die Implementierung f\u00fcr die Bergbahn[\/et_pb_blurb][et_pb_blurb use_icon=&#8220;on&#8220; font_icon=&#8220;&#x4e;||divi||400&#8243; icon_placement=&#8220;left&#8220; image_icon_width=&#8220;28px&#8220; content_max_width=&#8220;100%&#8220; _builder_version=&#8220;4.16&#8243; header_font=&#8220;||||||||&#8220; body_font=&#8220;|600|||||||&#8220; custom_margin=&#8220;|||&#8220; icon_font_size=&#8220;28px&#8220; global_colors_info=&#8220;{}&#8220;]Andreas Kranabetter, Business Line Manager Mountain, SKIDATA, erkl\u00e4rt worauf es bei der Einbindung des Ticketing System ankommt[\/et_pb_blurb][et_pb_blurb use_icon=&#8220;on&#8220; font_icon=&#8220;&#x4e;||divi||400&#8243; icon_placement=&#8220;left&#8220; image_icon_width=&#8220;28px&#8220; content_max_width=&#8220;100%&#8220; _builder_version=&#8220;4.16&#8243; header_font=&#8220;||||||||&#8220; body_font=&#8220;|600|||||||&#8220; custom_margin=&#8220;|||&#8220; icon_font_size=&#8220;28px&#8220; global_colors_info=&#8220;{}&#8220;]Gilberto Loacker, Verwaltungsratspr\u00e4sident ALTUROS DESTINATIONS, erl\u00e4utert die wirksamen Marketingma\u00dfnahmen f\u00fcr den Webshop[\/et_pb_blurb][et_pb_button button_url=&#8220;\/webinar-dynamic-pricing-was-geht-wie-gaht-das-und-was-bringt-es\/&#8220; button_text=&#8220;Mehr erfahren und Webinar anschauen&#8220; _builder_version=&#8220;4.16&#8243; global_colors_info=&#8220;{}&#8220; button_text_size__hover_enabled=&#8220;off&#8220; button_one_text_size__hover_enabled=&#8220;off&#8220; button_two_text_size__hover_enabled=&#8220;off&#8220; button_text_color__hover_enabled=&#8220;off&#8220; button_one_text_color__hover_enabled=&#8220;off&#8220; button_two_text_color__hover_enabled=&#8220;off&#8220; button_border_width__hover_enabled=&#8220;off&#8220; button_one_border_width__hover_enabled=&#8220;off&#8220; button_two_border_width__hover_enabled=&#8220;off&#8220; button_border_color__hover_enabled=&#8220;off&#8220; button_one_border_color__hover_enabled=&#8220;off&#8220; button_two_border_color__hover_enabled=&#8220;off&#8220; button_border_radius__hover_enabled=&#8220;off&#8220; button_one_border_radius__hover_enabled=&#8220;off&#8220; button_two_border_radius__hover_enabled=&#8220;off&#8220; button_letter_spacing__hover_enabled=&#8220;off&#8220; button_one_letter_spacing__hover_enabled=&#8220;off&#8220; button_two_letter_spacing__hover_enabled=&#8220;off&#8220; button_bg_color__hover_enabled=&#8220;off&#8220; button_one_bg_color__hover_enabled=&#8220;off&#8220; button_two_bg_color__hover_enabled=&#8220;off&#8220;][\/et_pb_button][\/et_pb_column][et_pb_column type=&#8220;2_5&#8243; _builder_version=&#8220;4.16&#8243; custom_padding=&#8220;|||&#8220; global_colors_info=&#8220;{}&#8220; custom_padding__hover=&#8220;|||&#8220;][et_pb_image src=&#8220;https:\/\/www.smart-pricer.com\/wp-content\/uploads\/10.png&#8220; url=&#8220;\/webinar-dynamic-pricing-was-geht-wie-gaht-das-und-was-bringt-es\/&#8220; align_tablet=&#8220;center&#8220; align_phone=&#8220;center&#8220; align_last_edited=&#8220;on|desktop&#8220; module_class=&#8220;box-shadow-light&#8220; _builder_version=&#8220;4.16&#8243; max_width=&#8220;300px&#8220; module_alignment=&#8220;left&#8220; custom_margin=&#8220;|||&#8220; global_colors_info=&#8220;{}&#8220;][\/et_pb_image][\/et_pb_column][\/et_pb_row][et_pb_row column_structure=&#8220;3_5,2_5&#8243; disabled_on=&#8220;on|on|on&#8220; _builder_version=&#8220;4.16&#8243; custom_padding=&#8220;50px|0px|29px|0px|false|false&#8220; border_width_top=&#8220;1px&#8220; border_color_top=&#8220;#e2eefb&#8220; disabled=&#8220;on&#8220; global_colors_info=&#8220;{}&#8220;][et_pb_column type=&#8220;3_5&#8243; _builder_version=&#8220;4.16&#8243; custom_padding=&#8220;|||&#8220; global_colors_info=&#8220;{}&#8220; custom_padding__hover=&#8220;|||&#8220;][et_pb_text admin_label=&#8220;Title&#8220; _builder_version=&#8220;4.16&#8243; text_font=&#8220;||||||||&#8220; text_font_size=&#8220;17px&#8220; header_font=&#8220;||||||||&#8220; header_2_font=&#8220;||||||||&#8220; module_alignment=&#8220;center&#8220; custom_margin=&#8220;||10px|&#8220; animation_style=&#8220;slide&#8220; animation_direction=&#8220;top&#8220; animation_intensity_slide=&#8220;10%&#8220; animation_starting_opacity=&#8220;100%&#8220; global_colors_info=&#8220;{}&#8220;]<\/p>\n<h2>Webinar: Smart Pricing f\u00fcr Bergbahnen<\/h2>\n<p>[\/et_pb_text][et_pb_divider color=&#8220;#23b1e8&#8243; divider_position=&#8220;center&#8220; divider_weight=&#8220;6px&#8220; _builder_version=&#8220;4.16&#8243; max_width=&#8220;40px&#8220; module_alignment=&#8220;left&#8220; saved_tabs=&#8220;all&#8220; global_colors_info=&#8220;{}&#8220;][\/et_pb_divider][et_pb_text _builder_version=&#8220;4.16&#8243; text_font=&#8220;||||||||&#8220; header_font=&#8220;||||||||&#8220; header_3_font=&#8220;||||||||&#8220; global_colors_info=&#8220;{}&#8220;]In unserem zweiten Webinar zum Thema Smart Pricing f\u00fcr Skigebiete haben wir die Leiterin des Marketing und den Leiter des IT der Zermatt Bergbahnen AG eingeladen, um uns und allen Teilnehmern einen \u00dcberblick \u00fcber die Herausforderungen zu geben, vor denen das bekannte Schweizer Skigebiet bei der Einf\u00fchrung von Smart Pricing stand. [\/et_pb_text][et_pb_blurb use_icon=&#8220;on&#8220; font_icon=&#8220;&#x4e;||divi||400&#8243; icon_placement=&#8220;left&#8220; image_icon_width=&#8220;28px&#8220; content_max_width=&#8220;100%&#8220; _builder_version=&#8220;4.16&#8243; header_font=&#8220;||||||||&#8220; body_font=&#8220;|600|||||||&#8220; custom_margin=&#8220;|||&#8220; icon_font_size=&#8220;28px&#8220; global_colors_info=&#8220;{}&#8220;]Die durchschnittliche Vorverkaufsdauer hat sich in der Saison 2018\/19 von 2 auf 4-6 Tage erh\u00f6ht[\/et_pb_blurb][et_pb_blurb use_icon=&#8220;on&#8220; font_icon=&#8220;&#x4e;||divi||400&#8243; icon_placement=&#8220;left&#8220; image_icon_width=&#8220;28px&#8220; content_max_width=&#8220;100%&#8220; _builder_version=&#8220;4.16&#8243; header_font=&#8220;||||||||&#8220; body_font=&#8220;|600|||||||&#8220; custom_margin=&#8220;|||&#8220; icon_font_size=&#8220;28px&#8220; global_colors_info=&#8220;{}&#8220;]Der Anteil des Online-Umsatzes stieg gegen\u00fcber dem Vorjahr von rund 5% auf \u00fcber 30%[\/et_pb_blurb][et_pb_blurb use_icon=&#8220;on&#8220; font_icon=&#8220;&#x4e;||divi||400&#8243; icon_placement=&#8220;left&#8220; image_icon_width=&#8220;28px&#8220; content_max_width=&#8220;100%&#8220; _builder_version=&#8220;4.16&#8243; header_font=&#8220;||||||||&#8220; body_font=&#8220;|600|||||||&#8220; custom_margin=&#8220;|||&#8220; icon_font_size=&#8220;28px&#8220; global_colors_info=&#8220;{}&#8220;]Deutlich weniger Menschen kaufen Tickets an der Kasse, was die Arbeitsbelastung der Mitarbeiter verringert[\/et_pb_blurb][et_pb_button button_url=&#8220;\/?page_id=4698&#8243; button_text=&#8220;Mehr erfahren und Webinar anschauen&#8220; _builder_version=&#8220;4.16&#8243; global_colors_info=&#8220;{}&#8220; button_text_size__hover_enabled=&#8220;off&#8220; button_one_text_size__hover_enabled=&#8220;off&#8220; button_two_text_size__hover_enabled=&#8220;off&#8220; button_text_color__hover_enabled=&#8220;off&#8220; button_one_text_color__hover_enabled=&#8220;off&#8220; button_two_text_color__hover_enabled=&#8220;off&#8220; button_border_width__hover_enabled=&#8220;off&#8220; button_one_border_width__hover_enabled=&#8220;off&#8220; button_two_border_width__hover_enabled=&#8220;off&#8220; button_border_color__hover_enabled=&#8220;off&#8220; button_one_border_color__hover_enabled=&#8220;off&#8220; button_two_border_color__hover_enabled=&#8220;off&#8220; button_border_radius__hover_enabled=&#8220;off&#8220; button_one_border_radius__hover_enabled=&#8220;off&#8220; button_two_border_radius__hover_enabled=&#8220;off&#8220; button_letter_spacing__hover_enabled=&#8220;off&#8220; button_one_letter_spacing__hover_enabled=&#8220;off&#8220; button_two_letter_spacing__hover_enabled=&#8220;off&#8220; button_bg_color__hover_enabled=&#8220;off&#8220; button_one_bg_color__hover_enabled=&#8220;off&#8220; button_two_bg_color__hover_enabled=&#8220;off&#8220;][\/et_pb_button][\/et_pb_column][et_pb_column type=&#8220;2_5&#8243; _builder_version=&#8220;4.16&#8243; custom_padding=&#8220;|||&#8220; global_colors_info=&#8220;{}&#8220; custom_padding__hover=&#8220;|||&#8220;][et_pb_image src=&#8220;https:\/\/www.smart-pricer.com\/wp-content\/uploads\/11.png&#8220; url=&#8220;\/?page_id=4698&#8243; align_tablet=&#8220;center&#8220; align_phone=&#8220;center&#8220; align_last_edited=&#8220;on|desktop&#8220; module_class=&#8220;box-shadow-light&#8220; _builder_version=&#8220;4.16&#8243; max_width=&#8220;300px&#8220; module_alignment=&#8220;left&#8220; custom_margin=&#8220;|||&#8220; global_colors_info=&#8220;{}&#8220;][\/et_pb_image][\/et_pb_column][\/et_pb_row][et_pb_row column_structure=&#8220;3_5,2_5&#8243; disabled_on=&#8220;on|on|on&#8220; _builder_version=&#8220;4.16&#8243; custom_padding=&#8220;50px|0px|29px|0px|false|false&#8220; border_width_top=&#8220;1px&#8220; border_color_top=&#8220;#e2eefb&#8220; disabled=&#8220;on&#8220; global_colors_info=&#8220;{}&#8220;][et_pb_column type=&#8220;3_5&#8243; _builder_version=&#8220;4.16&#8243; custom_padding=&#8220;|||&#8220; global_colors_info=&#8220;{}&#8220; custom_padding__hover=&#8220;|||&#8220;][et_pb_text admin_label=&#8220;Title&#8220; _builder_version=&#8220;4.16&#8243; text_font=&#8220;||||||||&#8220; text_font_size=&#8220;17px&#8220; header_font=&#8220;||||||||&#8220; header_2_font=&#8220;||||||||&#8220; module_alignment=&#8220;center&#8220; custom_margin=&#8220;||10px|&#8220; animation_style=&#8220;slide&#8220; animation_direction=&#8220;top&#8220; animation_intensity_slide=&#8220;10%&#8220; animation_starting_opacity=&#8220;100%&#8220; global_colors_info=&#8220;{}&#8220;]<\/p>\n<h2>Webinar: Dynamic Pricing f\u00fcr Bergbahn Unternehmen<\/h2>\n<p>[\/et_pb_text][et_pb_divider color=&#8220;#23b1e8&#8243; divider_position=&#8220;center&#8220; divider_weight=&#8220;6px&#8220; _builder_version=&#8220;4.16&#8243; max_width=&#8220;40px&#8220; module_alignment=&#8220;left&#8220; saved_tabs=&#8220;all&#8220; global_colors_info=&#8220;{}&#8220;][\/et_pb_divider][et_pb_text _builder_version=&#8220;4.16&#8243; text_font=&#8220;||||||||&#8220; header_font=&#8220;||||||||&#8220; header_3_font=&#8220;||||||||&#8220; global_colors_info=&#8220;{}&#8220;]In diesem Webinar \u00fcberpr\u00fcfen wir den Hintergrund und die Motivation f\u00fcr Dynamic Pricing in Skigebieten. Dar\u00fcber hinaus untersuchen wir die M\u00f6glichkeiten zur Preisoptimierung und zeigen Fallstudien aus dem Alpenraum. Im zweiten Teil des Webinars finden Fragen und Antworten von Teilnehmern und unseren Preisexperten statt.<br \/>\n[\/et_pb_text][et_pb_blurb use_icon=&#8220;on&#8220; font_icon=&#8220;&#x4e;||divi||400&#8243; icon_placement=&#8220;left&#8220; image_icon_width=&#8220;28px&#8220; content_max_width=&#8220;100%&#8220; _builder_version=&#8220;4.16&#8243; header_font=&#8220;||||||||&#8220; body_font=&#8220;|600|||||||&#8220; custom_margin=&#8220;|||&#8220; icon_font_size=&#8220;28px&#8220; global_colors_info=&#8220;{}&#8220;] Entdecken Sie die t\u00e4gliche Nachfrage und kalkulieren Sie die richtige Pricing Strategie [\/et_pb_blurb][et_pb_blurb use_icon=&#8220;on&#8220; font_icon=&#8220;&#x4e;||divi||400&#8243; icon_placement=&#8220;left&#8220; image_icon_width=&#8220;28px&#8220; content_max_width=&#8220;100%&#8220; _builder_version=&#8220;4.16&#8243; header_font=&#8220;||||||||&#8220; body_font=&#8220;|600|||||||&#8220; custom_margin=&#8220;|||&#8220; icon_font_size=&#8220;28px&#8220; global_colors_info=&#8220;{}&#8220;] Hunderte Faktoren beeinflussen die Nachfrage, so wie Zeitpunkt, Wetter, Saison, uvm. [\/et_pb_blurb][et_pb_blurb use_icon=&#8220;on&#8220; font_icon=&#8220;&#x4e;||divi||400&#8243; icon_placement=&#8220;left&#8220; image_icon_width=&#8220;28px&#8220; content_max_width=&#8220;100%&#8220; _builder_version=&#8220;4.16&#8243; header_font=&#8220;||||||||&#8220; body_font=&#8220;|600|||||||&#8220; custom_margin=&#8220;|||&#8220; icon_font_size=&#8220;28px&#8220; global_colors_info=&#8220;{}&#8220;] Attraktive und dynamische Preise verlagern die Nachfrage zu Randzeiten [\/et_pb_blurb][et_pb_button button_url=&#8220;https:\/\/www.smart-pricer.com\/de\/case-studies-und-white-papers\/webinar-dynamic-pricing-fur-bergbahn-unternehmen\/&#8220; button_text=&#8220;Mehr erfahren und Webinar anschauen&#8220; _builder_version=&#8220;4.16&#8243; global_colors_info=&#8220;{}&#8220; button_text_size__hover_enabled=&#8220;off&#8220; button_one_text_size__hover_enabled=&#8220;off&#8220; button_two_text_size__hover_enabled=&#8220;off&#8220; button_text_color__hover_enabled=&#8220;off&#8220; button_one_text_color__hover_enabled=&#8220;off&#8220; button_two_text_color__hover_enabled=&#8220;off&#8220; button_border_width__hover_enabled=&#8220;off&#8220; button_one_border_width__hover_enabled=&#8220;off&#8220; button_two_border_width__hover_enabled=&#8220;off&#8220; button_border_color__hover_enabled=&#8220;off&#8220; button_one_border_color__hover_enabled=&#8220;off&#8220; button_two_border_color__hover_enabled=&#8220;off&#8220; button_border_radius__hover_enabled=&#8220;off&#8220; button_one_border_radius__hover_enabled=&#8220;off&#8220; button_two_border_radius__hover_enabled=&#8220;off&#8220; button_letter_spacing__hover_enabled=&#8220;off&#8220; button_one_letter_spacing__hover_enabled=&#8220;off&#8220; button_two_letter_spacing__hover_enabled=&#8220;off&#8220; button_bg_color__hover_enabled=&#8220;off&#8220; button_one_bg_color__hover_enabled=&#8220;off&#8220; button_two_bg_color__hover_enabled=&#8220;off&#8220;][\/et_pb_button][\/et_pb_column][et_pb_column type=&#8220;2_5&#8243; _builder_version=&#8220;4.16&#8243; custom_padding=&#8220;|||&#8220; global_colors_info=&#8220;{}&#8220; custom_padding__hover=&#8220;|||&#8220;][et_pb_image src=&#8220;https:\/\/www.smart-pricer.com\/wp-content\/uploads\/6-1.png&#8220; url=&#8220;https:\/\/www.smart-pricer.com\/de\/case-studies-und-white-papers\/webinar-dynamic-pricing-fur-bergbahn-unternehmen\/&#8220; align_tablet=&#8220;center&#8220; align_phone=&#8220;center&#8220; align_last_edited=&#8220;on|desktop&#8220; module_class=&#8220;box-shadow-light&#8220; _builder_version=&#8220;4.16&#8243; max_width=&#8220;300px&#8220; module_alignment=&#8220;left&#8220; custom_margin=&#8220;|||&#8220; global_colors_info=&#8220;{}&#8220;][\/et_pb_image][\/et_pb_column][\/et_pb_row][\/et_pb_section]<\/p>\n","protected":false},"excerpt":{"rendered":"<p>PRICING WEBINAREWir veranstalten regelm\u00e4\u00dfig Webinare, um Informationen zur Preisgestaltung in verschiedenen Branchen zu erhalten. WebinareUnser Bereich zu Pricing Webinaren wird momentan f\u00fcr Sie optimiert. Bald stellen wir Ihnen hier spannende Webinare vor, in denen wir die neuesten Ans\u00e4tze zur Preisgestaltung teilen und wertvolle Einblicke bieten, wie Sie Ihre Preisstrategien optimieren k\u00f6nnen. Erfahren Sie aus erster [&hellip;]<\/p>\n","protected":false},"author":1,"featured_media":4640,"parent":0,"menu_order":0,"comment_status":"closed","ping_status":"closed","template":"","meta":{"_et_pb_use_builder":"on","_et_pb_old_content":"","_et_gb_content_width":"","inline_featured_image":false,"footnotes":""},"class_list":["post-4841","page","type-page","status-publish","has-post-thumbnail","hentry"],"_links":{"self":[{"href":"https:\/\/www.smart-pricer.com\/de\/wp-json\/wp\/v2\/pages\/4841","targetHints":{"allow":["GET"]}}],"collection":[{"href":"https:\/\/www.smart-pricer.com\/de\/wp-json\/wp\/v2\/pages"}],"about":[{"href":"https:\/\/www.smart-pricer.com\/de\/wp-json\/wp\/v2\/types\/page"}],"author":[{"embeddable":true,"href":"https:\/\/www.smart-pricer.com\/de\/wp-json\/wp\/v2\/users\/1"}],"replies":[{"embeddable":true,"href":"https:\/\/www.smart-pricer.com\/de\/wp-json\/wp\/v2\/comments?post=4841"}],"version-history":[{"count":23,"href":"https:\/\/www.smart-pricer.com\/de\/wp-json\/wp\/v2\/pages\/4841\/revisions"}],"predecessor-version":[{"id":16330,"href":"https:\/\/www.smart-pricer.com\/de\/wp-json\/wp\/v2\/pages\/4841\/revisions\/16330"}],"wp:featuredmedia":[{"embeddable":true,"href":"https:\/\/www.smart-pricer.com\/de\/wp-json\/wp\/v2\/media\/4640"}],"wp:attachment":[{"href":"https:\/\/www.smart-pricer.com\/de\/wp-json\/wp\/v2\/media?parent=4841"}],"curies":[{"name":"wp","href":"https:\/\/api.w.org\/{rel}","templated":true}]}}