{"id":3628,"date":"2019-01-24T15:17:43","date_gmt":"2019-01-24T15:17:43","guid":{"rendered":"https:\/\/www.smart-pricer.com\/case-studies-und-white-papers\/hertha-bsc-fuhrt-dynamische-preise-ein\/"},"modified":"2021-12-15T13:31:43","modified_gmt":"2021-12-15T13:31:43","slug":"hertha-bsc-fuhrt-dynamische-preise-ein","status":"publish","type":"page","link":"https:\/\/www.smart-pricer.com\/de\/case-studies-und-white-papers\/hertha-bsc-fuhrt-dynamische-preise-ein\/","title":{"rendered":"Hertha BSC f\u00fchrt Dynamische Preise ein"},"content":{"rendered":"<p>[et_pb_section fb_built=&#8220;1&#8243; _builder_version=&#8220;3.14&#8243; use_background_color_gradient=&#8220;on&#8220; background_color_gradient_start=&#8220;#093c50&#8243; background_color_gradient_end=&#8220;rgba(21,147,195,0.5)&#8220; background_color_gradient_direction=&#8220;135deg&#8220; box_shadow_style=&#8220;preset1&#8243; bottom_divider_style=&#8220;ramp2&#8243; bottom_divider_color=&#8220;#107095&#8243; bottom_divider_flip=&#8220;horizontal&#8220;][et_pb_row padding_1_tablet=&#8220;40px|||&#8220; padding_1_phone=&#8220;30px|||&#8220; padding_1_last_edited=&#8220;off|desktop&#8220; _builder_version=&#8220;3.14&#8243;][et_pb_column type=&#8220;3_5&#8243; _builder_version=&#8220;3.0.47&#8243; padding_phone=&#8220;30px|||&#8220; padding_tablet=&#8220;40px|||&#8220; padding_last_edited=&#8220;off|desktop&#8220; parallax=&#8220;off&#8220; parallax_method=&#8220;on&#8220;][et_pb_text _builder_version=&#8220;3.17.2&#8243; text_font=&#8220;||||||||&#8220; text_font_size=&#8220;18px&#8220; text_line_height=&#8220;2em&#8220; header_font=&#8220;||||||||&#8220; header_font_size=&#8220;46px&#8220; header_letter_spacing=&#8220;1px&#8220; header_line_height=&#8220;1.5em&#8220; header_text_shadow_style=&#8220;preset2&#8243; background_layout=&#8220;dark&#8220; custom_margin=&#8220;||10px|&#8220;]<\/p>\n<h1>Case Study: Hertha BSC<\/h1>\n<p>[\/et_pb_text][et_pb_divider color=&#8220;#23b1e8&#8243; divider_position=&#8220;center&#8220; divider_weight=&#8220;6px&#8220; _builder_version=&#8220;3.12.1&#8243; max_width=&#8220;40px&#8220; module_alignment=&#8220;left&#8220; saved_tabs=&#8220;all&#8220;][\/et_pb_divider][et_pb_text _builder_version=&#8220;3.17.2&#8243; text_font=&#8220;|600|||||||&#8220; text_font_size=&#8220;18px&#8220; header_font=&#8220;||||||||&#8220; header_font_size=&#8220;43px&#8220; header_line_height=&#8220;1.4em&#8220; background_layout=&#8220;dark&#8220; max_width=&#8220;600px&#8220; module_alignment=&#8220;left&#8220;]Hertha BSC und Smart Pricer f\u00fchren Dynamische Preise f\u00fcr mehr als 70,000 Pl\u00e4tze in Deutschlands drittgr\u00f6\u00dftem Stadion ein<br \/>\n[\/et_pb_text][et_pb_text _builder_version=&#8220;3.14&#8243; text_font=&#8220;||||||||&#8220; text_text_color=&#8220;#e2eefb&#8220; text_font_size=&#8220;14px&#8220; background_layout=&#8220;dark&#8220; custom_margin=&#8220;||50px|&#8220;] <a href=\"https:\/\/www.smart-pricer.com\/de\/case-studies-und-white-papers\/\"><i class=\"fas fa-long-arrow-alt-left\"><\/i> Back to all documents<\/a> [\/et_pb_text][\/et_pb_column][et_pb_column type=&#8220;2_5&#8243; _builder_version=&#8220;3.0.47&#8243; parallax=&#8220;off&#8220; parallax_method=&#8220;on&#8220;][et_pb_image src=&#8220;https:\/\/www.smart-pricer.com\/wp-content\/uploads\/Hertha-BSC-Case-Study-Thumbnail.png&#8220; url=&#8220;https:\/\/www.smart-pricer.com\/de\/download\/case-study-dynamic-pricing-bei-hertha-bsc-berlin&#8220; module_class=&#8220;box-shadow-light&#8220; _builder_version=&#8220;3.17.2&#8243; max_width=&#8220;350px&#8220; module_alignment=&#8220;left&#8220;][\/et_pb_image][\/et_pb_column][\/et_pb_row][\/et_pb_section][et_pb_section fb_built=&#8220;1&#8243; _builder_version=&#8220;3.14&#8243; background_color_gradient_direction=&#8220;90deg&#8220;][et_pb_row custom_padding=&#8220;||70px||false|false&#8220; admin_label=&#8220;Title Area&#8220; _builder_version=&#8220;3.0.92&#8243;][et_pb_column type=&#8220;1_2&#8243; _builder_version=&#8220;3.0.47&#8243; parallax=&#8220;off&#8220; parallax_method=&#8220;on&#8220;][et_pb_text admin_label=&#8220;Title&#8220; _builder_version=&#8220;3.14&#8243; text_font=&#8220;||||||||&#8220; text_font_size=&#8220;17px&#8220; header_font=&#8220;||||||||&#8220; header_2_font=&#8220;||||||||&#8220; module_alignment=&#8220;center&#8220; custom_margin=&#8220;||10px|&#8220; animation_direction=&#8220;top&#8220;]<\/p>\n<h2>Zusammenfassung<\/h2>\n<p>[\/et_pb_text][et_pb_text _builder_version=&#8220;3.17.2&#8243;]Mit Hertha BSC hat der erste gro\u00dfe deutsche Fu\u00dfballverein im gesamten Berliner Olympiastadion dynamische Preise eingef\u00fchrt. Wir haben Hertha BSC w\u00e4hrend des gesamten Prozesses der Implementierung von dynamischen Preisen bis zur transparenten Kommunikation unterst\u00fctzt. Nach den ersten erfolgreichen Tests glaubt der Verein nun, dass datengetriebene Ticketing-Entscheidungen ein wesentlicher Bestandteil eines modernen Clubs sind. Die Ticketmanager von Hertha haben heute die M\u00f6glichkeit, jedes Spiel individuell zu optimieren und zu steuern, w\u00e4hrend sie gleichzeitig die Interessen ihrer Fans sch\u00fctzen.[\/et_pb_text][et_pb_text admin_label=&#8220;Title&#8220; _builder_version=&#8220;3.14&#8243; text_font=&#8220;||||||||&#8220; text_font_size=&#8220;17px&#8220; header_font=&#8220;||||||||&#8220; header_2_font=&#8220;||||||||&#8220; module_alignment=&#8220;center&#8220; custom_margin=&#8220;||10px|&#8220; animation_direction=&#8220;top&#8220;]<\/p>\n<h2>Unsere Strategie<\/h2>\n<p>[\/et_pb_text][et_pb_text _builder_version=&#8220;3.17.2&#8243;]Zu Beginn der Zusammenarbeit erarbeitete Hertha BSC zusammen mit Smart Pricer eine Strategie, die genau den Bed\u00fcrfnissen und strategischen Zielen des Ticketing des Clubs entspricht. Hertha BSC strebt an, treue Fans mit niedrigen Preisen f\u00fcr Fr\u00fchbucher zu belohnen und gleichzeitig die insgesamt verf\u00fcgbare Sitzplatzkapazit\u00e4t im Stadion zu optimieren. \u00dcber einen Daten-Feed erh\u00e4lt Smart Pricer die aktuellen Verkaufsdaten f\u00fcr jedes Spiel. Anschlie\u00dfend verwenden wir unsere Machine Learning Pricing-Software, um diese aktuellen Daten zu analysieren und Preisempfehlungen f\u00fcr die einzelnen Sitzungs- und Ticketkategorien zu senden. Schlie\u00dflich werden diese implementiert und \u00fcber alle Vertriebskan\u00e4le von Hertha BSC dargestellt.<br \/>\n[\/et_pb_text][et_pb_button button_url=&#8220;https:\/\/www.smart-pricer.com\/de\/download\/case-study-dynamic-pricing-bei-hertha-bsc-berlin&#8220; button_text=&#8220;Studie Herunterladen&#8220; _builder_version=&#8220;3.17.2&#8243; button_icon=&#8220;%%3%%&#8220; box_shadow_style=&#8220;preset3&#8243; custom_margin=&#8220;|||&#8220; locked=&#8220;off&#8220; button_text_size__hover_enabled=&#8220;off&#8220; button_one_text_size__hover_enabled=&#8220;off&#8220; button_two_text_size__hover_enabled=&#8220;off&#8220; button_text_color__hover_enabled=&#8220;off&#8220; button_one_text_color__hover_enabled=&#8220;off&#8220; button_two_text_color__hover_enabled=&#8220;off&#8220; button_border_width__hover_enabled=&#8220;off&#8220; button_one_border_width__hover_enabled=&#8220;off&#8220; button_two_border_width__hover_enabled=&#8220;off&#8220; button_border_color__hover_enabled=&#8220;off&#8220; button_one_border_color__hover_enabled=&#8220;off&#8220; button_two_border_color__hover_enabled=&#8220;off&#8220; button_border_radius__hover_enabled=&#8220;off&#8220; button_one_border_radius__hover_enabled=&#8220;off&#8220; button_two_border_radius__hover_enabled=&#8220;off&#8220; button_letter_spacing__hover_enabled=&#8220;off&#8220; button_one_letter_spacing__hover_enabled=&#8220;off&#8220; button_two_letter_spacing__hover_enabled=&#8220;off&#8220; button_bg_color__hover_enabled=&#8220;off&#8220; button_one_bg_color__hover_enabled=&#8220;off&#8220; button_two_bg_color__hover_enabled=&#8220;off&#8220;][\/et_pb_button][\/et_pb_column][et_pb_column type=&#8220;1_2&#8243; _builder_version=&#8220;3.0.47&#8243; parallax=&#8220;off&#8220; parallax_method=&#8220;on&#8220;][et_pb_text admin_label=&#8220;Title&#8220; _builder_version=&#8220;3.14&#8243; text_font=&#8220;||||||||&#8220; text_font_size=&#8220;17px&#8220; header_font=&#8220;||||||||&#8220; header_2_font=&#8220;||||||||&#8220; module_alignment=&#8220;center&#8220; custom_margin=&#8220;||10px|&#8220; animation_direction=&#8220;top&#8220;]<\/p>\n<h2>Bewiesene Ergebnisse<\/h2>\n<p>[\/et_pb_text][et_pb_blurb title=&#8220;+2-10% Anstieg des durchschnittlichen Ticketpreis&#8220; use_icon=&#8220;on&#8220; font_icon=&#8220;%%45%%&#8220; icon_placement=&#8220;left&#8220; use_icon_font_size=&#8220;on&#8220; icon_font_size=&#8220;28px&#8220; _builder_version=&#8220;3.17.2&#8243; header_font=&#8220;||||||||&#8220; body_font=&#8220;||||||||&#8220; custom_margin=&#8220;|||&#8220;]W\u00e4hrend einige Tickets zu einem niedrigeren Preis als zuvor verkauft werden, sind andere Ticketkategorien im Preis gestiegen. Dadurch stieg der durchschnittliche Fahrpreis[\/et_pb_blurb][et_pb_blurb title=&#8220;+5 Pp Anstieg des Online-Verkaufs&#8220; use_icon=&#8220;on&#8220; font_icon=&#8220;%%45%%&#8220; icon_placement=&#8220;left&#8220; use_icon_font_size=&#8220;on&#8220; icon_font_size=&#8220;28px&#8220; _builder_version=&#8220;3.17.2&#8243; header_font=&#8220;||||||||&#8220; body_font=&#8220;||||||||&#8220; custom_margin=&#8220;|||&#8220;]Anreize f\u00fcr den Online-Kauf von Tickets hat den Online Anteil erheblich gesteigert und erlaubt gleichzeitig ein besseres Verst\u00e4ndnis des Besucherverhalten auf dem Ticketshop.<br \/>\n[\/et_pb_blurb][et_pb_blurb title=&#8220;Konstante Auslastung und gute Fan-Reaktion&#8220; use_icon=&#8220;on&#8220; font_icon=&#8220;%%45%%&#8220; icon_placement=&#8220;left&#8220; use_icon_font_size=&#8220;on&#8220; icon_font_size=&#8220;28px&#8220; _builder_version=&#8220;3.17.2&#8243; header_font=&#8220;||||||||&#8220; body_font=&#8220;||||||||&#8220; custom_margin=&#8220;|||&#8220;]Die Auslastung im Olympiastadion ist durch die dynamischen Preise konstant geblieben. Fans haben neutral bis positiv auf die \u00c4nderungen reagiert.<br \/>\n[\/et_pb_blurb][\/et_pb_column][\/et_pb_row][\/et_pb_section]<\/p>\n","protected":false},"excerpt":{"rendered":"<p>Case Study: Hertha BSC Hertha BSC und Smart Pricer f\u00fchren Dynamische Preise f\u00fcr mehr als 70,000 Pl\u00e4tze in Deutschlands drittgr\u00f6\u00dftem Stadion ein Back to all documents Zusammenfassung Mit Hertha BSC hat der erste gro\u00dfe deutsche Fu\u00dfballverein im gesamten Berliner Olympiastadion dynamische Preise eingef\u00fchrt. Wir haben Hertha BSC w\u00e4hrend des gesamten Prozesses der Implementierung von dynamischen [&hellip;]<\/p>\n","protected":false},"author":1,"featured_media":3586,"parent":2439,"menu_order":0,"comment_status":"closed","ping_status":"closed","template":"","meta":{"_et_pb_use_builder":"on","_et_pb_old_content":"","_et_gb_content_width":"","inline_featured_image":false,"footnotes":""},"class_list":["post-3628","page","type-page","status-publish","has-post-thumbnail","hentry"],"_links":{"self":[{"href":"https:\/\/www.smart-pricer.com\/de\/wp-json\/wp\/v2\/pages\/3628","targetHints":{"allow":["GET"]}}],"collection":[{"href":"https:\/\/www.smart-pricer.com\/de\/wp-json\/wp\/v2\/pages"}],"about":[{"href":"https:\/\/www.smart-pricer.com\/de\/wp-json\/wp\/v2\/types\/page"}],"author":[{"embeddable":true,"href":"https:\/\/www.smart-pricer.com\/de\/wp-json\/wp\/v2\/users\/1"}],"replies":[{"embeddable":true,"href":"https:\/\/www.smart-pricer.com\/de\/wp-json\/wp\/v2\/comments?post=3628"}],"version-history":[{"count":7,"href":"https:\/\/www.smart-pricer.com\/de\/wp-json\/wp\/v2\/pages\/3628\/revisions"}],"predecessor-version":[{"id":8865,"href":"https:\/\/www.smart-pricer.com\/de\/wp-json\/wp\/v2\/pages\/3628\/revisions\/8865"}],"up":[{"embeddable":true,"href":"https:\/\/www.smart-pricer.com\/de\/wp-json\/wp\/v2\/pages\/2439"}],"wp:featuredmedia":[{"embeddable":true,"href":"https:\/\/www.smart-pricer.com\/de\/wp-json\/wp\/v2\/media\/3586"}],"wp:attachment":[{"href":"https:\/\/www.smart-pricer.com\/de\/wp-json\/wp\/v2\/media?parent=3628"}],"curies":[{"name":"wp","href":"https:\/\/api.w.org\/{rel}","templated":true}]}}