{"id":3101,"date":"2018-11-12T17:01:22","date_gmt":"2018-11-12T17:01:22","guid":{"rendered":"https:\/\/www.smart-pricer.com\/case-studies-und-white-papers\/webinar-dynamic-pricing-fur-bergbahn-unternehmen\/"},"modified":"2022-01-26T17:11:18","modified_gmt":"2022-01-26T17:11:18","slug":"webinar-dynamic-pricing-fur-bergbahn-unternehmen","status":"publish","type":"page","link":"https:\/\/www.smart-pricer.com\/de\/case-studies-und-white-papers\/webinar-dynamic-pricing-fur-bergbahn-unternehmen\/","title":{"rendered":"Webinar Dynamic Pricing f\u00fcr Bergbahn Unternehmen"},"content":{"rendered":"<p>[et_pb_section fb_built=&#8220;1&#8243; _builder_version=&#8220;3.14&#8243; use_background_color_gradient=&#8220;on&#8220; background_color_gradient_start=&#8220;#093c50&#8243; background_color_gradient_end=&#8220;rgba(21,147,195,0.5)&#8220; background_color_gradient_direction=&#8220;135deg&#8220; box_shadow_style=&#8220;preset1&#8243; bottom_divider_style=&#8220;ramp2&#8243; bottom_divider_color=&#8220;#107095&#8243; bottom_divider_flip=&#8220;horizontal&#8220; custom_padding=&#8220;88px|0px|0|0px|false|false&#8220;][et_pb_row padding_1_tablet=&#8220;40px|||&#8220; padding_1_phone=&#8220;30px|||&#8220; padding_1_last_edited=&#8220;off|desktop&#8220; _builder_version=&#8220;3.14&#8243;][et_pb_column type=&#8220;3_5&#8243; _builder_version=&#8220;3.0.47&#8243; padding_phone=&#8220;30px|||&#8220; padding_tablet=&#8220;40px|||&#8220; padding_last_edited=&#8220;off|desktop&#8220; parallax=&#8220;off&#8220; parallax_method=&#8220;on&#8220;][et_pb_text _builder_version=&#8220;3.14&#8243; text_font_size=&#8220;18px&#8220; text_line_height=&#8220;2em&#8220; header_font_size=&#8220;46px&#8220; header_letter_spacing=&#8220;1px&#8220; header_line_height=&#8220;1.5em&#8220; header_text_shadow_style=&#8220;preset2&#8243; background_layout=&#8220;dark&#8220; custom_margin=&#8220;||10px|&#8220;]<\/p>\n<h1>Webinar: Dynamic Pricing f\u00fcr Bergbahn Unternehmen<\/h1>\n<p>[\/et_pb_text][et_pb_divider color=&#8220;#23b1e8&#8243; divider_position=&#8220;center&#8220; divider_weight=&#8220;6px&#8220; _builder_version=&#8220;3.12.1&#8243; max_width=&#8220;40px&#8220; module_alignment=&#8220;left&#8220; saved_tabs=&#8220;all&#8220;][\/et_pb_divider][et_pb_text _builder_version=&#8220;3.17.2&#8243; text_font=&#8220;|600|||||||&#8220; text_font_size=&#8220;18px&#8220; header_font=&#8220;||||||||&#8220; header_font_size=&#8220;43px&#8220; header_line_height=&#8220;1.4em&#8220; background_layout=&#8220;dark&#8220; max_width=&#8220;600px&#8220; module_alignment=&#8220;left&#8220;]In diesem weltweit ersten Webinar seiner Art \u00fcber Dynamic Pricing in Skigebieten werden die Hintergr\u00fcnde und die Motivation f\u00fcr Bergbahn-Innovatoren. Wir erkl\u00e4ren die M\u00f6glichkeiten der Preisoptimierung und CFO Thomas Rechberger von Engadin St Moritz erkl\u00e4rt wie Dynamic Pricing die Anzahl der Fr\u00fchbucher vervielfacht hat.<\/p>\n<p>Bitte laden Sie die Folien herunter, indem Sie auf den untenstehenden Link klicken. Wenn Sie das <span style=\"text-decoration: underline;\"><strong>aufgezeichnete Webinar<\/strong><\/span> erhalten m\u00f6chten, kontaktieren Sie uns bitte unter <span style=\"text-decoration: underline;\"><strong>in&#102;&#111;&#64;&#115;&#x6d;&#x61;&#x72;&#x74;&#x2d;pr&#105;&#99;&#101;&#114;&#x2e;&#x63;&#x6f;&#x6d;<\/strong><\/span> und geben Sie Ihren Namen, Firma und E-Mail-Adresse an, damit wir Ihnen das Video zusenden k\u00f6nnen.[\/et_pb_text][et_pb_button button_url=&#8220;&#109;a&#x69;l&#x74;&#111;&#x3a;&#105;&#x6e;&#102;o&#x40;s&#x6d;&#97;&#x72;&#116;&#x2d;&#112;&#x72;&#105;c&#x65;r&#x2e;&#99;&#x6f;&#109;&#8220; url_new_window=&#8220;on&#8220; button_text=&#8220;Videoanfrage&#8220; _builder_version=&#8220;3.17.2&#8243; button_icon=&#8220;%%3%%&#8220; box_shadow_style=&#8220;preset3&#8243; custom_margin=&#8220;|||&#8220; locked=&#8220;off&#8220; button_text_size__hover_enabled=&#8220;off&#8220; button_one_text_size__hover_enabled=&#8220;off&#8220; button_two_text_size__hover_enabled=&#8220;off&#8220; button_text_color__hover_enabled=&#8220;off&#8220; button_one_text_color__hover_enabled=&#8220;off&#8220; button_two_text_color__hover_enabled=&#8220;off&#8220; button_border_width__hover_enabled=&#8220;off&#8220; button_one_border_width__hover_enabled=&#8220;off&#8220; button_two_border_width__hover_enabled=&#8220;off&#8220; button_border_color__hover_enabled=&#8220;off&#8220; button_one_border_color__hover_enabled=&#8220;off&#8220; button_two_border_color__hover_enabled=&#8220;off&#8220; button_border_radius__hover_enabled=&#8220;off&#8220; button_one_border_radius__hover_enabled=&#8220;off&#8220; button_two_border_radius__hover_enabled=&#8220;off&#8220; button_letter_spacing__hover_enabled=&#8220;off&#8220; button_one_letter_spacing__hover_enabled=&#8220;off&#8220; button_two_letter_spacing__hover_enabled=&#8220;off&#8220; button_bg_color__hover_enabled=&#8220;off&#8220; button_one_bg_color__hover_enabled=&#8220;off&#8220; button_two_bg_color__hover_enabled=&#8220;off&#8220;][\/et_pb_button][et_pb_button button_url=&#8220;https:\/\/www.smart-pricer.com\/wp-content\/uploads\/Webinar-Folien_Dynamic-Pricing-f\u00fcr-Bergbahn-Unternehmen.pdf&#8220; url_new_window=&#8220;on&#8220; button_text=&#8220;Webinar Folien herunterladen&#8220; _builder_version=&#8220;3.17.2&#8243; button_icon=&#8220;%%3%%&#8220; box_shadow_style=&#8220;preset3&#8243; custom_margin=&#8220;|||&#8220; locked=&#8220;off&#8220; button_text_size__hover_enabled=&#8220;off&#8220; button_one_text_size__hover_enabled=&#8220;off&#8220; button_two_text_size__hover_enabled=&#8220;off&#8220; button_text_color__hover_enabled=&#8220;off&#8220; button_one_text_color__hover_enabled=&#8220;off&#8220; button_two_text_color__hover_enabled=&#8220;off&#8220; button_border_width__hover_enabled=&#8220;off&#8220; button_one_border_width__hover_enabled=&#8220;off&#8220; button_two_border_width__hover_enabled=&#8220;off&#8220; button_border_color__hover_enabled=&#8220;off&#8220; button_one_border_color__hover_enabled=&#8220;off&#8220; button_two_border_color__hover_enabled=&#8220;off&#8220; button_border_radius__hover_enabled=&#8220;off&#8220; button_one_border_radius__hover_enabled=&#8220;off&#8220; button_two_border_radius__hover_enabled=&#8220;off&#8220; button_letter_spacing__hover_enabled=&#8220;off&#8220; button_one_letter_spacing__hover_enabled=&#8220;off&#8220; button_two_letter_spacing__hover_enabled=&#8220;off&#8220; button_bg_color__hover_enabled=&#8220;off&#8220; button_one_bg_color__hover_enabled=&#8220;off&#8220; button_two_bg_color__hover_enabled=&#8220;off&#8220;][\/et_pb_button][et_pb_text _builder_version=&#8220;3.17.2&#8243; text_font=&#8220;||||||||&#8220; text_text_color=&#8220;#e2eefb&#8220; text_font_size=&#8220;14px&#8220; background_layout=&#8220;dark&#8220; custom_margin=&#8220;||50px|&#8220;]<a href=\"https:\/\/www.smart-pricer.com\/de\/case-studies-und-white-papers\/\">Zur\u00fcck zu allen Dokumenten<\/a><br \/>\n[\/et_pb_text][\/et_pb_column][et_pb_column type=&#8220;2_5&#8243; _builder_version=&#8220;3.0.47&#8243; parallax=&#8220;off&#8220; parallax_method=&#8220;on&#8220;][et_pb_gallery gallery_ids=&#8220;3177,3174,3171,3168&#8243; fullwidth=&#8220;on&#8220; _builder_version=&#8220;3.17.2&#8243;][\/et_pb_gallery][\/et_pb_column][\/et_pb_row][\/et_pb_section][et_pb_section fb_built=&#8220;1&#8243; _builder_version=&#8220;3.14&#8243; background_color_gradient_direction=&#8220;90deg&#8220; custom_padding=&#8220;0|0px|70px|0px|false|false&#8220;][et_pb_row custom_padding=&#8220;||0||false|false&#8220; admin_label=&#8220;Title Area&#8220; _builder_version=&#8220;3.0.92&#8243;][et_pb_column type=&#8220;1_2&#8243; _builder_version=&#8220;3.0.47&#8243; parallax=&#8220;off&#8220; parallax_method=&#8220;on&#8220;][et_pb_text admin_label=&#8220;Title&#8220; _builder_version=&#8220;3.17.2&#8243; text_font=&#8220;||||||||&#8220; text_font_size=&#8220;17px&#8220; header_font=&#8220;||||||||&#8220; header_2_font=&#8220;||||||||&#8220; module_alignment=&#8220;center&#8220; custom_margin=&#8220;||10px|&#8220; animation_direction=&#8220;top&#8220;]<\/p>\n<h2>Webinar Zusammenfassung<\/h2>\n<p>[\/et_pb_text][et_pb_text _builder_version=&#8220;3.17.2&#8243;]Ob Kino, Sport, Entertainment, Airlines oder Homeshopping &#8211; dynamische Preise steigern in vielen Bereichen bereits den Umsatz. Es geht hierbei nicht um lediglich g\u00fcnstige Preise, sondern um eine optimale Preispolitik.<\/p>\n<p>Dieses Webinar lieferte wertvolle Beitr\u00e4ge zu intelligenten Tools und intelligenten Preisgestaltungspraktiken beim Verkauf von Skigebieten, um den Ticketverkauf in Nischenzeiten voranzutreiben, den Anteil des Online-Verkaufs zu steigern, die Gesamtnutzung zu verbessern und die Kundenzufriedenheit zu erh\u00f6hen.<br \/>\n[\/et_pb_text][et_pb_text admin_label=&#8220;Title&#8220; _builder_version=&#8220;3.17.2&#8243; text_font=&#8220;||||||||&#8220; text_font_size=&#8220;17px&#8220; header_font=&#8220;||||||||&#8220; header_2_font=&#8220;||||||||&#8220; module_alignment=&#8220;center&#8220; custom_margin=&#8220;||10px|&#8220; animation_direction=&#8220;top&#8220;]<\/p>\n<h2>Die Herausforderung<\/h2>\n<p>[\/et_pb_text][et_pb_text _builder_version=&#8220;3.17.2&#8243;]Die sinkende Besucherzahl in den letzten Jahren erschwert die Deckung der steigenden Betriebskosten. Entdecken Sie die t\u00e4gliche Nachfrage nach Ihrem Skigebiet und legen Sie die richtige Preisstrategie f\u00fcr Bergbahnen, Parkpl\u00e4tze usw. fest.<br \/>\nEs gibt Hunderte von Faktoren, die die Nachfrage nach Skigebieten beeinflussen, z. B. Datum und Uhrzeit, Wetter, Jahreszeit usw. Die Vorhersage der erwarteten Nachfrage ist der Schl\u00fcssel zur Umsatzoptimierung.<br \/>\n[\/et_pb_text][\/et_pb_column][et_pb_column type=&#8220;1_2&#8243; _builder_version=&#8220;3.0.47&#8243; parallax=&#8220;off&#8220; parallax_method=&#8220;on&#8220;][et_pb_text admin_label=&#8220;Title&#8220; _builder_version=&#8220;3.17.2&#8243; text_font=&#8220;||||||||&#8220; text_font_size=&#8220;17px&#8220; header_font=&#8220;||||||||&#8220; header_2_font=&#8220;||||||||&#8220; module_alignment=&#8220;center&#8220; custom_margin=&#8220;||10px|&#8220; animation_direction=&#8220;top&#8220;]<\/p>\n<h2>3 Schritte zu Dynamic Pricing<\/h2>\n<p>[\/et_pb_text][et_pb_blurb title=&#8220;Wettbewerbsvorteil: Dynamic Pricing&#8220; use_icon=&#8220;on&#8220; font_icon=&#8220;%%45%%&#8220; icon_placement=&#8220;left&#8220; use_icon_font_size=&#8220;on&#8220; icon_font_size=&#8220;28px&#8220; _builder_version=&#8220;3.17.2&#8243; header_font=&#8220;||||||||&#8220; body_font=&#8220;||||||||&#8220; custom_margin=&#8220;|||&#8220;]Die innovative Preisstrategie kann vermeiden in einen Preiswettbewerb zu geraten und tr\u00e4gt dazu bei, saisonale Nachfrageschwankungen auszugleichen<br \/>\n[\/et_pb_blurb][et_pb_blurb title=&#8220; Fallstudie: Engadin St Moritz Bergbahnen&#8220; use_icon=&#8220;on&#8220; font_icon=&#8220;%%45%%&#8220; icon_placement=&#8220;left&#8220; use_icon_font_size=&#8220;on&#8220; icon_font_size=&#8220;28px&#8220; _builder_version=&#8220;3.17.2&#8243; header_font=&#8220;||||||||&#8220; body_font=&#8220;||||||||&#8220; custom_margin=&#8220;|||&#8220;]Thomas Rechberger, CFO bei den Engadin St Moritz Bergbahnen, bewertet die Einf\u00fchrung von Dynamic Pricing f\u00fcr sein Unternehmen<br \/>\n[\/et_pb_blurb][et_pb_blurb title=&#8220;Live Fragen &amp; Antworten&#8220; use_icon=&#8220;on&#8220; font_icon=&#8220;%%45%%&#8220; icon_placement=&#8220;left&#8220; use_icon_font_size=&#8220;on&#8220; icon_font_size=&#8220;28px&#8220; _builder_version=&#8220;3.17.2&#8243; header_font=&#8220;||||||||&#8220; body_font=&#8220;||||||||&#8220; custom_margin=&#8220;|||&#8220;]3 Experten von Grischconsulta, Engadin und Smart Pricer beantworten die Fragen der Teilnehmer in diesem einzigartigen Webinar<br \/>\n[\/et_pb_blurb][\/et_pb_column][\/et_pb_row][\/et_pb_section]<\/p>\n","protected":false},"excerpt":{"rendered":"<p>Webinar: Dynamic Pricing f\u00fcr Bergbahn Unternehmen In diesem weltweit ersten Webinar seiner Art \u00fcber Dynamic Pricing in Skigebieten werden die Hintergr\u00fcnde und die Motivation f\u00fcr Bergbahn-Innovatoren. Wir erkl\u00e4ren die M\u00f6glichkeiten der Preisoptimierung und CFO Thomas Rechberger von Engadin St Moritz erkl\u00e4rt wie Dynamic Pricing die Anzahl der Fr\u00fchbucher vervielfacht hat. Bitte laden Sie die Folien [&hellip;]<\/p>\n","protected":false},"author":1,"featured_media":3175,"parent":2439,"menu_order":0,"comment_status":"closed","ping_status":"closed","template":"","meta":{"_et_pb_use_builder":"on","_et_pb_old_content":"","_et_gb_content_width":"","inline_featured_image":false,"footnotes":""},"class_list":["post-3101","page","type-page","status-publish","has-post-thumbnail","hentry"],"_links":{"self":[{"href":"https:\/\/www.smart-pricer.com\/de\/wp-json\/wp\/v2\/pages\/3101","targetHints":{"allow":["GET"]}}],"collection":[{"href":"https:\/\/www.smart-pricer.com\/de\/wp-json\/wp\/v2\/pages"}],"about":[{"href":"https:\/\/www.smart-pricer.com\/de\/wp-json\/wp\/v2\/types\/page"}],"author":[{"embeddable":true,"href":"https:\/\/www.smart-pricer.com\/de\/wp-json\/wp\/v2\/users\/1"}],"replies":[{"embeddable":true,"href":"https:\/\/www.smart-pricer.com\/de\/wp-json\/wp\/v2\/comments?post=3101"}],"version-history":[{"count":11,"href":"https:\/\/www.smart-pricer.com\/de\/wp-json\/wp\/v2\/pages\/3101\/revisions"}],"predecessor-version":[{"id":9747,"href":"https:\/\/www.smart-pricer.com\/de\/wp-json\/wp\/v2\/pages\/3101\/revisions\/9747"}],"up":[{"embeddable":true,"href":"https:\/\/www.smart-pricer.com\/de\/wp-json\/wp\/v2\/pages\/2439"}],"wp:featuredmedia":[{"embeddable":true,"href":"https:\/\/www.smart-pricer.com\/de\/wp-json\/wp\/v2\/media\/3175"}],"wp:attachment":[{"href":"https:\/\/www.smart-pricer.com\/de\/wp-json\/wp\/v2\/media?parent=3101"}],"curies":[{"name":"wp","href":"https:\/\/api.w.org\/{rel}","templated":true}]}}