{"id":2439,"date":"2018-09-27T15:51:51","date_gmt":"2018-09-27T15:51:51","guid":{"rendered":"https:\/\/website.smart-pricer.com\/case-studies-und-white-papers\/"},"modified":"2026-04-08T18:28:25","modified_gmt":"2026-04-08T18:28:25","slug":"case-studies-und-white-papers","status":"publish","type":"page","link":"https:\/\/www.smart-pricer.com\/de\/case-studies-und-white-papers\/","title":{"rendered":"Case Studies und White Papers"},"content":{"rendered":"<p>[et_pb_section fb_built=&#8220;1&#8243; module_class=&#8220;homepage-hero-section&#8220; _builder_version=&#8220;4.20.2&#8243; use_background_color_gradient=&#8220;on&#8220; background_color_gradient_direction=&#8220;126deg&#8220; background_color_gradient_stops=&#8220;#062b39 0%|rgba(54, 84, 95, 0.81) 55%|rgba(255,255,255,0) 100%&#8220; background_color_gradient_start=&#8220;rgba(9,60,80,0.5)&#8220; background_color_gradient_end=&#8220;rgba(6,43,57,0.5)&#8220; background_image=&#8220;https:\/\/www.smart-pricer.com\/wp-content\/uploads\/Copy-of-SP-Header-Parken-3.png&#8220; background_blend=&#8220;overlay&#8220; custom_padding=&#8220;5%||5%||true&#8220; bottom_divider_color=&#8220;#107095&#8243; bottom_divider_flip=&#8220;horizontal&#8220; box_shadow_style=&#8220;preset1&#8243; global_colors_info=&#8220;{}&#8220;][et_pb_row padding_top_bottom_link_2=&#8220;true&#8220; padding_left_right_link_2=&#8220;true&#8220; admin_label=&#8220;Hero Area&#8220; _builder_version=&#8220;4.16&#8243; background_size=&#8220;initial&#8220; background_position=&#8220;top_left&#8220; background_repeat=&#8220;repeat&#8220; module_alignment=&#8220;center&#8220; custom_padding=&#8220;|||&#8220; global_colors_info=&#8220;{}&#8220;][et_pb_column type=&#8220;4_4&#8243; _builder_version=&#8220;4.16&#8243; custom_padding=&#8220;|||&#8220; custom_padding_tablet=&#8220;0px|||&#8220; custom_padding_last_edited=&#8220;off|desktop&#8220; global_colors_info=&#8220;{}&#8220; padding_tablet=&#8220;0px|||&#8220; padding_last_edited=&#8220;off|desktop&#8220; custom_padding__hover=&#8220;|||&#8220;][et_pb_text _builder_version=&#8220;4.16&#8243; text_font=&#8220;||||||||&#8220; text_font_size=&#8220;18px&#8220; text_line_height=&#8220;2em&#8220; header_font=&#8220;||||||||&#8220; header_font_size=&#8220;50px&#8220; header_letter_spacing=&#8220;1px&#8220; header_line_height=&#8220;1.5em&#8220; background_layout=&#8220;dark&#8220; custom_margin=&#8220;||10px|&#8220; header_text_shadow_style=&#8220;preset2&#8243; global_colors_info=&#8220;{}&#8220;]<\/p>\n<h1>CASE STUDIES UND WHITE PAPERS<\/h1>\n<p>[\/et_pb_text][et_pb_divider color=&#8220;#E75A24&#8243; divider_weight=&#8220;6px&#8220; _builder_version=&#8220;4.20.2&#8243; _module_preset=&#8220;default&#8220; max_width=&#8220;3%&#8220; global_colors_info=&#8220;{}&#8220;][\/et_pb_divider][et_pb_text _builder_version=&#8220;4.16&#8243; text_font=&#8220;|600|||||||&#8220; text_font_size=&#8220;18px&#8220; header_font=&#8220;||||||||&#8220; header_font_size=&#8220;43px&#8220; header_line_height=&#8220;1.4em&#8220; background_layout=&#8220;dark&#8220; max_width=&#8220;600px&#8220; module_alignment=&#8220;left&#8220; text_text_shadow_style=&#8220;preset2&#8243; global_colors_info=&#8220;{}&#8220;]Erhalten Sie Zugriff auf unsere White Paper \u00fcber Pricing und Case Studies unserer Kunden um die Auswirkung unserer Pricing Services zu verstehen.<br \/>\n[\/et_pb_text][\/et_pb_column][\/et_pb_row][\/et_pb_section][et_pb_section fb_built=&#8220;1&#8243; _builder_version=&#8220;4.16&#8243; global_colors_info=&#8220;{}&#8220;][et_pb_row _builder_version=&#8220;4.20.2&#8243; _module_preset=&#8220;default&#8220; custom_padding=&#8220;||0px|||&#8220; global_colors_info=&#8220;{}&#8220;][et_pb_column type=&#8220;4_4&#8243; _builder_version=&#8220;4.20.2&#8243; _module_preset=&#8220;default&#8220; global_colors_info=&#8220;{}&#8220;][et_pb_text _builder_version=&#8220;4.20.2&#8243; _module_preset=&#8220;default&#8220; header_2_text_align=&#8220;center&#8220; header_2_font_size=&#8220;36px&#8220; header_3_text_align=&#8220;center&#8220; header_3_font_size=&#8220;32px&#8220; global_colors_info=&#8220;{}&#8220;]<\/p>\n<h2>Case Studies und White Papers<\/h2>\n<p>[\/et_pb_text][et_pb_divider color=&#8220;gcid-a74bb350-44c7-4d01-872d-508d45488647&#8243; divider_weight=&#8220;6px&#8220; _builder_version=&#8220;4.20.2&#8243; _module_preset=&#8220;default&#8220; width=&#8220;3%&#8220; max_width=&#8220;56%&#8220; module_alignment=&#8220;center&#8220; global_colors_info=&#8220;{%22gcid-a74bb350-44c7-4d01-872d-508d45488647%22:%91%22color%22%93}&#8220;][\/et_pb_divider][et_pb_text _builder_version=&#8220;4.20.2&#8243; _module_preset=&#8220;default&#8220; max_width=&#8220;65%&#8220; module_alignment=&#8220;center&#8220; custom_margin=&#8220;||60px|||&#8220; global_colors_info=&#8220;{}&#8220;]<\/p>\n<p style=\"text-align: center;\"><span>Unsere Case Studies und White Papers bieten Ihnen wertvolle Einblicke in praxisorientierte L\u00f6sungen und bew\u00e4hrte Strategien. Entdecken Sie, wie wir Unternehmen dabei unterst\u00fctzen, ihre Ziele zu erreichen und Herausforderungen zu meistern<\/span><\/p>\n<p>[\/et_pb_text][et_pb_text _builder_version=&#8220;4.20.2&#8243; _module_preset=&#8220;default&#8220; max_width=&#8220;85%&#8220; module_alignment=&#8220;center&#8220; min_height=&#8220;35.6px&#8220; custom_margin=&#8220;-16px||60px|||&#8220; custom_padding=&#8220;0px||0px|||&#8220; border_width_bottom=&#8220;1px&#8220; border_color_bottom=&#8220;#C3C4C3&#8243; global_colors_info=&#8220;{}&#8220; locked=&#8220;off&#8220;][\/et_pb_text][et_pb_blog fullwidth=&#8220;off&#8220; posts_number=&#8220;6&#8243; include_categories=&#8220;206&#8243; excerpt_length=&#8220;200&#8243; show_more=&#8220;on&#8220; show_author=&#8220;off&#8220; show_categories=&#8220;off&#8220; show_excerpt=&#8220;off&#8220; use_overlay=&#8220;on&#8220; overlay_icon_color=&#8220;RGBA(255,255,255,0)&#8220; masonry_tile_background_color=&#8220;RGBA(255,255,255,0)&#8220; module_class=&#8220;pricing-blog-grid&#8220; _builder_version=&#8220;4.27.4&#8243; header_font=&#8220;|700|||||||&#8220; header_text_align=&#8220;right&#8220; header_text_color=&#8220;#062B39&#8243; header_font_size=&#8220;15px&#8220; body_font=&#8220;||||||||&#8220; meta_font=&#8220;|700||on|||||&#8220; meta_font_size=&#8220;12px&#8220; meta_letter_spacing=&#8220;2px&#8220; read_more_font=&#8220;||||||||&#8220; read_more_text_color=&#8220;#107095&#8243; pagination_font=&#8220;|700||on|||||&#8220; pagination_text_color=&#8220;#107095&#8243; pagination_line_height=&#8220;1.5em&#8220; background_color=&#8220;RGBA(255,255,255,0)&#8220; text_orientation=&#8220;left&#8220; width=&#8220;98%&#8220; module_alignment=&#8220;center&#8220; min_height=&#8220;987.3px&#8220; custom_margin=&#8220;|-36px||0px|false|false&#8220; custom_padding=&#8220;||0px|0px|false|false&#8220; child_filter_saturate=&#8220;0%&#8220; child_filter_brightness=&#8220;125%&#8220; child_filter_contrast=&#8220;75%&#8220; animation_style=&#8220;fade&#8220; hover_enabled=&#8220;0&#8243; border_width_all=&#8220;0px&#8220; border_color_all=&#8220;#1593C3&#8243; border_width_top=&#8220;8px&#8220; border_width_top_fullwidth=&#8220;5px&#8220; border_color_top_fullwidth=&#8220;#1593c3&#8243; border_color_bottom_fullwidth=&#8220;#1593c3&#8243; box_shadow_style=&#8220;preset3&#8243; locked=&#8220;off&#8220; global_colors_info=&#8220;{}&#8220; sticky_enabled=&#8220;0&#8243;][\/et_pb_blog][\/et_pb_column][\/et_pb_row][et_pb_row column_structure=&#8220;1_2,1_2&#8243; disabled_on=&#8220;on|on|on&#8220; _builder_version=&#8220;4.20.2&#8243; _module_preset=&#8220;default&#8220; custom_padding=&#8220;21px|||||&#8220; disabled=&#8220;on&#8220; ab_subject=&#8220;on&#8220; ab_subject_id=&#8220;1&#8243; global_colors_info=&#8220;{}&#8220;][et_pb_column type=&#8220;1_2&#8243; _builder_version=&#8220;4.20.2&#8243; _module_preset=&#8220;default&#8220; global_colors_info=&#8220;{}&#8220;][et_pb_text _builder_version=&#8220;4.20.2&#8243; _module_preset=&#8220;default&#8220; ab_goal=&#8220;on&#8220; global_colors_info=&#8220;{}&#8220;]<\/p>\n<p><span>Unsere Fallstudien befinden sich derzeit in einer spannenden \u00dcberarbeitung. In K\u00fcrze werden wir Ihnen hier tiefere Einblicke in unsere erfolgreichsten Projekte und L\u00f6sungsans\u00e4tze pr\u00e4sentieren. Freuen Sie sich auf detaillierte Beispiele, die Ihnen zeigen, wie wir Unternehmen dabei unterst\u00fctzen, Herausforderungen zu meistern und ihre Ziele zu erreichen. <\/span><\/p>\n<p><strong>Bleiben Sie gespannt \u2013 weitere faszinierende Details folgen schon bald!<\/strong><\/p>\n<p>[\/et_pb_text][et_pb_button button_url=&#8220;https:\/\/www.smart-pricer.com\/de\/kontakt\/&#8220; button_text=&#8220;Neugierg? Kontaktieren SIe uns!&#8220; button_alignment=&#8220;center&#8220; _builder_version=&#8220;4.20.2&#8243; _module_preset=&#8220;default&#8220; custom_margin=&#8220;82px|||||&#8220; global_colors_info=&#8220;{}&#8220;][\/et_pb_button][\/et_pb_column][et_pb_column type=&#8220;1_2&#8243; _builder_version=&#8220;4.20.2&#8243; _module_preset=&#8220;default&#8220; global_colors_info=&#8220;{}&#8220;][et_pb_image src=&#8220;https:\/\/www.smart-pricer.com\/wp-content\/uploads\/Dynamic-Pricing-Artwork-1.png&#8220; title_text=&#8220;Dynamic Pricing Artwork&#8220; _builder_version=&#8220;4.20.2&#8243; _module_preset=&#8220;default&#8220; height=&#8220;479px&#8220; global_colors_info=&#8220;{}&#8220;][\/et_pb_image][\/et_pb_column][\/et_pb_row][et_pb_row column_structure=&#8220;1_2,1_2&#8243; disabled_on=&#8220;on|on|on&#8220; _builder_version=&#8220;4.20.2&#8243; _module_preset=&#8220;default&#8220; min_height=&#8220;931.9px&#8220; custom_margin=&#8220;0px|auto||auto||&#8220; custom_padding=&#8220;55px|||6px||&#8220; border_width_top=&#8220;1px&#8220; border_color_top=&#8220;#E2EEFB&#8220; global_colors_info=&#8220;{}&#8220; disabled=&#8220;on&#8220;][et_pb_column type=&#8220;1_2&#8243; _builder_version=&#8220;4.20.2&#8243; _module_preset=&#8220;default&#8220; global_colors_info=&#8220;{}&#8220;][et_pb_text _builder_version=&#8220;4.20.2&#8243; _module_preset=&#8220;default&#8220; min_height=&#8220;68px&#8220; custom_margin=&#8220;|-25px|16px|||&#8220; global_colors_info=&#8220;{}&#8220;]<\/p>\n<h2><span>Whitepaper: Pricing und Packaging-Studie 2025<\/span><\/h2>\n<p>[\/et_pb_text][et_pb_divider color=&#8220;#1593C3&#8243; divider_weight=&#8220;6px&#8220; _builder_version=&#8220;4.20.2&#8243; _module_preset=&#8220;default&#8220; width=&#8220;5%&#8220; max_width=&#8220;100%&#8220; global_colors_info=&#8220;{}&#8220;][\/et_pb_divider][et_pb_text _builder_version=&#8220;4.20.2&#8243; _module_preset=&#8220;default&#8220; custom_margin=&#8220;-31px|-314px||||&#8220; custom_padding=&#8220;|278px||||&#8220; global_colors_info=&#8220;{}&#8220;]<\/p>\n<p><span>Wie sieht die Zukunft des Wintersports aus? Welche Erwartungen haben G\u00e4ste, und wie sollten Bergbahnen darauf reagieren? Unsere <\/span><em>Pricing und Packaging-Studie 2025<\/em><span>, eine Kooperation von P8 Marketing und Smart Pricer GmbH, gibt tiefgehende Einblicke in die Bed\u00fcrfnisse und Zahlungsbereitschaft von G\u00e4sten der n\u00e4chsten Jahre.<\/span><\/p>\n<p>[\/et_pb_text][et_pb_blurb title=&#8220;Nachfrage im Wandel&#8220; use_icon=&#8220;on&#8220; font_icon=&#8220;&#x52;||divi||400&#8243; icon_placement=&#8220;left&#8220; image_icon_width=&#8220;25px&#8220; _builder_version=&#8220;4.20.2&#8243; _module_preset=&#8220;default&#8220; header_level=&#8220;h5&#8243; global_colors_info=&#8220;{}&#8220;]<\/p>\n<p><span>Trotz wirtschaftlicher Unsicherheiten bleibt Skifahren eine Top-Priorit\u00e4t f\u00fcr viele G\u00e4ste.<\/span><\/p>\n<p>[\/et_pb_blurb][et_pb_blurb title=&#8220;Herausforderung &#038; Chance&#8220; use_icon=&#8220;on&#8220; font_icon=&#8220;&#x52;||divi||400&#8243; icon_placement=&#8220;left&#8220; image_icon_width=&#8220;25px&#8220; _builder_version=&#8220;4.20.2&#8243; _module_preset=&#8220;default&#8220; header_level=&#8220;h5&#8243; global_colors_info=&#8220;{}&#8220;]<\/p>\n<p><span>Stammg\u00e4ste langfristig binden und neue Zielgruppen erschlie\u00dfen.<\/span><\/p>\n<p>[\/et_pb_blurb][et_pb_blurb title=&#8220;Flexibles Pricing&#8220; use_icon=&#8220;on&#8220; font_icon=&#8220;&#x52;||divi||400&#8243; icon_placement=&#8220;left&#8220; image_icon_width=&#8220;25px&#8220; _builder_version=&#8220;4.20.2&#8243; _module_preset=&#8220;default&#8220; header_level=&#8220;h5&#8243; global_colors_info=&#8220;{}&#8220;]<\/p>\n<p><span>Akzeptanz dynamischer Preise und ihrer Faktoren bei G\u00e4sten.<\/span><\/p>\n<p>[\/et_pb_blurb][et_pb_blurb title=&#8220;Marktpotenziale&#8220; use_icon=&#8220;on&#8220; font_icon=&#8220;&#x52;||divi||400&#8243; icon_placement=&#8220;left&#8220; image_icon_width=&#8220;25px&#8220; _builder_version=&#8220;4.20.2&#8243; _module_preset=&#8220;default&#8220; header_level=&#8220;h5&#8243; global_colors_info=&#8220;{}&#8220;]<\/p>\n<p><span>Wie Preisstrategien die Anzahl der Skitage und gastronomische Ausgaben beeinflussen.<\/span><\/p>\n<p>[\/et_pb_blurb][et_pb_blurb title=&#8220;Handlungsfelder&#8220; use_icon=&#8220;on&#8220; font_icon=&#8220;&#x52;||divi||400&#8243; icon_placement=&#8220;left&#8220; image_icon_width=&#8220;25px&#8220; _builder_version=&#8220;4.20.2&#8243; _module_preset=&#8220;default&#8220; header_level=&#8220;h5&#8243; global_colors_info=&#8220;{}&#8220;]<\/p>\n<p><span>Neue Ans\u00e4tze f\u00fcr nachhaltiges Wachstum und zukunftssichere Strategien.<\/span><\/p>\n<p>[\/et_pb_blurb][et_pb_button button_url=&#8220;https:\/\/www.smart-pricer.com\/wp-content\/uploads\/SmartPricer-P8_Whitepaper_Strategiestudie_Bergbahnen_2025_24-1.pdf&#8220; url_new_window=&#8220;on&#8220; button_text=&#8220;weitere Details zum Whitepaper&#8220; button_alignment=&#8220;center&#8220; _builder_version=&#8220;4.20.2&#8243; _module_preset=&#8220;default&#8220; custom_margin=&#8220;43px|2px||||&#8220; global_colors_info=&#8220;{}&#8220;][\/et_pb_button][\/et_pb_column][et_pb_column type=&#8220;1_2&#8243; _builder_version=&#8220;4.20.2&#8243; _module_preset=&#8220;default&#8220; global_colors_info=&#8220;{}&#8220;][et_pb_image src=&#8220;https:\/\/www.smart-pricer.com\/wp-content\/uploads\/Whitepaper.png&#8220; title_text=&#8220;Whitepaper&#8220; url=&#8220;https:\/\/www.smart-pricer.com\/wp-content\/uploads\/SmartPricer-P8_Whitepaper_Strategiestudie_Bergbahnen_2025_24-1.pdf&#8220; url_new_window=&#8220;on&#8220; _builder_version=&#8220;4.20.2&#8243; _module_preset=&#8220;default&#8220; custom_margin=&#8220;-1px|||||&#8220; custom_padding=&#8220;4px|||||&#8220; global_colors_info=&#8220;{}&#8220;][\/et_pb_image][\/et_pb_column][\/et_pb_row][et_pb_row column_structure=&#8220;1_2,1_2&#8243; _builder_version=&#8220;4.27.4&#8243; _module_preset=&#8220;default&#8220; global_module=&#8220;16874&#8243; saved_tabs=&#8220;all&#8220; global_colors_info=&#8220;{}&#8220; locked=&#8220;off&#8220;][et_pb_column type=&#8220;1_2&#8243; _builder_version=&#8220;4.27.4&#8243; _module_preset=&#8220;default&#8220; global_colors_info=&#8220;{}&#8220;][et_pb_text _builder_version=&#8220;4.27.4&#8243; _module_preset=&#8220;default&#8220; width=&#8220;90%&#8220; module_alignment=&#8220;center&#8220; global_colors_info=&#8220;{}&#8220;]<\/p>\n<h1 style=\"text-align: center;\">Sie m\u00f6chten regelm\u00e4\u00dfige News zu Pricing, Ticketing und mehr?<\/h1>\n<p>[\/et_pb_text][et_pb_icon font_icon=&#8220;&#xf1d8;||fa||900&#8243; icon_color=&#8220;#093C50&#8243; icon_width=&#8220;70px&#8220; font_icon_last_edited=&#8220;off|desktop&#8220; _builder_version=&#8220;4.27.4&#8243; _module_preset=&#8220;default&#8220; background_color=&#8220;RGBA(255,255,255,0)&#8220; global_colors_info=&#8220;{}&#8220; font_icon__hover_enabled=&#8220;off|desktop&#8220;][\/et_pb_icon][et_pb_text _builder_version=&#8220;4.27.4&#8243; _module_preset=&#8220;default&#8220; width=&#8220;60%&#8220; module_alignment=&#8220;center&#8220; global_colors_info=&#8220;{}&#8220;]<\/p>\n<h3 style=\"text-align: center;\">Abonnieren Sie unseren Newsletter!<\/h3>\n<p>[\/et_pb_text][\/et_pb_column][et_pb_column type=&#8220;1_2&#8243; _builder_version=&#8220;4.27.4&#8243; _module_preset=&#8220;default&#8220; global_colors_info=&#8220;{}&#8220;][et_pb_code _builder_version=&#8220;4.27.4&#8243; _module_preset=&#8220;default&#8220; module_alignment=&#8220;center&#8220; global_colors_info=&#8220;{}&#8220;]<\/p>\n<div style=\"width:100%;height:500px;\" data-fillout-id=\"q28C1QFGkZus\" data-fillout-embed-type=\"standard\" data-fillout-inherit-parameters data-fillout-dynamic-resize><\/div>\n<p><script src=\"https:\/\/server.fillout.com\/embed\/v1\/\"><\/script>[\/et_pb_code][\/et_pb_column][\/et_pb_row][\/et_pb_section]<\/p>\n","protected":false},"excerpt":{"rendered":"<p>CASE STUDIES UND WHITE PAPERSErhalten Sie Zugriff auf unsere White Paper \u00fcber Pricing und Case Studies unserer Kunden um die Auswirkung unserer Pricing Services zu verstehen. Case Studies und White PapersUnsere Case Studies und White Papers bieten Ihnen wertvolle Einblicke in praxisorientierte L\u00f6sungen und bew\u00e4hrte Strategien. Entdecken Sie, wie wir Unternehmen dabei unterst\u00fctzen, ihre Ziele [&hellip;]<\/p>\n","protected":false},"author":2,"featured_media":0,"parent":0,"menu_order":0,"comment_status":"closed","ping_status":"closed","template":"","meta":{"_et_pb_use_builder":"on","_et_pb_old_content":"","_et_gb_content_width":"","inline_featured_image":false,"footnotes":""},"class_list":["post-2439","page","type-page","status-publish","hentry"],"_links":{"self":[{"href":"https:\/\/www.smart-pricer.com\/de\/wp-json\/wp\/v2\/pages\/2439","targetHints":{"allow":["GET"]}}],"collection":[{"href":"https:\/\/www.smart-pricer.com\/de\/wp-json\/wp\/v2\/pages"}],"about":[{"href":"https:\/\/www.smart-pricer.com\/de\/wp-json\/wp\/v2\/types\/page"}],"author":[{"embeddable":true,"href":"https:\/\/www.smart-pricer.com\/de\/wp-json\/wp\/v2\/users\/2"}],"replies":[{"embeddable":true,"href":"https:\/\/www.smart-pricer.com\/de\/wp-json\/wp\/v2\/comments?post=2439"}],"version-history":[{"count":60,"href":"https:\/\/www.smart-pricer.com\/de\/wp-json\/wp\/v2\/pages\/2439\/revisions"}],"predecessor-version":[{"id":17129,"href":"https:\/\/www.smart-pricer.com\/de\/wp-json\/wp\/v2\/pages\/2439\/revisions\/17129"}],"wp:attachment":[{"href":"https:\/\/www.smart-pricer.com\/de\/wp-json\/wp\/v2\/media?parent=2439"}],"curies":[{"name":"wp","href":"https:\/\/api.w.org\/{rel}","templated":true}]}}