{"id":2423,"date":"2018-09-27T15:22:58","date_gmt":"2018-09-27T15:22:58","guid":{"rendered":"https:\/\/website.smart-pricer.com\/pricing-blog\/"},"modified":"2025-10-31T15:14:45","modified_gmt":"2025-10-31T15:14:45","slug":"pricing-blog","status":"publish","type":"page","link":"https:\/\/www.smart-pricer.com\/de\/pricing-blog\/","title":{"rendered":"Pricing Blog"},"content":{"rendered":"<p>[et_pb_section fb_built=&#8220;1&#8243; module_class=&#8220;homepage-hero-section&#8220; _builder_version=&#8220;4.20.2&#8243; use_background_color_gradient=&#8220;on&#8220; background_color_gradient_direction=&#8220;154deg&#8220; background_color_gradient_stops=&#8220;#062b39 1%|rgba(255,255,255,0) 100%&#8220; background_color_gradient_start=&#8220;rgba(9,60,80,0.5)&#8220; background_color_gradient_end=&#8220;rgba(6,43,57,0.5)&#8220; background_image=&#8220;https:\/\/www.smart-pricer.com\/wp-content\/uploads\/Copy-of-SP-Header-Parken-2.png&#8220; background_blend=&#8220;overlay&#8220; custom_padding=&#8220;5%||5%||true&#8220; bottom_divider_color=&#8220;#107095&#8243; bottom_divider_flip=&#8220;horizontal&#8220; box_shadow_style=&#8220;preset1&#8243; global_colors_info=&#8220;{}&#8220;][et_pb_row padding_top_bottom_link_2=&#8220;true&#8220; padding_left_right_link_2=&#8220;true&#8220; admin_label=&#8220;Hero Area&#8220; _builder_version=&#8220;4.16&#8243; background_size=&#8220;initial&#8220; background_position=&#8220;top_left&#8220; background_repeat=&#8220;repeat&#8220; module_alignment=&#8220;center&#8220; custom_padding=&#8220;|||&#8220; global_colors_info=&#8220;{}&#8220;][et_pb_column type=&#8220;4_4&#8243; _builder_version=&#8220;4.16&#8243; custom_padding=&#8220;|||&#8220; custom_padding_tablet=&#8220;0px|||&#8220; custom_padding_last_edited=&#8220;off|desktop&#8220; global_colors_info=&#8220;{}&#8220; padding_tablet=&#8220;0px|||&#8220; padding_last_edited=&#8220;off|desktop&#8220; custom_padding__hover=&#8220;|||&#8220;][et_pb_text _builder_version=&#8220;4.16&#8243; text_font_size=&#8220;18px&#8220; text_line_height=&#8220;2em&#8220; header_font_size=&#8220;50px&#8220; header_letter_spacing=&#8220;1px&#8220; header_line_height=&#8220;1.5em&#8220; background_layout=&#8220;dark&#8220; custom_margin=&#8220;||10px|&#8220; header_text_shadow_style=&#8220;preset2&#8243; global_colors_info=&#8220;{}&#8220;]<\/p>\n<h1>SMART PRICER BLOG<\/h1>\n<p>[\/et_pb_text][et_pb_divider color=&#8220;#E75A24&#8243; divider_weight=&#8220;6px&#8220; _builder_version=&#8220;4.20.2&#8243; _module_preset=&#8220;default&#8220; max_width=&#8220;3%&#8220; global_colors_info=&#8220;{}&#8220;][\/et_pb_divider][et_pb_text _builder_version=&#8220;4.20.2&#8243; text_font=&#8220;|600|||||||&#8220; text_font_size=&#8220;18px&#8220; header_font_size=&#8220;43px&#8220; header_line_height=&#8220;1.4em&#8220; background_layout=&#8220;dark&#8220; max_width=&#8220;600px&#8220; module_alignment=&#8220;left&#8220; text_text_shadow_style=&#8220;preset2&#8243; global_colors_info=&#8220;{}&#8220;]<\/p>\n<p><span>Tauchen Sie in unsere neuesten Beitr\u00e4ge ein und bleiben Sie stets \u00fcber die aktuellsten Entwicklungen in der weltweiten Preisgestaltung informiert. <\/span><\/p>\n<p>[\/et_pb_text][\/et_pb_column][\/et_pb_row][\/et_pb_section][et_pb_section fb_built=&#8220;1&#8243; admin_label=&#8220;Blog&#8220; _builder_version=&#8220;4.20.2&#8243; custom_padding=&#8220;||26px|||&#8220; global_colors_info=&#8220;{}&#8220;][et_pb_row column_structure=&#8220;1_6,1_6,1_6,1_6,1_6,1_6&#8243; disabled_on=&#8220;on|on|on&#8220; _builder_version=&#8220;4.16&#8243; disabled=&#8220;on&#8220; global_colors_info=&#8220;{}&#8220;][et_pb_column type=&#8220;1_6&#8243; _builder_version=&#8220;4.16&#8243; custom_padding=&#8220;|||&#8220; global_colors_info=&#8220;{}&#8220; custom_padding__hover=&#8220;|||&#8220;][et_pb_blurb title=&#8220;Kino&#8220; image=&#8220;https:\/\/www.smart-pricer.com\/wp-content\/uploads\/image-028.jpg&#8220; _builder_version=&#8220;4.16&#8243; link_option_url=&#8220;https:\/\/www.smart-pricer.com\/de\/kategorie\/kino\/&#8220; global_colors_info=&#8220;{}&#8220;][\/et_pb_blurb][\/et_pb_column][et_pb_column type=&#8220;1_6&#8243; _builder_version=&#8220;4.16&#8243; custom_padding=&#8220;|||&#8220; global_colors_info=&#8220;{}&#8220; custom_padding__hover=&#8220;|||&#8220;][et_pb_blurb title=&#8220;Events&#8220; image=&#8220;https:\/\/www.smart-pricer.com\/wp-content\/uploads\/jade-masri-323340-unsplash.jpg&#8220; _builder_version=&#8220;4.16&#8243; link_option_url=&#8220;https:\/\/www.smart-pricer.com\/de\/kategorie\/live-entertainment-de\/&#8220; global_colors_info=&#8220;{}&#8220;][\/et_pb_blurb][\/et_pb_column][et_pb_column type=&#8220;1_6&#8243; _builder_version=&#8220;4.16&#8243; custom_padding=&#8220;|||&#8220; global_colors_info=&#8220;{}&#8220; custom_padding__hover=&#8220;|||&#8220;][et_pb_blurb title=&#8220;Ski&#8220; image=&#8220;https:\/\/www.smart-pricer.com\/wp-content\/uploads\/image-skiresort-01.jpeg&#8220; _builder_version=&#8220;4.16&#8243; link_option_url=&#8220;https:\/\/www.smart-pricer.com\/de\/kategorie\/ski-de\/&#8220; global_colors_info=&#8220;{}&#8220;][\/et_pb_blurb][\/et_pb_column][et_pb_column type=&#8220;1_6&#8243; _builder_version=&#8220;4.16&#8243; custom_padding=&#8220;|||&#8220; global_colors_info=&#8220;{}&#8220; custom_padding__hover=&#8220;|||&#8220;][et_pb_blurb title=&#8220;Sport&#8220; image=&#8220;https:\/\/www.smart-pricer.com\/wp-content\/uploads\/image-stadium-03.jpg&#8220; _builder_version=&#8220;4.16&#8243; link_option_url=&#8220;https:\/\/www.smart-pricer.com\/de\/kategorie\/sport\/&#8220; global_colors_info=&#8220;{}&#8220;][\/et_pb_blurb][\/et_pb_column][et_pb_column type=&#8220;1_6&#8243; _builder_version=&#8220;4.16&#8243; custom_padding=&#8220;|||&#8220; global_colors_info=&#8220;{}&#8220; custom_padding__hover=&#8220;|||&#8220;][et_pb_blurb title=&#8220;Pricing Theorie&#8220; image=&#8220;https:\/\/www.smart-pricer.com\/wp-content\/uploads\/business-coach-017.jpg&#8220; _builder_version=&#8220;4.16&#8243; link_option_url=&#8220;https:\/\/www.smart-pricer.com\/de\/kategorie\/pricing-theorie\/&#8220; global_colors_info=&#8220;{}&#8220;][\/et_pb_blurb][\/et_pb_column][et_pb_column type=&#8220;1_6&#8243; _builder_version=&#8220;4.16&#8243; custom_padding=&#8220;|||&#8220; global_colors_info=&#8220;{}&#8220; custom_padding__hover=&#8220;|||&#8220;][et_pb_blurb title=&#8220;Key Learnings&#8220; image=&#8220;https:\/\/www.smart-pricer.com\/wp-content\/uploads\/Confident-Team.jpg&#8220; _builder_version=&#8220;4.16&#8243; link_option_url=&#8220;https:\/\/www.smart-pricer.com\/de\/kategorie\/key-learnings\/&#8220; global_colors_info=&#8220;{}&#8220;][\/et_pb_blurb][\/et_pb_column][\/et_pb_row][et_pb_row custom_padding_last_edited=&#8220;on|desktop&#8220; _builder_version=&#8220;4.20.2&#8243; custom_padding=&#8220;|0|50px||false|false&#8220; custom_padding_tablet=&#8220;|0px||&#8220; custom_padding_phone=&#8220;&#8220; locked=&#8220;off&#8220; global_colors_info=&#8220;{}&#8220;][et_pb_column type=&#8220;4_4&#8243; _builder_version=&#8220;4.16&#8243; custom_padding=&#8220;|||&#8220; global_colors_info=&#8220;{}&#8220; custom_padding__hover=&#8220;|||&#8220;][et_pb_text _builder_version=&#8220;4.20.2&#8243; header_2_font_size=&#8220;36px&#8220; custom_margin=&#8220;||10px|&#8220; custom_padding=&#8220;|1px||||&#8220; global_colors_info=&#8220;{}&#8220;]<\/p>\n<h2 style=\"text-align: center;\">Pricing Blog &#8211; <strong>Aktuelle Einblicke <\/strong><\/h2>\n<h2 style=\"text-align: center;\"><strong>in globale Pricing-Trends\u00a0<\/strong><\/h2>\n<p>[\/et_pb_text][et_pb_divider color=&#8220;#23b1e8&#8243; divider_position=&#8220;center&#8220; divider_weight=&#8220;6px&#8220; _builder_version=&#8220;4.20.2&#8243; max_width=&#8220;40px&#8220; module_alignment=&#8220;center&#8220; saved_tabs=&#8220;all&#8220; global_colors_info=&#8220;{}&#8220;][\/et_pb_divider][et_pb_text _builder_version=&#8220;4.20.2&#8243; _module_preset=&#8220;default&#8220; max_width=&#8220;100%&#8220; module_alignment=&#8220;center&#8220; custom_padding=&#8220;0px||0px|||&#8220; border_color_all=&#8220;RGBA(255,255,255,0)&#8220; border_color_bottom=&#8220;#C3C4C3&#8243; global_colors_info=&#8220;{}&#8220;]<\/p>\n<p style=\"text-align: center;\">Unser Blog bietet Ihnen tiefgehende Analysen zu aufkommenden Trends, regionale Besonderheiten und die Auswirkungen wirtschaftlicher Ver\u00e4nderungen auf Preise. Entdecken Sie, wie Unternehmen in verschiedenen Branchen ihre Preisstrategien anpassen und welche Best Practices sich abzeichnen. Erhalten Sie wertvolle Anregungen, um Ihre eigenen Preisentscheidungen zu optimieren und Ihre Wettbewerbsf\u00e4higkeit zu st\u00e4rken.<\/p>\n<p style=\"text-align: center;\">[\/et_pb_text][et_pb_text _builder_version=&#8220;4.20.2&#8243; _module_preset=&#8220;default&#8220; max_width=&#8220;85%&#8220; module_alignment=&#8220;center&#8220; min_height=&#8220;35.6px&#8220; custom_margin=&#8220;-16px||60px|||&#8220; custom_padding=&#8220;0px||0px|||&#8220; border_width_bottom=&#8220;1px&#8220; border_color_bottom=&#8220;#C3C4C3&#8243; global_colors_info=&#8220;{}&#8220;][\/et_pb_text][et_pb_blog fullwidth=&#8220;off&#8220; posts_number=&#8220;6&#8243; include_categories=&#8220;54,57,52,58,55,53,56&#8243; excerpt_length=&#8220;200&#8243; show_more=&#8220;on&#8220; show_author=&#8220;off&#8220; show_categories=&#8220;off&#8220; show_excerpt=&#8220;off&#8220; use_overlay=&#8220;on&#8220; overlay_icon_color=&#8220;RGBA(255,255,255,0)&#8220; masonry_tile_background_color=&#8220;RGBA(255,255,255,0)&#8220; module_class=&#8220;pricing-blog-grid&#8220; _builder_version=&#8220;4.20.2&#8243; header_font=&#8220;|700|||||||&#8220; header_text_align=&#8220;right&#8220; header_text_color=&#8220;#062B39&#8243; header_font_size=&#8220;15px&#8220; body_font=&#8220;||||||||&#8220; meta_font=&#8220;|700||on|||||&#8220; meta_font_size=&#8220;12px&#8220; meta_letter_spacing=&#8220;2px&#8220; read_more_font=&#8220;||||||||&#8220; read_more_text_color=&#8220;#107095&#8243; pagination_font=&#8220;|700||on|||||&#8220; pagination_text_color=&#8220;#107095&#8243; pagination_line_height=&#8220;1.5em&#8220; background_color=&#8220;RGBA(255,255,255,0)&#8220; text_orientation=&#8220;left&#8220; width=&#8220;98%&#8220; module_alignment=&#8220;center&#8220; min_height=&#8220;987.3px&#8220; custom_margin=&#8220;|-36px||0px|false|false&#8220; custom_padding=&#8220;||0px|0px|false|false&#8220; child_filter_saturate=&#8220;0%&#8220; child_filter_brightness=&#8220;125%&#8220; child_filter_contrast=&#8220;75%&#8220; animation_style=&#8220;fade&#8220; border_width_all=&#8220;0px&#8220; border_color_all=&#8220;#1593C3&#8243; border_width_top=&#8220;8px&#8220; border_width_top_fullwidth=&#8220;5px&#8220; border_color_top_fullwidth=&#8220;#1593c3&#8243; border_color_bottom_fullwidth=&#8220;#1593c3&#8243; box_shadow_style=&#8220;preset3&#8243; locked=&#8220;off&#8220; global_colors_info=&#8220;{}&#8220;][\/et_pb_blog][\/et_pb_column][\/et_pb_row][et_pb_row column_structure=&#8220;1_2,1_2&#8243; _builder_version=&#8220;4.27.4&#8243; _module_preset=&#8220;default&#8220; global_colors_info=&#8220;{}&#8220; global_module=&#8220;16874&#8243; saved_tabs=&#8220;all&#8220;][et_pb_column type=&#8220;1_2&#8243; _builder_version=&#8220;4.27.4&#8243; _module_preset=&#8220;default&#8220; global_colors_info=&#8220;{}&#8220;][et_pb_text _builder_version=&#8220;4.27.4&#8243; _module_preset=&#8220;default&#8220; width=&#8220;90%&#8220; module_alignment=&#8220;center&#8220; global_colors_info=&#8220;{}&#8220;]<\/p>\n<h1 style=\"text-align: center;\">Sie m\u00f6chten regelm\u00e4\u00dfige News zu Pricing, Ticketing und mehr?<\/h1>\n<p>[\/et_pb_text][et_pb_icon font_icon=&#8220;&#xf1d8;||fa||900&#8243; icon_color=&#8220;#093C50&#8243; icon_width=&#8220;70px&#8220; font_icon_last_edited=&#8220;off|desktop&#8220; _builder_version=&#8220;4.27.4&#8243; _module_preset=&#8220;default&#8220; background_color=&#8220;RGBA(255,255,255,0)&#8220; global_colors_info=&#8220;{}&#8220; font_icon__hover_enabled=&#8220;off|desktop&#8220;][\/et_pb_icon][et_pb_text _builder_version=&#8220;4.27.4&#8243; _module_preset=&#8220;default&#8220; width=&#8220;60%&#8220; module_alignment=&#8220;center&#8220; global_colors_info=&#8220;{}&#8220;]<\/p>\n<h3 style=\"text-align: center;\">Abonnieren Sie unseren Newsletter!<\/h3>\n<p>[\/et_pb_text][\/et_pb_column][et_pb_column type=&#8220;1_2&#8243; _builder_version=&#8220;4.27.4&#8243; _module_preset=&#8220;default&#8220; global_colors_info=&#8220;{}&#8220;][et_pb_code _builder_version=&#8220;4.27.4&#8243; _module_preset=&#8220;default&#8220; module_alignment=&#8220;center&#8220; global_colors_info=&#8220;{}&#8220;]<\/p>\n<div style=\"width:100%;height:500px;\" data-fillout-id=\"q28C1QFGkZus\" data-fillout-embed-type=\"standard\" data-fillout-inherit-parameters data-fillout-dynamic-resize><\/div>\n<p><script src=\"https:\/\/server.fillout.com\/embed\/v1\/\"><\/script>[\/et_pb_code][\/et_pb_column][\/et_pb_row][\/et_pb_section]<\/p>\n","protected":false},"excerpt":{"rendered":"<p>SMART PRICER BLOGTauchen Sie in unsere neuesten Beitr\u00e4ge ein und bleiben Sie stets \u00fcber die aktuellsten Entwicklungen in der weltweiten Preisgestaltung informiert. Pricing Blog &#8211; Aktuelle Einblicke in globale Pricing-Trends\u00a0Unser Blog bietet Ihnen tiefgehende Analysen zu aufkommenden Trends, regionale Besonderheiten und die Auswirkungen wirtschaftlicher Ver\u00e4nderungen auf Preise. Entdecken Sie, wie Unternehmen in verschiedenen Branchen ihre [&hellip;]<\/p>\n","protected":false},"author":1,"featured_media":1589,"parent":0,"menu_order":0,"comment_status":"closed","ping_status":"closed","template":"","meta":{"_et_pb_use_builder":"on","_et_pb_old_content":"","_et_gb_content_width":"","inline_featured_image":false,"footnotes":""},"class_list":["post-2423","page","type-page","status-publish","has-post-thumbnail","hentry"],"_links":{"self":[{"href":"https:\/\/www.smart-pricer.com\/de\/wp-json\/wp\/v2\/pages\/2423","targetHints":{"allow":["GET"]}}],"collection":[{"href":"https:\/\/www.smart-pricer.com\/de\/wp-json\/wp\/v2\/pages"}],"about":[{"href":"https:\/\/www.smart-pricer.com\/de\/wp-json\/wp\/v2\/types\/page"}],"author":[{"embeddable":true,"href":"https:\/\/www.smart-pricer.com\/de\/wp-json\/wp\/v2\/users\/1"}],"replies":[{"embeddable":true,"href":"https:\/\/www.smart-pricer.com\/de\/wp-json\/wp\/v2\/comments?post=2423"}],"version-history":[{"count":55,"href":"https:\/\/www.smart-pricer.com\/de\/wp-json\/wp\/v2\/pages\/2423\/revisions"}],"predecessor-version":[{"id":16875,"href":"https:\/\/www.smart-pricer.com\/de\/wp-json\/wp\/v2\/pages\/2423\/revisions\/16875"}],"wp:featuredmedia":[{"embeddable":true,"href":"https:\/\/www.smart-pricer.com\/de\/wp-json\/wp\/v2\/media\/1589"}],"wp:attachment":[{"href":"https:\/\/www.smart-pricer.com\/de\/wp-json\/wp\/v2\/media?parent=2423"}],"curies":[{"name":"wp","href":"https:\/\/api.w.org\/{rel}","templated":true}]}}