{"id":2212,"date":"2018-09-26T11:54:07","date_gmt":"2018-09-26T11:54:07","guid":{"rendered":"https:\/\/website.smart-pricer.com\/kontakt\/"},"modified":"2025-10-31T16:58:58","modified_gmt":"2025-10-31T16:58:58","slug":"kontakt","status":"publish","type":"page","link":"https:\/\/www.smart-pricer.com\/de\/kontakt\/","title":{"rendered":"Kontakt"},"content":{"rendered":"<p>[et_pb_section fb_built=&#8220;1&#8243; module_class=&#8220;homepage-hero-section&#8220; _builder_version=&#8220;4.20.2&#8243; use_background_color_gradient=&#8220;on&#8220; background_color_gradient_direction=&#8220;115deg&#8220; background_color_gradient_stops=&#8220;#062b39 0%|rgba(255,255,255,0) 100%&#8220; background_color_gradient_start=&#8220;rgba(9,60,80,0.5)&#8220; background_color_gradient_end=&#8220;rgba(6,43,57,0.5)&#8220; background_image=&#8220;https:\/\/www.smart-pricer.com\/wp-content\/uploads\/20230126_Somaland_SmartPricing_29-\u252c\u2310Ju\u2560ergen-Nigg-scaled.jpg&#8220; background_position=&#8220;top_left&#8220; background_vertical_offset=&#8220;35%&#8220; background_blend=&#8220;darken&#8220; min_height=&#8220;439.7px&#8220; custom_margin=&#8220;||-1px|||&#8220; custom_padding=&#8220;137px||137px||true|false&#8220; bottom_divider_color=&#8220;#107095&#8243; bottom_divider_flip=&#8220;horizontal&#8220; box_shadow_style=&#8220;preset1&#8243; global_colors_info=&#8220;{}&#8220;][et_pb_row padding_top_bottom_link_2=&#8220;true&#8220; padding_left_right_link_2=&#8220;true&#8220; admin_label=&#8220;Hero Area&#8220; _builder_version=&#8220;4.16&#8243; background_size=&#8220;initial&#8220; background_position=&#8220;top_left&#8220; background_repeat=&#8220;repeat&#8220; module_alignment=&#8220;center&#8220; custom_padding=&#8220;|||&#8220; global_colors_info=&#8220;{}&#8220;][et_pb_column type=&#8220;4_4&#8243; _builder_version=&#8220;4.16&#8243; custom_padding=&#8220;|||&#8220; custom_padding_tablet=&#8220;0px|||&#8220; custom_padding_last_edited=&#8220;off|desktop&#8220; global_colors_info=&#8220;{}&#8220; padding_tablet=&#8220;0px|||&#8220; padding_last_edited=&#8220;off|desktop&#8220; custom_padding__hover=&#8220;|||&#8220;][et_pb_text _builder_version=&#8220;4.20.2&#8243; text_font=&#8220;||||||||&#8220; text_font_size=&#8220;18px&#8220; text_line_height=&#8220;2em&#8220; header_font=&#8220;||||||||&#8220; header_text_align=&#8220;center&#8220; header_font_size=&#8220;50px&#8220; header_letter_spacing=&#8220;1px&#8220; header_line_height=&#8220;1.5em&#8220; background_layout=&#8220;dark&#8220; custom_margin=&#8220;||10px|&#8220; global_colors_info=&#8220;{}&#8220;]<\/p>\n<h1 style=\"text-align: center;\">KONTAKTIEREN SIE UNS<\/h1>\n<p>[\/et_pb_text][\/et_pb_column][\/et_pb_row][\/et_pb_section][et_pb_section fb_built=&#8220;1&#8243; admin_label=&#8220;FAQ Section&#8220; _builder_version=&#8220;4.16&#8243; background_color_gradient_direction=&#8220;100deg&#8220; background_position=&#8220;bottom_center&#8220; custom_padding=&#8220;44px|0px|0|0px|false|false&#8220; global_colors_info=&#8220;{}&#8220;][et_pb_row _builder_version=&#8220;4.16&#8243; custom_padding=&#8220;29px|0px|0|0px|false|false&#8220; border_width_top=&#8220;1px&#8220; border_color_top=&#8220;#e2eefb&#8220; global_colors_info=&#8220;{}&#8220;][et_pb_column type=&#8220;4_4&#8243; _builder_version=&#8220;4.16&#8243; custom_padding=&#8220;|||&#8220; global_colors_info=&#8220;{}&#8220; custom_padding__hover=&#8220;|||&#8220;][et_pb_text _builder_version=&#8220;4.16&#8243; global_colors_info=&#8220;{}&#8220;]<\/p>\n<h2>Kontaktieren Sie unseren Experten in Ihrer Region<\/h2>\n<p>[\/et_pb_text][\/et_pb_column][\/et_pb_row][et_pb_row column_structure=&#8220;1_2,1_2&#8243; make_equal=&#8220;on&#8220; padding_top_bottom_link_1=&#8220;true&#8220; padding_top_bottom_link_2=&#8220;true&#8220; padding_top_bottom_link_3=&#8220;true&#8220; padding_left_right_link_1=&#8220;true&#8220; padding_left_right_link_2=&#8220;true&#8220; padding_left_right_link_3=&#8220;true&#8220; _builder_version=&#8220;4.20.2&#8243; width=&#8220;82%&#8220; custom_padding=&#8220;29px|0px|27px|0px|false|false&#8220; global_colors_info=&#8220;{}&#8220;][et_pb_column type=&#8220;1_2&#8243; module_class=&#8220;box-shadow-light&#8220; _builder_version=&#8220;4.20.2&#8243; background_color=&#8220;#f8fbfe&#8220; custom_padding=&#8220;2em|2em|2em|2em&#8220; global_colors_info=&#8220;{}&#8220; custom_padding__hover=&#8220;|||&#8220;][et_pb_blurb title=&#8220;In \u00d6sterreich &#038; Schweiz&#8220; use_icon=&#8220;on&#8220; font_icon=&#8220;&#xe01d;||divi||400&#8243; icon_placement=&#8220;left&#8220; image_icon_width=&#8220;28px&#8220; module_class=&#8220;contact-expert-blurb&#8220; _builder_version=&#8220;4.20.2&#8243; header_font=&#8220;||||||||&#8220; header_font_size=&#8220;18px&#8220; body_font=&#8220;|600|||||||&#8220; body_text_color=&#8220;#093c50&#8243; body_line_height=&#8220;1.8em&#8220; icon_font_size=&#8220;28px&#8220; global_colors_info=&#8220;{}&#8220;]<\/p>\n<p><strong>Stefan Richter<\/strong><br \/><a href=\"&#x6d;&#x61;&#105;&#108;&#116;o&#x3a;&#x73;&#x74;&#101;&#102;an&#x2e;&#x72;&#x69;&#99;&#104;t&#x65;&#x72;&#x40;&#115;&#109;&#97;r&#x74;&#x2d;&#x70;&#114;&#105;ce&#x72;&#x2e;&#x63;&#111;&#109;\">&#x73;&#x74;&#x65;&#x66;&#x61;&#x6e;&#x2e;&#114;&#105;&#99;&#104;&#116;er&#64;s&#x6d;&#x61;&#x72;&#x74;&#x2d;&#x70;&#x72;&#x69;&#99;&#101;&#114;&#46;&#99;om<\/a><br \/><a href=\"callto:+49%20176 17627802\">+49 176 17627802<\/a><\/p>\n<p>[\/et_pb_blurb][et_pb_image src=&#8220;https:\/\/www.smart-pricer.com\/wp-content\/uploads\/SR-scaled.jpg&#8220; alt=&#8220;Gr\u00e9gory Saudan&#8220; title_text=&#8220;SR&#8220; align_tablet=&#8220;center&#8220; align_phone=&#8220;center&#8220; align_last_edited=&#8220;on|desktop&#8220; disabled_on=&#8220;off|off|off&#8220; module_class=&#8220;contact-expert-img&#8220; _builder_version=&#8220;4.20.2&#8243; module_alignment=&#8220;left&#8220; global_colors_info=&#8220;{}&#8220;][\/et_pb_image][\/et_pb_column][et_pb_column type=&#8220;1_2&#8243; module_class=&#8220;box-shadow-light&#8220; _builder_version=&#8220;4.16&#8243; background_color=&#8220;#f8fbfe&#8220; custom_padding=&#8220;2em|2em|2em|2em&#8220; global_colors_info=&#8220;{}&#8220; custom_padding__hover=&#8220;|||&#8220;][et_pb_blurb title=&#8220;Attraction, Sport and Entertainment D-A-CH&#8220; use_icon=&#8220;on&#8220; font_icon=&#8220;&#xe01d;||divi||400&#8243; icon_placement=&#8220;left&#8220; image_icon_width=&#8220;28px&#8220; module_class=&#8220;contact-expert-blurb&#8220; _builder_version=&#8220;4.20.2&#8243; header_font=&#8220;||||||||&#8220; header_font_size=&#8220;18px&#8220; body_font=&#8220;|600|||||||&#8220; body_text_color=&#8220;#093c50&#8243; body_line_height=&#8220;1.8em&#8220; icon_font_size=&#8220;28px&#8220; global_colors_info=&#8220;{}&#8220;]<\/p>\n<p><strong>Filippo Scanzano<br \/><\/strong><a href=\"m&#97;&#105;&#x6c;&#x74;&#x6f;&#x3a;f&#105;&#108;&#105;&#x70;&#x70;&#x6f;&#46;s&#99;&#97;&#x6e;&#x7a;&#x61;no&#64;&#115;&#x6d;&#x61;&#x72;t-&#112;&#114;&#x69;&#x63;&#x65;r&#46;&#99;&#111;&#x6d;\">&#102;&#x69;&#108;&#x69;&#112;&#x70;&#111;&#x2e;s&#x63;a&#x6e;z&#x61;n&#111;&#x40;&#115;&#x6d;&#97;&#x72;&#116;&#x2d;&#112;&#x72;i&#x63;e&#x72;&#46;&#x63;o&#109;<\/a><br \/><a href=\"callto:+49%20176 13337267\"><span>+49 176 13337267<\/span><\/a><\/p>\n<p>[\/et_pb_blurb][et_pb_image src=&#8220;https:\/\/www.smart-pricer.com\/wp-content\/uploads\/FS-scaled.jpg&#8220; alt=&#8220;Mats Jacobsson&#8220; title_text=&#8220;FS&#8220; align_tablet=&#8220;left&#8220; align_phone=&#8220;center&#8220; align_last_edited=&#8220;on|desktop&#8220; disabled_on=&#8220;off|off|off&#8220; module_class=&#8220;contact-expert-img&#8220; _builder_version=&#8220;4.20.2&#8243; transform_scale=&#8220;113%|113%&#8220; transform_origin=&#8220;-12%|50%&#8220; module_alignment=&#8220;left&#8220; global_colors_info=&#8220;{}&#8220;][\/et_pb_image][\/et_pb_column][\/et_pb_row][et_pb_row column_structure=&#8220;1_2,1_2&#8243; make_equal=&#8220;on&#8220; padding_top_bottom_link_1=&#8220;true&#8220; padding_top_bottom_link_2=&#8220;true&#8220; padding_top_bottom_link_3=&#8220;true&#8220; padding_left_right_link_1=&#8220;true&#8220; padding_left_right_link_2=&#8220;true&#8220; padding_left_right_link_3=&#8220;true&#8220; _builder_version=&#8220;4.20.2&#8243; width=&#8220;82%&#8220; custom_padding=&#8220;29px|0px|27px|0px|false|false&#8220; global_colors_info=&#8220;{}&#8220;][et_pb_column type=&#8220;1_2&#8243; module_class=&#8220;box-shadow-light&#8220; _builder_version=&#8220;4.20.2&#8243; background_color=&#8220;#f8fbfe&#8220; custom_padding=&#8220;2em|2em|2em|2em&#8220; global_colors_info=&#8220;{}&#8220; custom_padding__hover=&#8220;|||&#8220;][et_pb_blurb title=&#8220;Global&#8220; use_icon=&#8220;on&#8220; font_icon=&#8220;&#xe01d;||divi||400&#8243; icon_placement=&#8220;left&#8220; image_icon_width=&#8220;28px&#8220; module_class=&#8220;contact-expert-blurb&#8220; _builder_version=&#8220;4.20.2&#8243; header_font=&#8220;||||||||&#8220; header_font_size=&#8220;18px&#8220; body_font=&#8220;|600|||||||&#8220; body_text_color=&#8220;#093c50&#8243; body_line_height=&#8220;1.8em&#8220; icon_font_size=&#8220;28px&#8220; global_colors_info=&#8220;{}&#8220;]<\/p>\n<p><strong>Christian kluge<\/strong><br \/><a href=\"ma&#105;&#108;&#116;&#x6f;&#x3a;&#x63;&#x68;ri&#115;&#116;&#105;&#x61;&#x6e;&#x2e;&#x6b;lu&#103;&#101;&#64;&#x73;&#x6d;&#x61;&#x72;t-&#112;&#114;&#105;&#x63;&#x65;&#x72;&#x2e;co&#109;\">&#x63;&#104;&#114;&#x69;&#x73;&#116;&#105;&#x61;&#x6e;&#46;&#107;&#x6c;&#x75;&#103;&#101;&#x40;&#x73;&#109;&#97;&#x72;&#x74;&#45;&#112;&#x72;&#x69;&#99;&#101;&#x72;&#x2e;&#99;&#111;&#x6d;<\/a><\/p>\n<p>[\/et_pb_blurb][et_pb_image src=&#8220;https:\/\/www.smart-pricer.com\/wp-content\/uploads\/CK-scaled.jpg&#8220; alt=&#8220;Gr\u00e9gory Saudan&#8220; title_text=&#8220;CK&#8220; align_tablet=&#8220;center&#8220; align_phone=&#8220;center&#8220; align_last_edited=&#8220;on|desktop&#8220; disabled_on=&#8220;off|off|off&#8220; module_class=&#8220;contact-expert-img&#8220; _builder_version=&#8220;4.20.2&#8243; module_alignment=&#8220;left&#8220; global_colors_info=&#8220;{}&#8220;][\/et_pb_image][\/et_pb_column][et_pb_column type=&#8220;1_2&#8243; module_class=&#8220;box-shadow-light&#8220; _builder_version=&#8220;4.20.2&#8243; background_color=&#8220;RGBA(255,255,255,0)&#8220; custom_padding=&#8220;2em|2em|2em|2em&#8220; global_colors_info=&#8220;{}&#8220; custom_padding__hover=&#8220;|||&#8220;][\/et_pb_column][\/et_pb_row][\/et_pb_section][et_pb_section fb_built=&#8220;1&#8243; admin_label=&#8220;FAQ Section&#8220; module_id=&#8220;contact&#8220; _builder_version=&#8220;4.20.2&#8243; use_background_color_gradient=&#8220;on&#8220; background_color_gradient_direction=&#8220;135deg&#8220; background_color_gradient_stops=&#8220;#093c50 0%|rgba(21,147,195,0.5) 100%&#8220; background_color_gradient_start=&#8220;#093c50&#8243; background_color_gradient_end=&#8220;rgba(21,147,195,0.5)&#8220; parallax=&#8220;on&#8220; custom_padding=&#8220;4px|0px|4px||true|false&#8220; bottom_divider_color=&#8220;rgba(9,60,80,0.5)&#8220; bottom_divider_height=&#8220;200px&#8220; bottom_divider_flip=&#8220;horizontal&#8220; box_shadow_style=&#8220;preset1&#8243; saved_tabs=&#8220;all&#8220; global_colors_info=&#8220;{}&#8220; global_module=&#8220;16955&#8243; theme_builder_area=&#8220;post_content&#8220;][et_pb_row admin_label=&#8220;Title Area&#8220; _builder_version=&#8220;4.16&#8243; custom_padding=&#8220;70px|||||&#8220; locked=&#8220;off&#8220; global_colors_info=&#8220;{}&#8220; theme_builder_area=&#8220;post_content&#8220;][et_pb_column type=&#8220;4_4&#8243; _builder_version=&#8220;4.16&#8243; custom_padding=&#8220;|||&#8220; global_colors_info=&#8220;{}&#8220; custom_padding__hover=&#8220;|||&#8220; theme_builder_area=&#8220;post_content&#8220;][et_pb_text admin_label=&#8220;Title&#8220; _builder_version=&#8220;4.27.4&#8243; text_font=&#8220;||||||||&#8220; header_font=&#8220;||||||||&#8220; header_2_font=&#8220;|600|||||||&#8220; header_2_font_size=&#8220;36px&#8220; header_2_line_height=&#8220;1.4em&#8220; text_orientation=&#8220;center&#8220; background_layout=&#8220;dark&#8220; module_alignment=&#8220;center&#8220; custom_margin=&#8220;||10px|&#8220; animation_style=&#8220;slide&#8220; animation_direction=&#8220;top&#8220; animation_intensity_slide=&#8220;10%&#8220; animation_starting_opacity=&#8220;100%&#8220; header_2_text_shadow_style=&#8220;preset3&#8243; global_colors_info=&#8220;{}&#8220; theme_builder_area=&#8220;post_content&#8220;]<\/p>\n<h1>\u00a0Erstgespr\u00e4ch vereinbaren<\/h1>\n<p>[\/et_pb_text][et_pb_text _builder_version=&#8220;4.27.4&#8243; _module_preset=&#8220;default&#8220; global_colors_info=&#8220;{}&#8220; theme_builder_area=&#8220;post_content&#8220;]<\/p>\n<h3 style=\"text-align: center;\"><span style=\"color: #ffffff;\">\u00a0100 % kostenlos\u00a0 \u2013\u00a0 unverbindlich\u00a0 \u2013\u00a0 und mit Fokus auf Ihre Branche.<\/span><\/h3>\n<p>[\/et_pb_text][et_pb_divider color=&#8220;#23b1e8&#8243; divider_position=&#8220;center&#8220; divider_weight=&#8220;6px&#8220; _builder_version=&#8220;4.16&#8243; max_width=&#8220;40px&#8220; module_alignment=&#8220;center&#8220; global_colors_info=&#8220;{}&#8220; theme_builder_area=&#8220;post_content&#8220;][\/et_pb_divider][\/et_pb_column][\/et_pb_row][et_pb_row column_structure=&#8220;1_2,1_2&#8243; admin_label=&#8220;FAQ Area&#8220; _builder_version=&#8220;4.16&#8243; custom_padding=&#8220;29px|0px|53px|0px|false|false&#8220; global_colors_info=&#8220;{}&#8220; theme_builder_area=&#8220;post_content&#8220;][et_pb_column type=&#8220;1_2&#8243; _builder_version=&#8220;4.16&#8243; custom_padding=&#8220;|||&#8220; global_colors_info=&#8220;{}&#8220; custom_padding__hover=&#8220;|||&#8220; theme_builder_area=&#8220;post_content&#8220;][et_pb_text _builder_version=&#8220;4.16&#8243; text_font=&#8220;||||||||&#8220; header_font=&#8220;||||||||&#8220; header_3_font=&#8220;|600|||||||&#8220; background_layout=&#8220;dark&#8220; global_colors_info=&#8220;{}&#8220; theme_builder_area=&#8220;post_content&#8220;]<\/p>\n<h3>Lassen Sie uns \u00fcber die Erreichung Ihrer Ziele sprechen.\u00a0Wir freuen uns von Ihnen zuh\u00f6ren!<\/h3>\n<p>[\/et_pb_text][et_pb_blurb title=&#8220;Kontaktieren Sie uns und wir planen einen Termin f\u00fcr eine erste, kostenlose Beratung f\u00fcr Ihre Preisgestaltungsziele.&#8220; use_icon=&#8220;on&#8220; font_icon=&#8220;&#xe076;||divi||400&#8243; icon_color=&#8220;#ffffff&#8220; icon_placement=&#8220;left&#8220; _builder_version=&#8220;4.27.4&#8243; header_font=&#8220;||||||||&#8220; body_font=&#8220;||||||||&#8220; background_layout=&#8220;dark&#8220; global_colors_info=&#8220;{}&#8220; theme_builder_area=&#8220;post_content&#8220;]<\/p>\n<p>via Kontaktformular<\/p>\n<p>[\/et_pb_blurb][et_pb_blurb title=&#8220;Rufen Sie uns an&#8220; use_icon=&#8220;on&#8220; font_icon=&#8220;&#xe090;||divi||400&#8243; icon_color=&#8220;#ffffff&#8220; icon_placement=&#8220;left&#8220; _builder_version=&#8220;4.20.0&#8243; header_font=&#8220;||||||||&#8220; body_font=&#8220;||||||||&#8220; background_layout=&#8220;dark&#8220; global_colors_info=&#8220;{}&#8220; theme_builder_area=&#8220;post_content&#8220;]<\/p>\n<p><a href=\"tel:+4917617627802\">+49 176 1762 7802<\/a><\/p>\n<p>[\/et_pb_blurb][et_pb_blurb title=&#8220;Abonnieren Sie unseren Newsletter&#8220; url_new_window=&#8220;on&#8220; use_icon=&#8220;on&#8220; font_icon=&#8220;&#xf1d8;||fa||900&#8243; icon_color=&#8220;#ffffff&#8220; icon_placement=&#8220;left&#8220; _builder_version=&#8220;4.27.4&#8243; header_font=&#8220;||||||||&#8220; body_font=&#8220;||||||||&#8220; background_layout=&#8220;dark&#8220; custom_padding=&#8220;2px|||||&#8220; link_option_url=&#8220;https:\/\/forms.fillout.com\/t\/q28C1QFGkZus&#8220; link_option_url_new_window=&#8220;on&#8220; global_colors_info=&#8220;{}&#8220; theme_builder_area=&#8220;post_content&#8220;]<\/p>\n<p>und seien Sie Teil der Pricing Community &#8211; mit regelm\u00e4\u00dfigen Updates zu Pricing, Ticketing und mehr!<\/p>\n<p>[\/et_pb_blurb][et_pb_blurb title=&#8220;LinkedIn&#8220; url=&#8220;https:\/\/www.linkedin.com\/company\/6644231\/&#8220; url_new_window=&#8220;on&#8220; use_icon=&#8220;on&#8220; font_icon=&#8220;&#xe0cb;||divi||400&#8243; icon_color=&#8220;#ffffff&#8220; icon_placement=&#8220;left&#8220; _builder_version=&#8220;4.27.4&#8243; header_font=&#8220;||||||||&#8220; body_font=&#8220;||||||||&#8220; background_layout=&#8220;dark&#8220; link_option_url=&#8220;https:\/\/www.linkedin.com\/company\/6644231\/&#8220; link_option_url_new_window=&#8220;on&#8220; global_colors_info=&#8220;{}&#8220; theme_builder_area=&#8220;post_content&#8220;][\/et_pb_blurb][et_pb_blurb title=&#8220;Youtube&#8220; url=&#8220;https:\/\/www.youtube.com\/channel\/UCuSMArKtFLM39akjZw31PDw&#8220; url_new_window=&#8220;on&#8220; use_icon=&#8220;on&#8220; font_icon=&#8220;&#xf167;||fa||400&#8243; icon_color=&#8220;#ffffff&#8220; icon_placement=&#8220;left&#8220; _builder_version=&#8220;4.27.4&#8243; header_font=&#8220;||||||||&#8220; body_font=&#8220;||||||||&#8220; background_layout=&#8220;dark&#8220; link_option_url=&#8220;https:\/\/www.youtube.com\/channel\/UCuSMArKtFLM39akjZw31PDw&#8220; link_option_url_new_window=&#8220;on&#8220; global_colors_info=&#8220;{}&#8220; theme_builder_area=&#8220;post_content&#8220;][\/et_pb_blurb][\/et_pb_column][et_pb_column type=&#8220;1_2&#8243; _builder_version=&#8220;4.16&#8243; custom_padding=&#8220;|||&#8220; global_colors_info=&#8220;{}&#8220; custom_padding__hover=&#8220;|||&#8220; theme_builder_area=&#8220;post_content&#8220;][et_pb_code _builder_version=&#8220;4.27.4&#8243; _module_preset=&#8220;default&#8220; global_colors_info=&#8220;{}&#8220; theme_builder_area=&#8220;post_content&#8220;]<\/p>\n<div style=\"width:100%;height:500px;\" data-fillout-id=\"sCKiQFFMJTus\" data-fillout-embed-type=\"standard\" data-fillout-inherit-parameters data-fillout-dynamic-resize><\/div>\n<p><script src=\"https:\/\/server.fillout.com\/embed\/v1\/\"><\/script>[\/et_pb_code][\/et_pb_column][\/et_pb_row][et_pb_row _builder_version=&#8220;4.16&#8243; global_colors_info=&#8220;{}&#8220; theme_builder_area=&#8220;post_content&#8220;][et_pb_column type=&#8220;4_4&#8243; _builder_version=&#8220;4.16&#8243; custom_padding=&#8220;|||&#8220; global_colors_info=&#8220;{}&#8220; custom_padding__hover=&#8220;|||&#8220; theme_builder_area=&#8220;post_content&#8220;][et_pb_text admin_label=&#8220;Title&#8220; _builder_version=&#8220;4.20.2&#8243; text_font=&#8220;||||||||&#8220; header_font=&#8220;||||||||&#8220; header_2_font=&#8220;|600|||||||&#8220; header_2_font_size=&#8220;36px&#8220; header_2_line_height=&#8220;1.4em&#8220; text_orientation=&#8220;center&#8220; background_layout=&#8220;dark&#8220; module_alignment=&#8220;center&#8220; custom_margin=&#8220;||10px|&#8220; animation_style=&#8220;slide&#8220; animation_direction=&#8220;top&#8220; animation_intensity_slide=&#8220;10%&#8220; animation_starting_opacity=&#8220;100%&#8220; header_2_text_shadow_style=&#8220;preset3&#8243; global_colors_info=&#8220;{}&#8220; theme_builder_area=&#8220;post_content&#8220;]<\/p>\n<h2>Unsere B\u00fcros?<\/h2>\n<p>[\/et_pb_text][et_pb_divider color=&#8220;#23b1e8&#8243; divider_position=&#8220;center&#8220; divider_weight=&#8220;6px&#8220; _builder_version=&#8220;4.16&#8243; max_width=&#8220;40px&#8220; module_alignment=&#8220;center&#8220; global_colors_info=&#8220;{}&#8220; theme_builder_area=&#8220;post_content&#8220;][\/et_pb_divider][\/et_pb_column][\/et_pb_row][et_pb_row column_structure=&#8220;1_3,1_3,1_3&#8243; _builder_version=&#8220;4.16&#8243; global_colors_info=&#8220;{}&#8220; theme_builder_area=&#8220;post_content&#8220;][et_pb_column type=&#8220;1_3&#8243; _builder_version=&#8220;4.16&#8243; custom_padding=&#8220;|||&#8220; global_colors_info=&#8220;{}&#8220; custom_padding__hover=&#8220;|||&#8220; theme_builder_area=&#8220;post_content&#8220;][et_pb_text _builder_version=&#8220;4.16&#8243; global_colors_info=&#8220;{}&#8220; theme_builder_area=&#8220;post_content&#8220;]<span style=\"color: #ffffff;\"><strong>Smart Pricer \u2013 Office Deutschland<\/strong><\/span><br \/>\n<span style=\"color: #ffffff;\"> Brunnenstra\u00dfe 7d<\/span><br \/>\n<span style=\"color: #ffffff;\"> 10119 Berlin<\/span><br \/>\n[\/et_pb_text][\/et_pb_column][et_pb_column type=&#8220;1_3&#8243; _builder_version=&#8220;4.16&#8243; custom_padding=&#8220;|||&#8220; global_colors_info=&#8220;{}&#8220; custom_padding__hover=&#8220;|||&#8220; theme_builder_area=&#8220;post_content&#8220;][et_pb_text _builder_version=&#8220;4.16&#8243; global_colors_info=&#8220;{}&#8220; theme_builder_area=&#8220;post_content&#8220;]<span style=\"color: #ffffff;\"><strong>Smart Pricer \u2013 Office \u00d6sterreich<\/strong><\/span><br \/>\n<span style=\"color: #ffffff;\"> Leopoldstra\u00dfe 24\/1<\/span><br \/>\n<span style=\"color: #ffffff;\"> 6020 Innsbruck<\/span><br \/>\n[\/et_pb_text][\/et_pb_column][et_pb_column type=&#8220;1_3&#8243; _builder_version=&#8220;4.16&#8243; custom_padding=&#8220;|||&#8220; global_colors_info=&#8220;{}&#8220; custom_padding__hover=&#8220;|||&#8220; theme_builder_area=&#8220;post_content&#8220;][et_pb_text _builder_version=&#8220;4.16&#8243; global_colors_info=&#8220;{}&#8220; theme_builder_area=&#8220;post_content&#8220;]<\/p>\n<p><span style=\"color: #ffffff;\"><strong>Smart Pricer &#8211; Office Frankfurt am Main<\/strong><\/span><br \/><span style=\"color: #ffffff;\">Atrium Plaza, Mainzer Landstra\u00dfe 178-190<br \/>60327 Frankfurt am Main\u00a0<\/span><\/p>\n<p>[\/et_pb_text][\/et_pb_column][\/et_pb_row][et_pb_row column_structure=&#8220;1_3,1_3,1_3&#8243; _builder_version=&#8220;4.16&#8243; global_colors_info=&#8220;{}&#8220; theme_builder_area=&#8220;post_content&#8220;][et_pb_column type=&#8220;1_3&#8243; _builder_version=&#8220;4.16&#8243; custom_padding=&#8220;|||&#8220; global_colors_info=&#8220;{}&#8220; custom_padding__hover=&#8220;|||&#8220; theme_builder_area=&#8220;post_content&#8220;][et_pb_map address=&#8220;Brunnenstra\u00dfe 7D, 10119 Berlin, Deutschland&#8220; zoom_level=&#8220;6&#8243; address_lat=&#8220;52.53095&#8243; address_lng=&#8220;13.40111&#8243; _builder_version=&#8220;4.16&#8243; global_colors_info=&#8220;{}&#8220; theme_builder_area=&#8220;post_content&#8220;][et_pb_map_pin pin_address=&#8220;Brunnenstra\u00dfe 7D, 10119 Berlin, Deutschland&#8220; zoom_level=&#8220;11&#8243; pin_address_lat=&#8220;52.53095&#8243; pin_address_lng=&#8220;13.40111&#8243; _builder_version=&#8220;3.17.2&#8243; global_colors_info=&#8220;{}&#8220; theme_builder_area=&#8220;post_content&#8220;][\/et_pb_map_pin][\/et_pb_map][\/et_pb_column][et_pb_column type=&#8220;1_3&#8243; _builder_version=&#8220;4.16&#8243; custom_padding=&#8220;|||&#8220; global_colors_info=&#8220;{}&#8220; custom_padding__hover=&#8220;|||&#8220; theme_builder_area=&#8220;post_content&#8220;][et_pb_map address=&#8220;Leopoldstra\u00dfe 24, 6020 Innsbruck, \u00d6sterreich&#8220; zoom_level=&#8220;8&#8243; address_lat=&#8220;47.2601401&#8243; address_lng=&#8220;11.3956167&#8243; _builder_version=&#8220;4.16&#8243; global_colors_info=&#8220;{}&#8220; theme_builder_area=&#8220;post_content&#8220;][et_pb_map_pin pin_address=&#8220;Leopoldstra\u00dfe 24, 6020 Innsbruck, \u00d6sterreich&#8220; zoom_level=&#8220;11&#8243; pin_address_lat=&#8220;47.2601401&#8243; pin_address_lng=&#8220;11.3956167&#8243; _builder_version=&#8220;3.17.2&#8243; global_colors_info=&#8220;{}&#8220; theme_builder_area=&#8220;post_content&#8220;][\/et_pb_map_pin][\/et_pb_map][\/et_pb_column][et_pb_column type=&#8220;1_3&#8243; _builder_version=&#8220;4.16&#8243; custom_padding=&#8220;|||&#8220; global_colors_info=&#8220;{}&#8220; custom_padding__hover=&#8220;|||&#8220; theme_builder_area=&#8220;post_content&#8220;][et_pb_map address=&#8220;Mainzer Landstra\u00dfe 180, 60327 Frankfurt am Main, Deutschland&#8220; zoom_level=&#8220;7&#8243; address_lat=&#8220;50.1052979&#8243; address_lng=&#8220;8.6490633&#8243; _builder_version=&#8220;4.20.2&#8243; global_colors_info=&#8220;{}&#8220; theme_builder_area=&#8220;post_content&#8220;][et_pb_map_pin pin_address=&#8220;Mainzer Landstra\u00dfe 180, 60327 Frankfurt am Main, Deutschland&#8220; pin_address_lat=&#8220;50.1052979&#8243; pin_address_lng=&#8220;8.6490633&#8243; _builder_version=&#8220;4.20.2&#8243; global_colors_info=&#8220;{}&#8220; theme_builder_area=&#8220;post_content&#8220;][\/et_pb_map_pin][\/et_pb_map][\/et_pb_column][\/et_pb_row][\/et_pb_section]<\/p>\n","protected":false},"excerpt":{"rendered":"<p>KONTAKTIEREN SIE UNSKontaktieren Sie unseren Experten in Ihrer Region Stefan &#82;&#x69;&#99;&#x68;&#116;&#x65;&#114;&#x73;&#116;&#x65;&#102;&#x61;n&#x2e;r&#x69;c&#x68;t&#x65;r&#x40;s&#109;&#x61;&#114;&#x74;&#45;&#x70;&#114;&#x69;&#99;&#x65;&#114;&#x2e;&#99;&#x6f;m+49 176 17627802Filippo S&#99;&#x61;&#x6e;z&#97;&#110;&#x6f;&#x66;i&#108;&#105;&#x70;&#x70;o&#46;&#x73;&#x63;&#x61;n&#122;&#x61;&#x6e;o&#64;&#115;&#x6d;&#x61;r&#116;&#45;&#x70;&#x72;i&#99;&#x65;&#x72;&#x2e;c&#111;&#x6d;+49 176 13337267Christian &#107;&#x6c;&#117;&#x67;e&#x63;h&#114;&#x69;&#115;&#x74;i&#x61;n&#46;&#x6b;&#108;&#x75;g&#x65;&#64;&#115;&#x6d;&#97;&#x72;t&#x2d;p&#114;&#x69;&#99;&#x65;r&#x2e;c&#111;&#x6d;\u00a0Erstgespr\u00e4ch vereinbaren\u00a0100 % kostenlos\u00a0 \u2013\u00a0 unverbindlich\u00a0 \u2013\u00a0 und mit Fokus auf Ihre Branche.Lassen Sie uns \u00fcber die Erreichung Ihrer Ziele sprechen.\u00a0Wir freuen uns von Ihnen zuh\u00f6ren!via Kontaktformular+49 176 1762 7802und seien Sie Teil der Pricing Community &#8211; mit regelm\u00e4\u00dfigen [&hellip;]<\/p>\n","protected":false},"author":2,"featured_media":0,"parent":0,"menu_order":0,"comment_status":"closed","ping_status":"closed","template":"","meta":{"_et_pb_use_builder":"on","_et_pb_old_content":"","_et_gb_content_width":"","inline_featured_image":false,"footnotes":""},"class_list":["post-2212","page","type-page","status-publish","hentry"],"_links":{"self":[{"href":"https:\/\/www.smart-pricer.com\/de\/wp-json\/wp\/v2\/pages\/2212","targetHints":{"allow":["GET"]}}],"collection":[{"href":"https:\/\/www.smart-pricer.com\/de\/wp-json\/wp\/v2\/pages"}],"about":[{"href":"https:\/\/www.smart-pricer.com\/de\/wp-json\/wp\/v2\/types\/page"}],"author":[{"embeddable":true,"href":"https:\/\/www.smart-pricer.com\/de\/wp-json\/wp\/v2\/users\/2"}],"replies":[{"embeddable":true,"href":"https:\/\/www.smart-pricer.com\/de\/wp-json\/wp\/v2\/comments?post=2212"}],"version-history":[{"count":90,"href":"https:\/\/www.smart-pricer.com\/de\/wp-json\/wp\/v2\/pages\/2212\/revisions"}],"predecessor-version":[{"id":16957,"href":"https:\/\/www.smart-pricer.com\/de\/wp-json\/wp\/v2\/pages\/2212\/revisions\/16957"}],"wp:attachment":[{"href":"https:\/\/www.smart-pricer.com\/de\/wp-json\/wp\/v2\/media?parent=2212"}],"curies":[{"name":"wp","href":"https:\/\/api.w.org\/{rel}","templated":true}]}}