{"id":15914,"date":"2024-12-17T11:42:38","date_gmt":"2024-12-17T11:42:38","guid":{"rendered":"https:\/\/www.smart-pricer.com\/?page_id=15914"},"modified":"2024-12-17T11:42:39","modified_gmt":"2024-12-17T11:42:39","slug":"full-stack-developer-m-w-d","status":"publish","type":"page","link":"https:\/\/www.smart-pricer.com\/de\/jobs\/full-stack-developer-m-w-d\/","title":{"rendered":"Full Stack Developer (m\/w\/d)"},"content":{"rendered":"<p>[et_pb_section fb_built=&#8220;1&#8243; module_class=&#8220;homepage-hero-section&#8220; _builder_version=&#8220;4.20.2&#8243; use_background_color_gradient=&#8220;on&#8220; background_color_gradient_direction=&#8220;135deg&#8220; background_color_gradient_stops=&#8220;#093c50 0%|rgba(255,255,255,0) 54%&#8220; background_color_gradient_overlays_image=&#8220;on&#8220; background_color_gradient_start=&#8220;#107095&#8243; background_color_gradient_end=&#8220;rgba(21,147,195,0.5)&#8220; background_image=&#8220;https:\/\/www.smart-pricer.com\/wp-content\/uploads\/HR-BAckground-picture_Ski.jpg&#8220; custom_padding=&#8220;11.4%||11.4%||true|false&#8220; bottom_divider_color=&#8220;#107095&#8243; bottom_divider_height=&#8220;150px&#8220; bottom_divider_flip=&#8220;horizontal&#8220; global_colors_info=&#8220;{}&#8220;][et_pb_row padding_top_bottom_link_2=&#8220;true&#8220; padding_left_right_link_2=&#8220;true&#8220; admin_label=&#8220;Hero Area&#8220; _builder_version=&#8220;4.16&#8243; background_size=&#8220;initial&#8220; background_position=&#8220;top_left&#8220; background_repeat=&#8220;repeat&#8220; module_alignment=&#8220;center&#8220; custom_margin=&#8220;|auto||319px||&#8220; custom_padding=&#8220;|||0px||&#8220; global_colors_info=&#8220;{}&#8220;][et_pb_column type=&#8220;4_4&#8243; _builder_version=&#8220;4.16&#8243; custom_padding=&#8220;|||&#8220; custom_padding_tablet=&#8220;0px|||&#8220; custom_padding_last_edited=&#8220;off|desktop&#8220; global_colors_info=&#8220;{}&#8220; padding_tablet=&#8220;0px|||&#8220; padding_last_edited=&#8220;off|desktop&#8220; custom_padding__hover=&#8220;|||&#8220;][et_pb_text _builder_version=&#8220;4.20.2&#8243; text_font_size=&#8220;18px&#8220; text_line_height=&#8220;2em&#8220; header_font_size=&#8220;46px&#8220; header_letter_spacing=&#8220;1px&#8220; header_line_height=&#8220;1.5em&#8220; background_layout=&#8220;dark&#8220; width=&#8220;94%&#8220; custom_margin=&#8220;||10px|1px||&#8220; custom_padding=&#8220;|||0px||&#8220; header_text_shadow_style=&#8220;preset2&#8243; global_colors_info=&#8220;{}&#8220;]<\/p>\n<h1 style=\"text-align: left;\"><strong>Full Stack Developer (m\/w\/d) <\/strong><\/h1>\n<p>[\/et_pb_text][et_pb_divider color=&#8220;#E75A24&#8243; divider_weight=&#8220;6px&#8220; _builder_version=&#8220;4.20.2&#8243; _module_preset=&#8220;default&#8220; width=&#8220;5%&#8220; global_colors_info=&#8220;{}&#8220;][\/et_pb_divider][\/et_pb_column][\/et_pb_row][\/et_pb_section][et_pb_section fb_built=&#8220;1&#8243; _builder_version=&#8220;4.16&#8243; global_colors_info=&#8220;{}&#8220;][et_pb_row admin_label=&#8220;About Us Area&#8220; _builder_version=&#8220;4.20.2&#8243; global_colors_info=&#8220;{}&#8220;][et_pb_column type=&#8220;4_4&#8243; _builder_version=&#8220;4.16&#8243; custom_padding=&#8220;|||&#8220; global_colors_info=&#8220;{}&#8220; custom_padding__hover=&#8220;|||&#8220;][et_pb_text _builder_version=&#8220;4.20.2&#8243; global_colors_info=&#8220;{}&#8220;]<\/p>\n<h1 style=\"text-align: center;\"><strong>Smart Pricer ist das f\u00fchrende Unternehmen f\u00fcr die Optimierung von Ticketpreisen in Europa<\/strong><\/h1>\n<p style=\"text-align: center;\">\n<p>[\/et_pb_text][et_pb_divider color=&#8220;#23b1e8&#8243; divider_position=&#8220;center&#8220; divider_weight=&#8220;6px&#8220; _builder_version=&#8220;4.20.2&#8243; max_width=&#8220;40px&#8220; module_alignment=&#8220;center&#8220; saved_tabs=&#8220;all&#8220; global_colors_info=&#8220;{}&#8220;][\/et_pb_divider][et_pb_text _builder_version=&#8220;4.20.2&#8243; global_colors_info=&#8220;{}&#8220;]<\/p>\n<p style=\"text-align: justify;\">Smart Pricer ist das f\u00fchrende Unternehmen f\u00fcr die Optimierung von Ticketpreisen in Europa. Wir sind stolz darauf, mit f\u00fchrenden Skigebieten wie S\u00f6lden, Ski amade und Zermatt sowie im Sport und Entertainment Playern wie dem FC Bayern M\u00fcnchen, der DEAG und mehr als 100 weiteren Kunden zusammenzuarbeiten. Um unsere Datenanalysen und dadurch unser Machine Learning- und Forecasting-Modelle auf das n\u00e4chste Level zu bringen, suchen wir dich \u2013 ab sofort in Berlin!<\/p>\n<p>[\/et_pb_text][et_pb_text _builder_version=&#8220;4.20.2&#8243; header_font_size=&#8220;36px&#8220; custom_padding=&#8220;21px|0px||||&#8220; border_width_top=&#8220;1px&#8220; border_color_top=&#8220;#E2EEFB&#8220; global_colors_info=&#8220;{}&#8220;]<\/p>\n<p>&nbsp;<\/p>\n<h1 style=\"text-align: center;\"><strong>Full Stack Developer (m\/w\/d)<\/strong><strong><\/strong>\u00a0<strong><\/strong><\/h1>\n<p>[\/et_pb_text][et_pb_divider color=&#8220;#23b1e8&#8243; divider_position=&#8220;center&#8220; divider_weight=&#8220;6px&#8220; _builder_version=&#8220;4.20.2&#8243; max_width=&#8220;40px&#8220; module_alignment=&#8220;center&#8220; saved_tabs=&#8220;all&#8220; global_colors_info=&#8220;{}&#8220;][\/et_pb_divider][et_pb_text _builder_version=&#8220;4.20.2&#8243; header_font_size=&#8220;36px&#8220; custom_padding=&#8220;|0px||||&#8220; hover_enabled=&#8220;0&#8243; global_colors_info=&#8220;{}&#8220; sticky_enabled=&#8220;0&#8243;]<\/p>\n<p>Als Full-Stack Developer bei Smart Pricer gestaltest du die Architektur, Umsetzung und Wartung von Frontend- und Backend-Komponenten f\u00fcr unsere innovativen Pricing-L\u00f6sungen der n\u00e4chsten Generation. Du entwickelst skalierbare und leistungsstarke Webanwendungen sowie APIs, die das Herzst\u00fcck unserer zukunftsweisenden Preisalgorithmen bilden. Mit deinem Beitrag hilfst du dabei, Umsatzpotenziale zu maximieren und unseren Kunden datenbasierte Entscheidungen zu erm\u00f6glichen.<\/p>\n<p>In enger Zusammenarbeit mit den Data-, DevOps- und Product-Teams entwickelst du zuverl\u00e4ssige, sichere und effiziente Features, die die Preisgestaltung in den Bereichen Bergbahnen, Sport und Events revolutionieren.<\/p>\n<p>[\/et_pb_text][\/et_pb_column][\/et_pb_row][et_pb_row admin_label=&#8220;About Us Area&#8220; _builder_version=&#8220;4.20.2&#8243; min_height=&#8220;619.3px&#8220; custom_margin=&#8220;31px|auto|31px|auto|true|&#8220; custom_padding=&#8220;||52px|||&#8220; global_colors_info=&#8220;{}&#8220;][et_pb_column type=&#8220;4_4&#8243; _builder_version=&#8220;4.16&#8243; custom_padding=&#8220;|||&#8220; global_colors_info=&#8220;{}&#8220; custom_padding__hover=&#8220;|||&#8220;][et_pb_text _builder_version=&#8220;4.20.2&#8243; custom_margin=&#8220;||21px|||&#8220; custom_padding=&#8220;||0px|||&#8220; global_colors_info=&#8220;{}&#8220;]<\/p>\n<h3 style=\"text-align: center;\">MUST HAVES<\/h3>\n<ul><\/ul>\n<p>[\/et_pb_text][et_pb_blurb title=&#8220;Customer Frontend Development&#8220; use_icon=&#8220;on&#8220; font_icon=&#8220;&#x52;||divi||400&#8243; icon_placement=&#8220;left&#8220; image_icon_width=&#8220;100%&#8220; _builder_version=&#8220;4.20.2&#8243; _module_preset=&#8220;default&#8220; header_level=&#8220;h5&#8243; hover_enabled=&#8220;0&#8243; border_color_all_image=&#8220;#107095&#8243; global_colors_info=&#8220;{}&#8220; sticky_enabled=&#8220;0&#8243; content_max_width=&#8220;900px&#8220;]<\/p>\n<p style=\"text-align: justify;\"><span>Du hast mehr als <\/span>3 Jahre Erfahrung mit mindestens einem modernen Web-Frontend-Framework wie React, Angular, Vue<span> oder einem vergleichbaren Framework. Du unterst\u00fctzt uns dabei, die richtige Entscheidung f\u00fcr das Framework unseres neuen Web-Frontends zu treffen und \u00fcbernimmst die Verantwortung f\u00fcr die Entwicklung und den Betrieb dieses Services.<\/span><\/p>\n<p>[\/et_pb_blurb][et_pb_blurb title=&#8220;Admin Frontend Development&#8220; use_icon=&#8220;on&#8220; font_icon=&#8220;&#x52;||divi||400&#8243; icon_placement=&#8220;left&#8220; image_icon_width=&#8220;100%&#8220; _builder_version=&#8220;4.20.2&#8243; _module_preset=&#8220;default&#8220; header_level=&#8220;h5&#8243; hover_enabled=&#8220;0&#8243; border_color_all_image=&#8220;#107095&#8243; global_colors_info=&#8220;{}&#8220; sticky_enabled=&#8220;0&#8243; content_max_width=&#8220;900px&#8220;]<\/p>\n<p style=\"text-align: justify;\">Du hilftst deinen Kollegen bei der Erweiterung unseres internen Administrations-Frontends, geschrieben in Go, HTMX mit Tailwind CSS\/UI.<\/p>\n<p>[\/et_pb_blurb][et_pb_blurb title=&#8220;Backend Development&#8220; use_icon=&#8220;on&#8220; font_icon=&#8220;&#x52;||divi||400&#8243; icon_placement=&#8220;left&#8220; image_icon_width=&#8220;100%&#8220; _builder_version=&#8220;4.20.2&#8243; _module_preset=&#8220;default&#8220; header_level=&#8220;h5&#8243; hover_enabled=&#8220;0&#8243; border_color_all_image=&#8220;#107095&#8243; global_colors_info=&#8220;{}&#8220; sticky_enabled=&#8220;0&#8243; content_max_width=&#8220;900px&#8220;]<\/p>\n<p style=\"text-align: justify;\">Du hilftst uns bei der Erstellung und Erweiterung bestehender Dienste innerhalb unserer Microservice-Infrastruktur. Die meisten unserer Dienste sind in Go geschrieben, einige in .NET (C#) oder Python.<\/p>\n<p>[\/et_pb_blurb][et_pb_blurb title=&#8220;Monitoring and Alerting&#8220; use_icon=&#8220;on&#8220; font_icon=&#8220;&#x52;||divi||400&#8243; icon_placement=&#8220;left&#8220; image_icon_width=&#8220;100%&#8220; _builder_version=&#8220;4.20.2&#8243; _module_preset=&#8220;default&#8220; header_level=&#8220;h5&#8243; hover_enabled=&#8220;0&#8243; border_color_all_image=&#8220;#107095&#8243; global_colors_info=&#8220;{}&#8220; sticky_enabled=&#8220;0&#8243; content_max_width=&#8220;900px&#8220;]<\/p>\n<p style=\"text-align: justify;\">Du richtest das Monitoring unserer Services ein und k\u00fcmmerst dich um ein zuverl\u00e4ssiges Alerting, insbesondere f\u00fcr die Services, die in deinem Verantwortungsbereich liegen.<\/p>\n<p>[\/et_pb_blurb][et_pb_blurb title=&#8220;Tech Stack&#8220; use_icon=&#8220;on&#8220; font_icon=&#8220;&#x52;||divi||400&#8243; icon_placement=&#8220;left&#8220; image_icon_width=&#8220;100%&#8220; _builder_version=&#8220;4.20.2&#8243; _module_preset=&#8220;default&#8220; header_level=&#8220;h5&#8243; hover_enabled=&#8220;0&#8243; border_color_all_image=&#8220;#107095&#8243; global_colors_info=&#8220;{}&#8220; sticky_enabled=&#8220;0&#8243; content_max_width=&#8220;900px&#8220;]<\/p>\n<p style=\"text-align: justify;\">Unser Technologie-Stack umfasst mehrere MySQL-Server, Redis\/KeyDB-Instanzen, LavinMQ\/RabbitMQ, Google Cloud Storage, Kubernetes (GKE) und andere Google Cloud Platform-Dienste.<\/p>\n<p>[\/et_pb_blurb][\/et_pb_column][\/et_pb_row][et_pb_row admin_label=&#8220;About Us Area&#8220; _builder_version=&#8220;4.20.2&#8243; custom_padding=&#8220;||56px|||&#8220; border_width_top=&#8220;1px&#8220; border_color_top=&#8220;#E2EEFB&#8220; global_colors_info=&#8220;{}&#8220;][et_pb_column type=&#8220;4_4&#8243; _builder_version=&#8220;4.16&#8243; custom_padding=&#8220;|||&#8220; global_colors_info=&#8220;{}&#8220; custom_padding__hover=&#8220;|||&#8220;][et_pb_text _builder_version=&#8220;4.20.2&#8243; custom_margin=&#8220;10px||20px|||&#8220; global_colors_info=&#8220;{}&#8220;]<\/p>\n<h1 style=\"text-align: center;\"><strong>Warum Smart Pricer?<\/strong><\/h1>\n<p style=\"text-align: center;\">\n<p>[\/et_pb_text][et_pb_text _builder_version=&#8220;4.20.2&#8243; hover_enabled=&#8220;0&#8243; global_colors_info=&#8220;{}&#8220; sticky_enabled=&#8220;0&#8243;]<\/p>\n<p style=\"text-align: center;\"><span>Diese Rolle bietet dir die perfekte Gelegenheit, dein tiefgehendes technisches Know-how mit strategischer Wirkung zu verbinden. Hier entwickelst du nicht nur Anwendungen \u2013 du gestaltest die Benutzererfahrung aktiv mit und tr\u00e4gst entscheidend zum Erfolg unserer Kunden bei. Gemeinsam treiben wir die Revolution der Preisgestaltung in der <\/span>Sport- und Eventbranche<span> voran \u2013 mit bahnbrechenden L\u00f6sungen, modernster Technologie und einem klaren Fokus auf Innovation.<\/span><\/p>\n<p>[\/et_pb_text][\/et_pb_column][\/et_pb_row][et_pb_row column_structure=&#8220;1_2,1_2&#8243; _builder_version=&#8220;4.20.2&#8243; _module_preset=&#8220;default&#8220; custom_margin=&#8220;1px|auto||auto||&#8220; custom_padding=&#8220;44px|||||&#8220; border_width_top=&#8220;1px&#8220; border_color_top=&#8220;#E2EEFB&#8220; global_colors_info=&#8220;{}&#8220;][et_pb_column type=&#8220;1_2&#8243; _builder_version=&#8220;4.20.2&#8243; _module_preset=&#8220;default&#8220; global_colors_info=&#8220;{}&#8220;][et_pb_blurb title=&#8220;DU PASST ZU UNS, WENN DU&#8230;&#8220; use_icon=&#8220;on&#8220; font_icon=&#8220;&#xf0a4;||fa||400&#8243; icon_placement=&#8220;left&#8220; image_icon_width=&#8220;200%&#8220; _builder_version=&#8220;4.20.2&#8243; _module_preset=&#8220;default&#8220; header_level=&#8220;h3&#8243; border_color_all_image=&#8220;#107095&#8243; global_colors_info=&#8220;{}&#8220;][\/et_pb_blurb][et_pb_blurb icon_placement=&#8220;left&#8220; image_icon_width=&#8220;100%&#8220; _builder_version=&#8220;4.20.2&#8243; _module_preset=&#8220;default&#8220; header_level=&#8220;h5&#8243; border_color_all_image=&#8220;#107095&#8243; global_colors_info=&#8220;{}&#8220;]<\/p>\n<ul>\n<li>ein:e Teamplayer:in bist, der:die andere unterst\u00fctzt und gemeinsam mit dem Team nach den besten L\u00f6sungen sucht.<\/li>\n<\/ul>\n<p>[\/et_pb_blurb][et_pb_blurb icon_placement=&#8220;left&#8220; image_icon_width=&#8220;100%&#8220; _builder_version=&#8220;4.20.2&#8243; _module_preset=&#8220;default&#8220; header_level=&#8220;h5&#8243; custom_margin=&#8220;-33px|||||&#8220; border_color_all_image=&#8220;#107095&#8243; global_colors_info=&#8220;{}&#8220;]<\/p>\n<ul>\n<li>daran glaubst, dass die smartesten Ideen gewinnen \u2013 unabh\u00e4ngig vom Titel.<\/li>\n<\/ul>\n<p>[\/et_pb_blurb][et_pb_blurb icon_placement=&#8220;left&#8220; image_icon_width=&#8220;100%&#8220; _builder_version=&#8220;4.20.2&#8243; _module_preset=&#8220;default&#8220; header_level=&#8220;h5&#8243; custom_margin=&#8220;-33px|||||&#8220; border_color_all_image=&#8220;#107095&#8243; global_colors_info=&#8220;{}&#8220;]<\/p>\n<ul>\n<li>keine Angst vor Fehlern hast, sondern diese als Chance f\u00fcr pers\u00f6nliches Wachstum<\/li>\n<\/ul>\n<p>[\/et_pb_blurb][et_pb_blurb icon_placement=&#8220;left&#8220; image_icon_width=&#8220;100%&#8220; _builder_version=&#8220;4.20.2&#8243; _module_preset=&#8220;default&#8220; header_level=&#8220;h5&#8243; custom_margin=&#8220;-33px|||||&#8220; border_color_all_image=&#8220;#107095&#8243; global_colors_info=&#8220;{}&#8220;]<\/p>\n<ul>\n<li>den Status-quo immer wieder hinterfragst, damit wir als Team noch besser werden.<\/li>\n<\/ul>\n<p>[\/et_pb_blurb][et_pb_blurb icon_placement=&#8220;left&#8220; image_icon_width=&#8220;100%&#8220; _builder_version=&#8220;4.20.2&#8243; _module_preset=&#8220;default&#8220; header_level=&#8220;h5&#8243; custom_margin=&#8220;-33px|||||&#8220; border_color_all_image=&#8220;#107095&#8243; global_colors_info=&#8220;{}&#8220;]<\/p>\n<ul>\n<li>gerne Verantwortung f\u00fcr deine Projekte \u00fcbernimmst, strategisch denkst und planst.<\/li>\n<\/ul>\n<p>[\/et_pb_blurb][et_pb_blurb icon_placement=&#8220;left&#8220; image_icon_width=&#8220;100%&#8220; _builder_version=&#8220;4.20.2&#8243; _module_preset=&#8220;default&#8220; header_level=&#8220;h5&#8243; custom_margin=&#8220;-33px|||||&#8220; border_color_all_image=&#8220;#107095&#8243; global_colors_info=&#8220;{}&#8220;]<\/p>\n<ul>\n<li>strukturiert und effizient arbeitest und dein Team an neuen Ideen und Prozessen teilhaben l\u00e4sst.<\/li>\n<\/ul>\n<p>[\/et_pb_blurb][et_pb_blurb icon_placement=&#8220;left&#8220; image_icon_width=&#8220;100%&#8220; _builder_version=&#8220;4.20.2&#8243; _module_preset=&#8220;default&#8220; header_level=&#8220;h5&#8243; custom_margin=&#8220;-33px|||||&#8220; border_color_all_image=&#8220;#107095&#8243; global_colors_info=&#8220;{}&#8220;]<\/p>\n<ul>\n<li>dich f\u00fcr die Bergbahn-, Sport- und Eventbranche begeistern kannst<\/li>\n<\/ul>\n<p>[\/et_pb_blurb][\/et_pb_column][et_pb_column type=&#8220;1_2&#8243; _builder_version=&#8220;4.20.2&#8243; _module_preset=&#8220;default&#8220; global_colors_info=&#8220;{}&#8220;][et_pb_blurb title=&#8220;DAS BIETEN WIR DIR&#8220; use_icon=&#8220;on&#8220; font_icon=&#8220;&#xe008;||divi||400&#8243; icon_placement=&#8220;left&#8220; image_icon_width=&#8220;200%&#8220; _builder_version=&#8220;4.20.2&#8243; _module_preset=&#8220;default&#8220; header_level=&#8220;h3&#8243; custom_margin=&#8220;||29px|||&#8220; border_color_all_image=&#8220;#107095&#8243; global_colors_info=&#8220;{}&#8220;][\/et_pb_blurb][et_pb_blurb icon_placement=&#8220;left&#8220; image_icon_width=&#8220;100%&#8220; _builder_version=&#8220;4.20.2&#8243; _module_preset=&#8220;default&#8220; header_level=&#8220;h5&#8243; border_color_all_image=&#8220;#107095&#8243; global_colors_info=&#8220;{}&#8220;]<\/p>\n<ul>\n<li>Eine einzigartige Teamatmosph\u00e4re: Einer f\u00fcr alle, alle f\u00fcr einen. Wir stehen f\u00fcreinander ein, helfen uns gegenseitig. Remote und vor Ort.<\/li>\n<\/ul>\n<p>[\/et_pb_blurb][et_pb_blurb icon_placement=&#8220;left&#8220; image_icon_width=&#8220;100%&#8220; _builder_version=&#8220;4.20.2&#8243; _module_preset=&#8220;default&#8220; header_level=&#8220;h5&#8243; custom_margin=&#8220;-33px|||||&#8220; border_color_all_image=&#8220;#107095&#8243; global_colors_info=&#8220;{}&#8220;]<\/p>\n<ul>\n<li>Regelm\u00e4\u00dfige Teamevents, wie j\u00e4hrliches Offsite<\/li>\n<\/ul>\n<p>[\/et_pb_blurb][et_pb_blurb icon_placement=&#8220;left&#8220; image_icon_width=&#8220;100%&#8220; _builder_version=&#8220;4.20.2&#8243; _module_preset=&#8220;default&#8220; header_level=&#8220;h5&#8243; custom_margin=&#8220;-33px|||||&#8220; border_color_all_image=&#8220;#107095&#8243; global_colors_info=&#8220;{}&#8220;]<\/p>\n<ul>\n<li>Monthly Team Lunch: Jeden ersten Dienstag des Monats laden wir dich zum Mittag ein<\/li>\n<\/ul>\n<p>[\/et_pb_blurb][et_pb_blurb icon_placement=&#8220;left&#8220; image_icon_width=&#8220;100%&#8220; _builder_version=&#8220;4.20.2&#8243; _module_preset=&#8220;default&#8220; header_level=&#8220;h5&#8243; custom_margin=&#8220;-33px|||||&#8220; border_color_all_image=&#8220;#107095&#8243; global_colors_info=&#8220;{}&#8220;]<\/p>\n<ul>\n<li>SP Academy: Alle zwei Wochen f\u00fcr regelm\u00e4\u00dfige Trainings mit dem gesamten Team.<\/li>\n<\/ul>\n<p>[\/et_pb_blurb][et_pb_blurb icon_placement=&#8220;left&#8220; image_icon_width=&#8220;100%&#8220; _builder_version=&#8220;4.20.2&#8243; _module_preset=&#8220;default&#8220; header_level=&#8220;h5&#8243; custom_margin=&#8220;-33px|||||&#8220; border_color_all_image=&#8220;#107095&#8243; global_colors_info=&#8220;{}&#8220;]<\/p>\n<ul>\n<li>Weitere fachliche und finanzielle Unterst\u00fctzung f\u00fcr deine individuellen Weiterbildungsziele.<\/li>\n<\/ul>\n<p>[\/et_pb_blurb][et_pb_blurb icon_placement=&#8220;left&#8220; image_icon_width=&#8220;100%&#8220; _builder_version=&#8220;4.20.2&#8243; _module_preset=&#8220;default&#8220; header_level=&#8220;h5&#8243; custom_margin=&#8220;-33px|||||&#8220; border_color_all_image=&#8220;#107095&#8243; global_colors_info=&#8220;{}&#8220;]<\/p>\n<ul>\n<li>Flexible Arbeitszeiten, sowie Homeoffice und Remote Work<\/li>\n<\/ul>\n<p>[\/et_pb_blurb][et_pb_blurb icon_placement=&#8220;left&#8220; image_icon_width=&#8220;100%&#8220; _builder_version=&#8220;4.20.2&#8243; _module_preset=&#8220;default&#8220; header_level=&#8220;h5&#8243; custom_margin=&#8220;-33px|||||&#8220; border_color_all_image=&#8220;#107095&#8243; global_colors_info=&#8220;{}&#8220;]<\/p>\n<ul>\n<li>Ein strukturiertes und umfassendes Onboarding, das dich optimal auf deine Aufgaben vorbereitet.<\/li>\n<\/ul>\n<p>[\/et_pb_blurb][et_pb_blurb icon_placement=&#8220;left&#8220; image_icon_width=&#8220;100%&#8220; _builder_version=&#8220;4.20.2&#8243; _module_preset=&#8220;default&#8220; header_level=&#8220;h5&#8243; custom_margin=&#8220;-33px|||||&#8220; border_color_all_image=&#8220;#107095&#8243; global_colors_info=&#8220;{}&#8220;]<\/p>\n<ul>\n<li>Regelm\u00e4\u00dfige 2-Way-Feedbacks, als Basis daf\u00fcr, dass sich deine Rolle mit deinen Skills und Lernzielen weiterentwickelt<\/li>\n<\/ul>\n<p>[\/et_pb_blurb][\/et_pb_column][\/et_pb_row][et_pb_row admin_label=&#8220;About Us Area&#8220; _builder_version=&#8220;4.20.2&#8243; global_colors_info=&#8220;{}&#8220;][et_pb_column type=&#8220;4_4&#8243; _builder_version=&#8220;4.16&#8243; custom_padding=&#8220;|||&#8220; global_colors_info=&#8220;{}&#8220; custom_padding__hover=&#8220;|||&#8220;][et_pb_text _builder_version=&#8220;4.20.2&#8243; text_font_size=&#8220;18px&#8220; custom_margin=&#8220;||0px|||&#8220; custom_padding=&#8220;25px|0px|28px|2px||&#8220; border_width_top=&#8220;1px&#8220; border_color_top=&#8220;#E2EEFB&#8220; global_colors_info=&#8220;{}&#8220;]<\/p>\n<p style=\"text-align: center;\"><strong><\/strong><\/p>\n<p style=\"text-align: center;\"><strong><\/strong><\/p>\n<p style=\"text-align: center;\"><strong><\/strong><\/p>\n<p style=\"text-align: center;\"><strong>PRICING zu revolutionieren ist eine Mission, aber keine einfache. Darum suchen wir Dich. Lass uns gemeinsam die Bergbahn-, <\/strong><strong>Sport- und Entertainment-Welt nachhaltig ver\u00e4ndern.<\/strong><\/p>\n<p>[\/et_pb_text][et_pb_text _builder_version=&#8220;4.20.2&#8243; custom_padding=&#8220;25px|0px|28px|2px||&#8220; border_color_top=&#8220;#E2EEFB&#8220; global_colors_info=&#8220;{}&#8220;]<\/p>\n<p style=\"text-align: center;\">Bist du bereit, mit uns die Zukunft zu gestalten? Dann lass uns gemeinsam durchstarten!<\/p>\n<p style=\"text-align: center;\">Sende deine Bewerbung an <a href=\"&#109;&#x61;i&#x6c;t&#111;&#x3a;&#108;&#x65;n&#97;&#x2e;&#108;&#x75;e&#x64;&#x74;&#107;&#x65;&#64;&#x73;m&#97;&#x72;&#116;&#x2d;p&#114;&#x69;&#99;&#x65;r&#46;&#x63;&#111;&#x6d;\">&#108;&#x65;n&#97;&#x2e;l&#117;&#x65;d&#116;&#x6b;e&#64;&#x73;&#109;&#x61;&#x72;&#116;&#x2d;&#x70;&#114;&#x69;c&#101;&#x72;&#46;&#99;&#x6f;m<\/a><\/p>\n<p style=\"text-align: center;\">Wir freuen uns auf Dich!<\/p>\n<p>[\/et_pb_text][et_pb_button button_url=&#8220;&#x6d;&#x61;&#x69;&#x6c;&#x74;&#x6f;&#x3a;&#x6c;&#x65;&#x6e;&#x61;&#x2e;&#x6c;&#x75;&#x65;&#x64;&#x74;&#x6b;&#x65;&#x40;&#x73;&#x6d;&#x61;&#x72;&#x74;&#x2d;&#x70;&#x72;&#x69;&#x63;&#x65;&#x72;&#x2e;&#x63;&#x6f;&#x6d;&#8220; button_text=&#8220;Bewirb dich jetzt&#8220; button_alignment=&#8220;center&#8220; _builder_version=&#8220;4.20.2&#8243; custom_margin=&#8220;||70px|&#8220; global_colors_info=&#8220;{}&#8220; button_text_size__hover_enabled=&#8220;off&#8220; button_one_text_size__hover_enabled=&#8220;off&#8220; button_two_text_size__hover_enabled=&#8220;off&#8220; button_text_color__hover_enabled=&#8220;off&#8220; button_one_text_color__hover_enabled=&#8220;off&#8220; button_two_text_color__hover_enabled=&#8220;off&#8220; button_border_width__hover_enabled=&#8220;off&#8220; button_one_border_width__hover_enabled=&#8220;off&#8220; button_two_border_width__hover_enabled=&#8220;off&#8220; button_border_color__hover_enabled=&#8220;off&#8220; button_one_border_color__hover_enabled=&#8220;off&#8220; button_two_border_color__hover_enabled=&#8220;off&#8220; button_border_radius__hover_enabled=&#8220;off&#8220; button_one_border_radius__hover_enabled=&#8220;off&#8220; button_two_border_radius__hover_enabled=&#8220;off&#8220; button_letter_spacing__hover_enabled=&#8220;off&#8220; button_one_letter_spacing__hover_enabled=&#8220;off&#8220; button_two_letter_spacing__hover_enabled=&#8220;off&#8220; button_bg_color__hover_enabled=&#8220;off&#8220; button_one_bg_color__hover_enabled=&#8220;off&#8220; button_two_bg_color__hover_enabled=&#8220;off&#8220;][\/et_pb_button][et_pb_text _builder_version=&#8220;4.16&#8243; text_font=&#8220;||||||||&#8220; text_font_size=&#8220;14px&#8220; link_option_url=&#8220;https:\/\/www.smart-pricer.com\/de\/jobs\/&#8220; global_colors_info=&#8220;{}&#8220;]<a style=\"border-bottom: 1px dotted;\" href=\"https:\/\/www.smart-pricer.com\/de\/jobs\/\">Zur\u00fcck zu den offenen Stellen<\/a><br \/>\n[\/et_pb_text][\/et_pb_column][\/et_pb_row][\/et_pb_section]<\/p>\n","protected":false},"excerpt":{"rendered":"<p>Full Stack Developer (m\/w\/d) Smart Pricer ist das f\u00fchrende Unternehmen f\u00fcr die Optimierung von Ticketpreisen in Europa Smart Pricer ist das f\u00fchrende Unternehmen f\u00fcr die Optimierung von Ticketpreisen in Europa. Wir sind stolz darauf, mit f\u00fchrenden Skigebieten wie S\u00f6lden, Ski amade und Zermatt sowie im Sport und Entertainment Playern wie dem FC Bayern M\u00fcnchen, der [&hellip;]<\/p>\n","protected":false},"author":1,"featured_media":0,"parent":2477,"menu_order":0,"comment_status":"closed","ping_status":"closed","template":"","meta":{"_et_pb_use_builder":"on","_et_pb_old_content":"","_et_gb_content_width":"","inline_featured_image":false,"footnotes":""},"class_list":["post-15914","page","type-page","status-publish","hentry"],"_links":{"self":[{"href":"https:\/\/www.smart-pricer.com\/de\/wp-json\/wp\/v2\/pages\/15914","targetHints":{"allow":["GET"]}}],"collection":[{"href":"https:\/\/www.smart-pricer.com\/de\/wp-json\/wp\/v2\/pages"}],"about":[{"href":"https:\/\/www.smart-pricer.com\/de\/wp-json\/wp\/v2\/types\/page"}],"author":[{"embeddable":true,"href":"https:\/\/www.smart-pricer.com\/de\/wp-json\/wp\/v2\/users\/1"}],"replies":[{"embeddable":true,"href":"https:\/\/www.smart-pricer.com\/de\/wp-json\/wp\/v2\/comments?post=15914"}],"version-history":[{"count":2,"href":"https:\/\/www.smart-pricer.com\/de\/wp-json\/wp\/v2\/pages\/15914\/revisions"}],"predecessor-version":[{"id":15916,"href":"https:\/\/www.smart-pricer.com\/de\/wp-json\/wp\/v2\/pages\/15914\/revisions\/15916"}],"up":[{"embeddable":true,"href":"https:\/\/www.smart-pricer.com\/de\/wp-json\/wp\/v2\/pages\/2477"}],"wp:attachment":[{"href":"https:\/\/www.smart-pricer.com\/de\/wp-json\/wp\/v2\/media?parent=15914"}],"curies":[{"name":"wp","href":"https:\/\/api.w.org\/{rel}","templated":true}]}}