{"id":15820,"date":"2024-12-04T14:37:28","date_gmt":"2024-12-04T14:37:28","guid":{"rendered":"https:\/\/www.smart-pricer.com\/?page_id=15820"},"modified":"2024-12-06T09:21:31","modified_gmt":"2024-12-06T09:21:31","slug":"data-scientist-m-w-d","status":"publish","type":"page","link":"https:\/\/www.smart-pricer.com\/de\/jobs\/data-scientist-m-w-d\/","title":{"rendered":"Data Scientist (m\/w\/d)"},"content":{"rendered":"<p>[et_pb_section fb_built=&#8220;1&#8243; module_class=&#8220;homepage-hero-section&#8220; _builder_version=&#8220;4.20.2&#8243; use_background_color_gradient=&#8220;on&#8220; background_color_gradient_direction=&#8220;135deg&#8220; background_color_gradient_stops=&#8220;#093c50 0%|rgba(255,255,255,0) 54%&#8220; background_color_gradient_overlays_image=&#8220;on&#8220; background_color_gradient_start=&#8220;#107095&#8243; background_color_gradient_end=&#8220;rgba(21,147,195,0.5)&#8220; background_image=&#8220;https:\/\/www.smart-pricer.com\/wp-content\/uploads\/HR-BAckground-picture_Ski.jpg&#8220; custom_padding=&#8220;11.4%||11.4%||true|false&#8220; bottom_divider_color=&#8220;#107095&#8243; bottom_divider_height=&#8220;150px&#8220; bottom_divider_flip=&#8220;horizontal&#8220; global_colors_info=&#8220;{}&#8220;][et_pb_row padding_top_bottom_link_2=&#8220;true&#8220; padding_left_right_link_2=&#8220;true&#8220; admin_label=&#8220;Hero Area&#8220; _builder_version=&#8220;4.16&#8243; background_size=&#8220;initial&#8220; background_position=&#8220;top_left&#8220; background_repeat=&#8220;repeat&#8220; module_alignment=&#8220;center&#8220; custom_margin=&#8220;|auto||319px||&#8220; custom_padding=&#8220;|||0px||&#8220; global_colors_info=&#8220;{}&#8220;][et_pb_column type=&#8220;4_4&#8243; _builder_version=&#8220;4.16&#8243; custom_padding=&#8220;|||&#8220; custom_padding_tablet=&#8220;0px|||&#8220; custom_padding_last_edited=&#8220;off|desktop&#8220; global_colors_info=&#8220;{}&#8220; padding_tablet=&#8220;0px|||&#8220; padding_last_edited=&#8220;off|desktop&#8220; custom_padding__hover=&#8220;|||&#8220;][et_pb_text _builder_version=&#8220;4.20.2&#8243; text_font_size=&#8220;18px&#8220; text_line_height=&#8220;2em&#8220; header_font_size=&#8220;46px&#8220; header_letter_spacing=&#8220;1px&#8220; header_line_height=&#8220;1.5em&#8220; background_layout=&#8220;dark&#8220; width=&#8220;94%&#8220; custom_margin=&#8220;||10px|1px||&#8220; custom_padding=&#8220;|||0px||&#8220; header_text_shadow_style=&#8220;preset2&#8243; global_colors_info=&#8220;{}&#8220;]<\/p>\n<h1 style=\"text-align: left;\"><strong>Data Scientist (m\/w\/d) <\/strong><\/h1>\n<p>[\/et_pb_text][et_pb_divider color=&#8220;#E75A24&#8243; divider_weight=&#8220;6px&#8220; _builder_version=&#8220;4.20.2&#8243; _module_preset=&#8220;default&#8220; width=&#8220;5%&#8220; global_colors_info=&#8220;{}&#8220;][\/et_pb_divider][\/et_pb_column][\/et_pb_row][\/et_pb_section][et_pb_section fb_built=&#8220;1&#8243; _builder_version=&#8220;4.16&#8243; global_colors_info=&#8220;{}&#8220;][et_pb_row admin_label=&#8220;About Us Area&#8220; _builder_version=&#8220;4.20.2&#8243; global_colors_info=&#8220;{}&#8220;][et_pb_column type=&#8220;4_4&#8243; _builder_version=&#8220;4.16&#8243; custom_padding=&#8220;|||&#8220; global_colors_info=&#8220;{}&#8220; custom_padding__hover=&#8220;|||&#8220;][et_pb_text _builder_version=&#8220;4.20.2&#8243; global_colors_info=&#8220;{}&#8220;]<\/p>\n<h1 style=\"text-align: center;\"><strong>Smart Pricer ist das f\u00fchrende Unternehmen f\u00fcr die Optimierung von Ticketpreisen in Europa<\/strong><\/h1>\n<p style=\"text-align: center;\">\n<p>[\/et_pb_text][et_pb_divider color=&#8220;#23b1e8&#8243; divider_position=&#8220;center&#8220; divider_weight=&#8220;6px&#8220; _builder_version=&#8220;4.20.2&#8243; max_width=&#8220;40px&#8220; module_alignment=&#8220;center&#8220; saved_tabs=&#8220;all&#8220; global_colors_info=&#8220;{}&#8220;][\/et_pb_divider][et_pb_text _builder_version=&#8220;4.20.2&#8243; global_colors_info=&#8220;{}&#8220;]<\/p>\n<p style=\"text-align: justify;\">Smart Pricer ist das f\u00fchrende Unternehmen f\u00fcr die Optimierung von Ticketpreisen in Europa. Wir sind stolz darauf, mit f\u00fchrenden Skigebieten wie S\u00f6lden, Ski amade und Zermatt sowie im Sport und Entertainment Playern wie dem FC Bayern M\u00fcnchen, der DEAG und mehr als 100 weiteren Kunden zusammenzuarbeiten. Um unsere Datenanalysen und dadurch unser Machine Learning- und Forecasting-Modelle auf das n\u00e4chste Level zu bringen, suchen wir dich \u2013 ab sofort in Berlin!<\/p>\n<p>[\/et_pb_text][et_pb_text _builder_version=&#8220;4.20.2&#8243; header_font_size=&#8220;36px&#8220; custom_padding=&#8220;21px|0px||||&#8220; border_width_top=&#8220;1px&#8220; border_color_top=&#8220;#E2EEFB&#8220; global_colors_info=&#8220;{}&#8220;]<\/p>\n<p>&nbsp;<\/p>\n<h1 style=\"text-align: center;\"><strong>Data Scientist (m\/w\/d)<\/strong><strong><\/strong>\u00a0<strong><\/strong><\/h1>\n<p>[\/et_pb_text][et_pb_divider color=&#8220;#23b1e8&#8243; divider_position=&#8220;center&#8220; divider_weight=&#8220;6px&#8220; _builder_version=&#8220;4.20.2&#8243; max_width=&#8220;40px&#8220; module_alignment=&#8220;center&#8220; saved_tabs=&#8220;all&#8220; global_colors_info=&#8220;{}&#8220;][\/et_pb_divider][et_pb_text _builder_version=&#8220;4.20.2&#8243; header_font_size=&#8220;36px&#8220; custom_padding=&#8220;|0px||||&#8220; global_colors_info=&#8220;{}&#8220;]<\/p>\n<p>Als Data Scientist:in bei Smart Pricer analysierst du komplexe Datens\u00e4tze und entwickelst Forecasting-Modelle\u00a0 f\u00fcr Simulationen, die die Grundlage unserer Pricing-Algorithmen bilden. Dabei setzt du intelligente L\u00f6sungen um, die Umsatzpotenziale maximieren und datengetriebene Entscheidungen f\u00f6rdern.<\/p>\n<p>Neben deiner technischen Expertise w\u00e4chst du in eine beratende Rolle hinein: Du unterst\u00fctzt das Commercial-Team mit datenbasierten Einblicken, \u00fcbersetzt Modell-Ergebnisse in umsetzbare Empfehlungen und bist Sparringspartner:in f\u00fcr Kund:innen bei Entscheidungen. Durch deine Arbeit baust du ein tiefes Verst\u00e4ndnis f\u00fcr die Preisgestaltung und deren Einfluss auf das Gesch\u00e4ft unserer Kund:innen auf. Gemeinsam mit dem Data-, DevOps- und Produktteam entwickelst du innovative L\u00f6sungen, die unsere datenbasierten Produkte und Services weiter verbessern und die Preisgestaltung in der Bergbahnen, Sport- und Eventbranche revolutionieren.<\/p>\n<p>[\/et_pb_text][\/et_pb_column][\/et_pb_row][et_pb_row column_structure=&#8220;1_2,1_2&#8243; admin_label=&#8220;About Us Area&#8220; _builder_version=&#8220;4.20.2&#8243; min_height=&#8220;619.3px&#8220; custom_margin=&#8220;31px|auto|31px|auto|true|&#8220; custom_padding=&#8220;||52px|||&#8220; global_colors_info=&#8220;{}&#8220;][et_pb_column type=&#8220;1_2&#8243; _builder_version=&#8220;4.16&#8243; custom_padding=&#8220;|||&#8220; global_colors_info=&#8220;{}&#8220; custom_padding__hover=&#8220;|||&#8220;][et_pb_text _builder_version=&#8220;4.20.2&#8243; custom_margin=&#8220;||21px|||&#8220; custom_padding=&#8220;||0px|||&#8220; global_colors_info=&#8220;{}&#8220;]<\/p>\n<h3 style=\"text-align: center;\">MUST HAVES<\/h3>\n<ul><\/ul>\n<p>[\/et_pb_text][et_pb_blurb title=&#8220;Erfahrungen&#8220; use_icon=&#8220;on&#8220; font_icon=&#8220;&#x52;||divi||400&#8243; icon_placement=&#8220;left&#8220; image_icon_width=&#8220;100%&#8220; _builder_version=&#8220;4.20.2&#8243; _module_preset=&#8220;default&#8220; header_level=&#8220;h5&#8243; border_color_all_image=&#8220;#107095&#8243; global_colors_info=&#8220;{}&#8220;]<\/p>\n<p>Mehrj\u00e4hrige Praxis in Data Science und statistischen Analysen, insbesondere im Forecasting, bei Simulationen und Time-Series Modeling sowie dem Einsatz von maschinellem Lernen. \u00a0<\/p>\n<p>[\/et_pb_blurb][et_pb_blurb title=&#8220;Tech-Stack&#8220; use_icon=&#8220;on&#8220; font_icon=&#8220;&#x52;||divi||400&#8243; icon_placement=&#8220;left&#8220; image_icon_width=&#8220;100%&#8220; _builder_version=&#8220;4.20.2&#8243; _module_preset=&#8220;default&#8220; header_level=&#8220;h5&#8243; border_color_all_image=&#8220;#107095&#8243; global_colors_info=&#8220;{}&#8220;]<\/p>\n<p>Expertenwissen in Python, SQL, GitHub und in der Erstellung von ETLs und Datenmodellen, sowie Erfahrung in ETL-Prozessen und Datenmodellierung.<\/p>\n<p>[\/et_pb_blurb][et_pb_blurb title=&#8220;Soft Skills&#8220; use_icon=&#8220;on&#8220; font_icon=&#8220;&#x52;||divi||400&#8243; icon_placement=&#8220;left&#8220; image_icon_width=&#8220;100%&#8220; _builder_version=&#8220;4.20.2&#8243; _module_preset=&#8220;default&#8220; header_level=&#8220;h5&#8243; border_color_all_image=&#8220;#107095&#8243; global_colors_info=&#8220;{}&#8220;]<\/p>\n<p>F\u00e4higkeit, komplexe Ergebnisse klar und verst\u00e4ndlich intern sowie extern zu vermitteln.<\/p>\n<p>[\/et_pb_blurb][et_pb_blurb title=&#8220;Wachstumsambitionen&#8220; use_icon=&#8220;on&#8220; font_icon=&#8220;&#x52;||divi||400&#8243; icon_placement=&#8220;left&#8220; image_icon_width=&#8220;100%&#8220; _builder_version=&#8220;4.20.2&#8243; _module_preset=&#8220;default&#8220; header_level=&#8220;h5&#8243; border_color_all_image=&#8220;#107095&#8243; global_colors_info=&#8220;{}&#8220;]<\/p>\n<p>Interesse daran, die <strong>eigene technische Expertise<\/strong> auszubauen und in <strong>beratende T\u00e4tigkeiten<\/strong><\/p>\n<p>[\/et_pb_blurb][\/et_pb_column][et_pb_column type=&#8220;1_2&#8243; _builder_version=&#8220;4.20.2&#8243; _module_preset=&#8220;default&#8220; global_colors_info=&#8220;{}&#8220;][et_pb_text _builder_version=&#8220;4.20.2&#8243; custom_margin=&#8220;||21px|||&#8220; custom_padding=&#8220;||14px|||&#8220; global_colors_info=&#8220;{}&#8220;]<\/p>\n<h3 style=\"text-align: center;\">NICE TO HAVE<\/h3>\n<p>[\/et_pb_text][et_pb_blurb title=&#8220;Kund:innenfokus&#8220; use_icon=&#8220;on&#8220; font_icon=&#8220;&#x54;||divi||400&#8243; icon_placement=&#8220;left&#8220; image_icon_width=&#8220;100%&#8220; _builder_version=&#8220;4.20.2&#8243; _module_preset=&#8220;default&#8220; header_level=&#8220;h5&#8243; border_color_all_image=&#8220;#107095&#8243; global_colors_info=&#8220;{}&#8220;]<\/p>\n<p>Freude daran, Analyseergebnisse in Kundengespr\u00e4chen zu pr\u00e4sentieren und datenbasierte Strategien gemeinsam weiterzuentwickeln.<\/p>\n<p>[\/et_pb_blurb][et_pb_blurb title=&#8220;Hintergrund&#8220; use_icon=&#8220;on&#8220; font_icon=&#8220;&#x54;||divi||400&#8243; icon_placement=&#8220;left&#8220; image_icon_width=&#8220;100%&#8220; _builder_version=&#8220;4.20.2&#8243; _module_preset=&#8220;default&#8220; header_level=&#8220;h5&#8243; border_color_all_image=&#8220;#107095&#8243; global_colors_info=&#8220;{}&#8220;]<\/p>\n<p>Studium in Statistik, Informatik, Mathematik oder einer vergleichbaren Disziplin.<\/p>\n<p>[\/et_pb_blurb][\/et_pb_column][\/et_pb_row][et_pb_row admin_label=&#8220;About Us Area&#8220; _builder_version=&#8220;4.20.2&#8243; custom_padding=&#8220;||56px|||&#8220; border_width_top=&#8220;1px&#8220; border_color_top=&#8220;#E2EEFB&#8220; global_colors_info=&#8220;{}&#8220;][et_pb_column type=&#8220;4_4&#8243; _builder_version=&#8220;4.16&#8243; custom_padding=&#8220;|||&#8220; global_colors_info=&#8220;{}&#8220; custom_padding__hover=&#8220;|||&#8220;][et_pb_text _builder_version=&#8220;4.20.2&#8243; custom_margin=&#8220;10px||20px|||&#8220; global_colors_info=&#8220;{}&#8220;]<\/p>\n<h1 style=\"text-align: center;\"><strong>Warum Smart Pricer?<\/strong><\/h1>\n<p style=\"text-align: center;\">\n<p>[\/et_pb_text][et_pb_text _builder_version=&#8220;4.20.2&#8243; global_colors_info=&#8220;{}&#8220;]<\/p>\n<p style=\"text-align: center;\">Diese Rolle bietet die perfekte Gelegenheit f\u00fcr Data Scientists, die ihre technische Expertise mit strategischem Impact kombinieren m\u00f6chten. Bei uns gestalten Sie nicht nur Algorithmen, sondern auch den Erfolg unserer Kund:innen aktiv mit. Gemeinsam treiben wir die Revolution der Preisgestaltung in der Sport- und Eventbranche voran \u2013 mit wegweisenden L\u00f6sungen, modernster Technologie und einem klaren Fokus auf Innovation.<\/p>\n<p>[\/et_pb_text][\/et_pb_column][\/et_pb_row][et_pb_row column_structure=&#8220;1_2,1_2&#8243; _builder_version=&#8220;4.20.2&#8243; _module_preset=&#8220;default&#8220; custom_margin=&#8220;1px|auto||auto||&#8220; custom_padding=&#8220;44px|||||&#8220; border_width_top=&#8220;1px&#8220; border_color_top=&#8220;#E2EEFB&#8220; global_colors_info=&#8220;{}&#8220;][et_pb_column type=&#8220;1_2&#8243; _builder_version=&#8220;4.20.2&#8243; _module_preset=&#8220;default&#8220; global_colors_info=&#8220;{}&#8220;][et_pb_blurb title=&#8220;DU PASST ZU UNS, WENN DU&#8230;&#8220; use_icon=&#8220;on&#8220; font_icon=&#8220;&#xf0a4;||fa||400&#8243; icon_placement=&#8220;left&#8220; image_icon_width=&#8220;200%&#8220; _builder_version=&#8220;4.20.2&#8243; _module_preset=&#8220;default&#8220; header_level=&#8220;h3&#8243; border_color_all_image=&#8220;#107095&#8243; global_colors_info=&#8220;{}&#8220;][\/et_pb_blurb][et_pb_blurb icon_placement=&#8220;left&#8220; image_icon_width=&#8220;100%&#8220; _builder_version=&#8220;4.20.2&#8243; _module_preset=&#8220;default&#8220; header_level=&#8220;h5&#8243; border_color_all_image=&#8220;#107095&#8243; global_colors_info=&#8220;{}&#8220;]<\/p>\n<ul>\n<li>ein:e Teamplayer:in bist, der:die andere unterst\u00fctzt und gemeinsam mit dem Team nach den besten L\u00f6sungen sucht.<\/li>\n<\/ul>\n<p>[\/et_pb_blurb][et_pb_blurb icon_placement=&#8220;left&#8220; image_icon_width=&#8220;100%&#8220; _builder_version=&#8220;4.20.2&#8243; _module_preset=&#8220;default&#8220; header_level=&#8220;h5&#8243; custom_margin=&#8220;-33px|||||&#8220; border_color_all_image=&#8220;#107095&#8243; global_colors_info=&#8220;{}&#8220;]<\/p>\n<ul>\n<li>daran glaubst, dass die smartesten Ideen gewinnen \u2013 unabh\u00e4ngig vom Titel.<\/li>\n<\/ul>\n<p>[\/et_pb_blurb][et_pb_blurb icon_placement=&#8220;left&#8220; image_icon_width=&#8220;100%&#8220; _builder_version=&#8220;4.20.2&#8243; _module_preset=&#8220;default&#8220; header_level=&#8220;h5&#8243; custom_margin=&#8220;-33px|||||&#8220; border_color_all_image=&#8220;#107095&#8243; global_colors_info=&#8220;{}&#8220;]<\/p>\n<ul>\n<li>keine Angst vor Fehlern hast, sondern diese als Chance f\u00fcr pers\u00f6nliches Wachstum<\/li>\n<\/ul>\n<p>[\/et_pb_blurb][et_pb_blurb icon_placement=&#8220;left&#8220; image_icon_width=&#8220;100%&#8220; _builder_version=&#8220;4.20.2&#8243; _module_preset=&#8220;default&#8220; header_level=&#8220;h5&#8243; custom_margin=&#8220;-33px|||||&#8220; border_color_all_image=&#8220;#107095&#8243; global_colors_info=&#8220;{}&#8220;]<\/p>\n<ul>\n<li>den Status-quo immer wieder hinterfragst, damit wir als Team noch besser werden.<\/li>\n<\/ul>\n<p>[\/et_pb_blurb][et_pb_blurb icon_placement=&#8220;left&#8220; image_icon_width=&#8220;100%&#8220; _builder_version=&#8220;4.20.2&#8243; _module_preset=&#8220;default&#8220; header_level=&#8220;h5&#8243; custom_margin=&#8220;-33px|||||&#8220; border_color_all_image=&#8220;#107095&#8243; global_colors_info=&#8220;{}&#8220;]<\/p>\n<ul>\n<li>gerne Verantwortung f\u00fcr deine Projekte \u00fcbernimmst, strategisch denkst und planst.<\/li>\n<\/ul>\n<p>[\/et_pb_blurb][et_pb_blurb icon_placement=&#8220;left&#8220; image_icon_width=&#8220;100%&#8220; _builder_version=&#8220;4.20.2&#8243; _module_preset=&#8220;default&#8220; header_level=&#8220;h5&#8243; custom_margin=&#8220;-33px|||||&#8220; border_color_all_image=&#8220;#107095&#8243; global_colors_info=&#8220;{}&#8220;]<\/p>\n<ul>\n<li>strukturiert und effizient arbeitest und dein Team an neuen Ideen und Prozessen teilhaben l\u00e4sst.<\/li>\n<\/ul>\n<p>[\/et_pb_blurb][et_pb_blurb icon_placement=&#8220;left&#8220; image_icon_width=&#8220;100%&#8220; _builder_version=&#8220;4.20.2&#8243; _module_preset=&#8220;default&#8220; header_level=&#8220;h5&#8243; custom_margin=&#8220;-33px|||||&#8220; border_color_all_image=&#8220;#107095&#8243; global_colors_info=&#8220;{}&#8220;]<\/p>\n<ul>\n<li>dich f\u00fcr die Bergbahn-, Sport- und Eventbranche begeistern kannst<\/li>\n<\/ul>\n<p>[\/et_pb_blurb][\/et_pb_column][et_pb_column type=&#8220;1_2&#8243; _builder_version=&#8220;4.20.2&#8243; _module_preset=&#8220;default&#8220; global_colors_info=&#8220;{}&#8220;][et_pb_blurb title=&#8220;DAS BIETEN WIR DIR&#8220; use_icon=&#8220;on&#8220; font_icon=&#8220;&#xe008;||divi||400&#8243; icon_placement=&#8220;left&#8220; image_icon_width=&#8220;200%&#8220; _builder_version=&#8220;4.20.2&#8243; _module_preset=&#8220;default&#8220; header_level=&#8220;h3&#8243; custom_margin=&#8220;||29px|||&#8220; border_color_all_image=&#8220;#107095&#8243; global_colors_info=&#8220;{}&#8220;][\/et_pb_blurb][et_pb_blurb icon_placement=&#8220;left&#8220; image_icon_width=&#8220;100%&#8220; _builder_version=&#8220;4.20.2&#8243; _module_preset=&#8220;default&#8220; header_level=&#8220;h5&#8243; border_color_all_image=&#8220;#107095&#8243; global_colors_info=&#8220;{}&#8220;]<\/p>\n<ul>\n<li>Eine einzigartige Teamatmosph\u00e4re: Einer f\u00fcr alle, alle f\u00fcr einen. Wir stehen f\u00fcreinander ein, helfen uns gegenseitig. Remote und vor Ort.<\/li>\n<\/ul>\n<p>[\/et_pb_blurb][et_pb_blurb icon_placement=&#8220;left&#8220; image_icon_width=&#8220;100%&#8220; _builder_version=&#8220;4.20.2&#8243; _module_preset=&#8220;default&#8220; header_level=&#8220;h5&#8243; custom_margin=&#8220;-33px|||||&#8220; border_color_all_image=&#8220;#107095&#8243; global_colors_info=&#8220;{}&#8220;]<\/p>\n<ul>\n<li>Regelm\u00e4\u00dfige Teamevents, wie j\u00e4hrliches Offsite<\/li>\n<\/ul>\n<p>[\/et_pb_blurb][et_pb_blurb icon_placement=&#8220;left&#8220; image_icon_width=&#8220;100%&#8220; _builder_version=&#8220;4.20.2&#8243; _module_preset=&#8220;default&#8220; header_level=&#8220;h5&#8243; custom_margin=&#8220;-33px|||||&#8220; border_color_all_image=&#8220;#107095&#8243; global_colors_info=&#8220;{}&#8220;]<\/p>\n<ul>\n<li>Monthly Team Lunch: Jeden ersten Dienstag des Monats laden wir dich zum Mittag ein<\/li>\n<\/ul>\n<p>[\/et_pb_blurb][et_pb_blurb icon_placement=&#8220;left&#8220; image_icon_width=&#8220;100%&#8220; _builder_version=&#8220;4.20.2&#8243; _module_preset=&#8220;default&#8220; header_level=&#8220;h5&#8243; custom_margin=&#8220;-33px|||||&#8220; border_color_all_image=&#8220;#107095&#8243; global_colors_info=&#8220;{}&#8220;]<\/p>\n<ul>\n<li>SP Academy: Alle zwei Wochen f\u00fcr regelm\u00e4\u00dfige Trainings mit dem gesamten Team.<\/li>\n<\/ul>\n<p>[\/et_pb_blurb][et_pb_blurb icon_placement=&#8220;left&#8220; image_icon_width=&#8220;100%&#8220; _builder_version=&#8220;4.20.2&#8243; _module_preset=&#8220;default&#8220; header_level=&#8220;h5&#8243; custom_margin=&#8220;-33px|||||&#8220; border_color_all_image=&#8220;#107095&#8243; global_colors_info=&#8220;{}&#8220;]<\/p>\n<ul>\n<li>Weitere fachliche und finanzielle Unterst\u00fctzung f\u00fcr deine individuellen Weiterbildungsziele.<\/li>\n<\/ul>\n<p>[\/et_pb_blurb][et_pb_blurb icon_placement=&#8220;left&#8220; image_icon_width=&#8220;100%&#8220; _builder_version=&#8220;4.20.2&#8243; _module_preset=&#8220;default&#8220; header_level=&#8220;h5&#8243; custom_margin=&#8220;-33px|||||&#8220; border_color_all_image=&#8220;#107095&#8243; global_colors_info=&#8220;{}&#8220;]<\/p>\n<ul>\n<li>Flexible Arbeitszeiten, sowie Homeoffice und Remote Work<\/li>\n<\/ul>\n<p>[\/et_pb_blurb][et_pb_blurb icon_placement=&#8220;left&#8220; image_icon_width=&#8220;100%&#8220; _builder_version=&#8220;4.20.2&#8243; _module_preset=&#8220;default&#8220; header_level=&#8220;h5&#8243; custom_margin=&#8220;-33px|||||&#8220; border_color_all_image=&#8220;#107095&#8243; global_colors_info=&#8220;{}&#8220;]<\/p>\n<ul>\n<li>Ein strukturiertes und umfassendes Onboarding, das dich optimal auf deine Aufgaben vorbereitet.<\/li>\n<\/ul>\n<p>[\/et_pb_blurb][et_pb_blurb icon_placement=&#8220;left&#8220; image_icon_width=&#8220;100%&#8220; _builder_version=&#8220;4.20.2&#8243; _module_preset=&#8220;default&#8220; header_level=&#8220;h5&#8243; custom_margin=&#8220;-33px|||||&#8220; border_color_all_image=&#8220;#107095&#8243; global_colors_info=&#8220;{}&#8220;]<\/p>\n<ul>\n<li>Regelm\u00e4\u00dfige 2-Way-Feedbacks, als Basis daf\u00fcr, dass sich deine Rolle mit deinen Skills und Lernzielen weiterentwickelt<\/li>\n<\/ul>\n<p>[\/et_pb_blurb][\/et_pb_column][\/et_pb_row][et_pb_row admin_label=&#8220;About Us Area&#8220; _builder_version=&#8220;4.20.2&#8243; global_colors_info=&#8220;{}&#8220;][et_pb_column type=&#8220;4_4&#8243; _builder_version=&#8220;4.16&#8243; custom_padding=&#8220;|||&#8220; global_colors_info=&#8220;{}&#8220; custom_padding__hover=&#8220;|||&#8220;][et_pb_text _builder_version=&#8220;4.20.2&#8243; custom_padding=&#8220;25px|0px|28px|2px||&#8220; hover_enabled=&#8220;0&#8243; border_width_top=&#8220;1px&#8220; border_color_top=&#8220;#E2EEFB&#8220; global_colors_info=&#8220;{}&#8220; text_font_size=&#8220;18px&#8220; sticky_enabled=&#8220;0&#8243; custom_margin=&#8220;||0px|||&#8220;]<\/p>\n<p style=\"text-align: center;\"><strong><\/strong><\/p>\n<p style=\"text-align: center;\"><strong><\/strong><\/p>\n<p style=\"text-align: center;\"><strong><\/strong><\/p>\n<p style=\"text-align: center;\"><strong>PRICING zu revolutionieren ist eine Mission, aber keine einfache. Darum suchen wir Dich. Lass uns gemeinsam die Bergbahn-, <\/strong><strong>Sport- und Entertainment-Welt nachhaltig ver\u00e4ndern.<\/strong><\/p>\n<p>[\/et_pb_text][et_pb_text _builder_version=&#8220;4.20.2&#8243; custom_padding=&#8220;25px|0px|28px|2px||&#8220; hover_enabled=&#8220;0&#8243; border_color_top=&#8220;#E2EEFB&#8220; global_colors_info=&#8220;{}&#8220; sticky_enabled=&#8220;0&#8243;]<\/p>\n<p style=\"text-align: center;\">Bist du bereit, mit uns die Zukunft zu gestalten? Dann lass uns gemeinsam durchstarten!<\/p>\n<p style=\"text-align: center;\">Sende deine Bewerbung an <a href=\"&#x6d;&#x61;&#105;lt&#x6f;&#x3a;&#108;&#101;n&#x61;&#x2e;&#108;&#117;e&#x64;&#x74;&#x6b;&#101;&#64;s&#x6d;&#x61;&#114;&#116;-&#x70;&#x72;&#105;&#99;e&#x72;&#x2e;&#99;&#111;m\">&#x6c;&#x65;&#110;a&#x2e;&#x6c;&#x75;&#101;d&#x74;&#x6b;&#x65;&#64;s&#x6d;&#x61;&#x72;&#116;-&#x70;&#x72;&#x69;&#99;e&#x72;&#x2e;&#x63;&#111;m<\/a><\/p>\n<p style=\"text-align: center;\">Wir freuen uns auf Dich!<\/p>\n<p>[\/et_pb_text][et_pb_button button_url=&#8220;&#109;&#x61;i&#x6c;&#x74;&#111;&#x3a;l&#101;&#x6e;&#97;&#x2e;l&#117;&#x65;d&#x74;k&#101;&#x40;s&#x6d;&#x61;&#114;&#x74;-&#112;&#x72;&#105;&#x63;e&#114;&#x2e;&#99;&#x6f;m&#8220; button_text=&#8220;Bewirb dich jetzt&#8220; button_alignment=&#8220;center&#8220; _builder_version=&#8220;4.20.2&#8243; custom_margin=&#8220;||70px|&#8220; global_colors_info=&#8220;{}&#8220; button_text_size__hover_enabled=&#8220;off&#8220; button_one_text_size__hover_enabled=&#8220;off&#8220; button_two_text_size__hover_enabled=&#8220;off&#8220; button_text_color__hover_enabled=&#8220;off&#8220; button_one_text_color__hover_enabled=&#8220;off&#8220; button_two_text_color__hover_enabled=&#8220;off&#8220; button_border_width__hover_enabled=&#8220;off&#8220; button_one_border_width__hover_enabled=&#8220;off&#8220; button_two_border_width__hover_enabled=&#8220;off&#8220; button_border_color__hover_enabled=&#8220;off&#8220; button_one_border_color__hover_enabled=&#8220;off&#8220; button_two_border_color__hover_enabled=&#8220;off&#8220; button_border_radius__hover_enabled=&#8220;off&#8220; button_one_border_radius__hover_enabled=&#8220;off&#8220; button_two_border_radius__hover_enabled=&#8220;off&#8220; button_letter_spacing__hover_enabled=&#8220;off&#8220; button_one_letter_spacing__hover_enabled=&#8220;off&#8220; button_two_letter_spacing__hover_enabled=&#8220;off&#8220; button_bg_color__hover_enabled=&#8220;off&#8220; button_one_bg_color__hover_enabled=&#8220;off&#8220; button_two_bg_color__hover_enabled=&#8220;off&#8220;][\/et_pb_button][et_pb_text _builder_version=&#8220;4.16&#8243; text_font=&#8220;||||||||&#8220; text_font_size=&#8220;14px&#8220; link_option_url=&#8220;https:\/\/www.smart-pricer.com\/de\/jobs\/&#8220; global_colors_info=&#8220;{}&#8220;]<a style=\"border-bottom: 1px dotted;\" href=\"https:\/\/www.smart-pricer.com\/de\/jobs\/\">Zur\u00fcck zu den offenen Stellen<\/a><br \/>\n[\/et_pb_text][\/et_pb_column][\/et_pb_row][\/et_pb_section]<\/p>\n","protected":false},"excerpt":{"rendered":"<p>Data Scientist (m\/w\/d) Smart Pricer ist das f\u00fchrende Unternehmen f\u00fcr die Optimierung von Ticketpreisen in Europa Smart Pricer ist das f\u00fchrende Unternehmen f\u00fcr die Optimierung von Ticketpreisen in Europa. Wir sind stolz darauf, mit f\u00fchrenden Skigebieten wie S\u00f6lden, Ski amade und Zermatt sowie im Sport und Entertainment Playern wie dem FC Bayern M\u00fcnchen, der DEAG [&hellip;]<\/p>\n","protected":false},"author":1,"featured_media":0,"parent":2477,"menu_order":0,"comment_status":"closed","ping_status":"closed","template":"","meta":{"_et_pb_use_builder":"on","_et_pb_old_content":"","_et_gb_content_width":"","inline_featured_image":false,"footnotes":""},"class_list":["post-15820","page","type-page","status-publish","hentry"],"_links":{"self":[{"href":"https:\/\/www.smart-pricer.com\/de\/wp-json\/wp\/v2\/pages\/15820","targetHints":{"allow":["GET"]}}],"collection":[{"href":"https:\/\/www.smart-pricer.com\/de\/wp-json\/wp\/v2\/pages"}],"about":[{"href":"https:\/\/www.smart-pricer.com\/de\/wp-json\/wp\/v2\/types\/page"}],"author":[{"embeddable":true,"href":"https:\/\/www.smart-pricer.com\/de\/wp-json\/wp\/v2\/users\/1"}],"replies":[{"embeddable":true,"href":"https:\/\/www.smart-pricer.com\/de\/wp-json\/wp\/v2\/comments?post=15820"}],"version-history":[{"count":8,"href":"https:\/\/www.smart-pricer.com\/de\/wp-json\/wp\/v2\/pages\/15820\/revisions"}],"predecessor-version":[{"id":15865,"href":"https:\/\/www.smart-pricer.com\/de\/wp-json\/wp\/v2\/pages\/15820\/revisions\/15865"}],"up":[{"embeddable":true,"href":"https:\/\/www.smart-pricer.com\/de\/wp-json\/wp\/v2\/pages\/2477"}],"wp:attachment":[{"href":"https:\/\/www.smart-pricer.com\/de\/wp-json\/wp\/v2\/media?parent=15820"}],"curies":[{"name":"wp","href":"https:\/\/api.w.org\/{rel}","templated":true}]}}